{"id":54391,"date":"2025-11-18T07:59:58","date_gmt":"2025-11-18T05:59:58","guid":{"rendered":"https:\/\/agrozone.ee\/?post_type=product&#038;p=54391"},"modified":"2026-04-06T15:48:36","modified_gmt":"2026-04-06T13:48:36","slug":"peet-kornett","status":"publish","type":"product","link":"https:\/\/agrozone.ee\/fi\/tuote\/peet-kornett\/","title":{"rendered":"Peet \u2018Kornett\u2019"},"content":{"rendered":"<div class=\"paragraph-in-scc-markdown-text ___1ngh792 ftgm304 f1iaxwol\">Keskmise varajase valmimisajaga sort.<\/div>\n<div class=\"paragraph-in-scc-markdown-text ___1ngh792 ftgm304 f1iaxwol\">Saaki annab 70\u201385 p\u00e4eva p\u00e4rast k\u00fclvi.<\/div>\n<div class=\"paragraph-in-scc-markdown-text ___1ngh792 ftgm304 f1iaxwol\">Juurviljad on \u00fcmmargused ja tumepunased.<\/div>\n<div class=\"paragraph-in-scc-markdown-text ___1ngh792 ftgm304 f1iaxwol\">Soovitatav suviseks ja s\u00fcgiseks saagikoristuseks, sobib h\u00e4sti s\u00e4ilitamiseks.<\/div>\n<div class=\"paragraph-in-scc-markdown-text ___1ngh792 ftgm304 f1iaxwol\">Parim kasvupinnas on keskmise raskusega, s\u00fcgavalt haritud, happesuseta saviliivmuld.<\/div>\n<div><\/div>\n<div class=\"paragraph-in-scc-markdown-text ___1ngh792 ftgm304 f1iaxwol\"><strong>K\u00fclviaeg avamaale:<\/strong> IV\u2013VI<br \/>\n<strong>Istutuskaugus, cm:<\/strong> 25 \u00d7 10<br \/>\n<strong>Saagikoristus:<\/strong> VII\u2013IX<br \/>\n<strong>Kasvukoht:<\/strong> Avamaal<br \/>\n<strong>V\u00e4rvus:<\/strong> Bordo<br \/>\n<strong>Pakend:<\/strong> 2 g<br \/>\n<strong>Kasvutingimused:<\/strong> P\u00e4ikesepaisteline<\/div>\n","protected":false},"excerpt":{"rendered":"<p>Beta vulgaris L.<\/p>\n","protected":false},"featured_media":54394,"template":"","meta":{"_acf_changed":false,"_seopress_robots_primary_cat":"none","_seopress_titles_title":"","_seopress_titles_desc":"","_seopress_robots_index":"","_gspb_post_css":""},"product_brand":[2999],"product_cat":[15,88,388,87],"product_tag":[],"class_list":{"0":"post-54391","1":"product","2":"type-product","3":"status-publish","4":"has-post-thumbnail","6":"product_brand-organic-way","7":"product_cat-koik-kategooriad","8":"product_cat-koogiviljaseemned","9":"product_cat-peet","10":"product_cat-seemned","12":"first","13":"instock","14":"taxable","15":"shipping-taxable","16":"purchasable","17":"product-type-simple"},"ct_brands":[{"id":2999,"name":"Organic Way","slug":"organic-way"}],"acf":[],"_links":{"self":[{"href":"https:\/\/agrozone.ee\/fi\/wp-json\/wp\/v2\/product\/54391","targetHints":{"allow":["GET"]}}],"collection":[{"href":"https:\/\/agrozone.ee\/fi\/wp-json\/wp\/v2\/product"}],"about":[{"href":"https:\/\/agrozone.ee\/fi\/wp-json\/wp\/v2\/types\/product"}],"wp:featuredmedia":[{"embeddable":true,"href":"https:\/\/agrozone.ee\/fi\/wp-json\/wp\/v2\/media\/54394"}],"wp:attachment":[{"href":"https:\/\/agrozone.ee\/fi\/wp-json\/wp\/v2\/media?parent=54391"}],"wp:term":[{"taxonomy":"product_brand","embeddable":true,"href":"https:\/\/agrozone.ee\/fi\/wp-json\/wp\/v2\/product_brand?post=54391"},{"taxonomy":"product_cat","embeddable":true,"href":"https:\/\/agrozone.ee\/fi\/wp-json\/wp\/v2\/product_cat?post=54391"},{"taxonomy":"product_tag","embeddable":true,"href":"https:\/\/agrozone.ee\/fi\/wp-json\/wp\/v2\/product_tag?post=54391"}],"curies":[{"name":"wp","href":"https:\/\/api.w.org\/{rel}","templated":true}]}}