{"id":54395,"date":"2025-11-18T08:02:39","date_gmt":"2025-11-18T06:02:39","guid":{"rendered":"https:\/\/agrozone.ee\/?post_type=product&#038;p=54395"},"modified":"2025-11-18T10:49:58","modified_gmt":"2025-11-18T08:49:58","slug":"pugamisekaarid","status":"publish","type":"product","link":"https:\/\/agrozone.ee\/fi\/tuote\/pugamisekaarid\/","title":{"rendered":"P\u00fcgamisek\u00e4\u00e4rid"},"content":{"rendered":"<div>\n<p>Roostevabast terasest terad, kummist ergonoomiline k\u00e4epide, lihtne kasutada ja tugev l\u00f5ikev\u00f5ime.<br \/>\nIdeaalne erinevateks p\u00fcgamist\u00f6\u00f6deks.<br \/>\n<strong>T\u00e4helepanu:<\/strong> Hoidke t\u00f6\u00f6riist lastele k\u00e4ttesaamatus kohas ja kaitske s\u00f5rmi p\u00fcgamisel.<\/p>\n<\/div>\n","protected":false},"excerpt":{"rendered":"<p>Roostevabast terasest terad, kummist ergonoomiline k\u00e4epide, lihtne kasutada ja tugev l\u00f5ikev\u00f5ime. Ideaalne erinevateks p\u00fcgamist\u00f6\u00f6deks. T\u00e4helepanu: Hoidke t\u00f6\u00f6riist lastele k\u00e4ttesaamatus kohas ja kaitske s\u00f5rmi p\u00fcgamisel.<\/p>\n","protected":false},"featured_media":54398,"template":"","meta":{"_acf_changed":false,"_seopress_robots_primary_cat":"none","_seopress_titles_title":"","_seopress_titles_desc":"","_seopress_robots_index":"","_gspb_post_css":""},"product_brand":[2999],"product_cat":[149,15,1072,1387],"product_tag":[],"class_list":{"0":"post-54395","1":"product","2":"type-product","3":"status-publish","4":"has-post-thumbnail","6":"product_brand-organic-way","7":"product_cat-aiatarvikud","8":"product_cat-koik-kategooriad","9":"product_cat-oksakaarid","10":"product_cat-vaiksemad-aedniku-tooriistad","12":"first","13":"instock","14":"taxable","15":"shipping-taxable","16":"purchasable","17":"product-type-simple"},"ct_brands":[{"id":2999,"name":"Organic Way","slug":"organic-way"}],"acf":[],"_links":{"self":[{"href":"https:\/\/agrozone.ee\/fi\/wp-json\/wp\/v2\/product\/54395","targetHints":{"allow":["GET"]}}],"collection":[{"href":"https:\/\/agrozone.ee\/fi\/wp-json\/wp\/v2\/product"}],"about":[{"href":"https:\/\/agrozone.ee\/fi\/wp-json\/wp\/v2\/types\/product"}],"wp:featuredmedia":[{"embeddable":true,"href":"https:\/\/agrozone.ee\/fi\/wp-json\/wp\/v2\/media\/54398"}],"wp:attachment":[{"href":"https:\/\/agrozone.ee\/fi\/wp-json\/wp\/v2\/media?parent=54395"}],"wp:term":[{"taxonomy":"product_brand","embeddable":true,"href":"https:\/\/agrozone.ee\/fi\/wp-json\/wp\/v2\/product_brand?post=54395"},{"taxonomy":"product_cat","embeddable":true,"href":"https:\/\/agrozone.ee\/fi\/wp-json\/wp\/v2\/product_cat?post=54395"},{"taxonomy":"product_tag","embeddable":true,"href":"https:\/\/agrozone.ee\/fi\/wp-json\/wp\/v2\/product_tag?post=54395"}],"curies":[{"name":"wp","href":"https:\/\/api.w.org\/{rel}","templated":true}]}}