{"id":54432,"date":"2025-11-19T08:44:04","date_gmt":"2025-11-19T06:44:04","guid":{"rendered":"https:\/\/agrozone.ee\/?post_type=product&#038;p=54432"},"modified":"2025-11-19T08:44:05","modified_gmt":"2025-11-19T06:44:05","slug":"lillevaetis-500-ml","status":"publish","type":"product","link":"https:\/\/agrozone.ee\/fi\/tuote\/lillevaetis-500-ml\/","title":{"rendered":"Lillev\u00e4etis 500 ml"},"content":{"rendered":"<div class=\"paragraph-in-scc-markdown-text ___1ngh792 ftgm304 f1iaxwol\">Lillev\u00e4etis.<\/div>\n<div class=\"paragraph-in-scc-markdown-text ___1ngh792 ftgm304 f1iaxwol\">Spetsiaalselt tasakaalustatud v\u00e4etis k\u00f5ikidele lilledele \u2013 toataimedele, r\u00f5dulilledele ja \u00f5uetaimedele \u2013 \u00f5itsemise soodustamiseks, v\u00e4rvuse intensiivsuse t\u00f5stmiseks ja tervisliku kasvu toetamiseks.<\/div>\n<div class=\"paragraph-in-scc-markdown-text ___1ngh792 ftgm304 f1iaxwol\">Sobib \u00f5itsvatele taimedele ja neile, mis valmistuvad \u00f5itsema.<\/div>\n<div class=\"paragraph-in-scc-markdown-text ___1ngh792 ftgm304 f1iaxwol\">Aitab tagada pikaajalise ja rikkaliku \u00f5itsemise.<br \/>\nPFC 1(C)(I)(b)(ii).<\/div>\n<div class=\"paragraph-in-scc-markdown-text ___1ngh792 ftgm304 f1iaxwol\">KOMPLEKSNE VEDEL ANORGAANILINE MAKROTOITAINETE V\u00c4ETIS.<br \/>\nKoostise deklaratsioon:<\/div>\n<ul>\n<li class=\"___ccc16d0 fje8fi8 f1ng9h0j f1bwykku f18jd3zf\">kogul\u00e4mmastik (N) \u2013 5%<\/li>\n<li class=\"___ccc16d0 fje8fi8 f1ng9h0j f1bwykku f18jd3zf\">fosforpentoksiid (P\u2082O\u2085) \u2013 7%<\/li>\n<li class=\"___ccc16d0 fje8fi8 f1ng9h0j f1bwykku f18jd3zf\">vees lahustuv kaaliumoksiid (K\u2082O) \u2013 7%<\/li>\n<li class=\"___ccc16d0 fje8fi8 f1ng9h0j f1bwykku f18jd3zf\">mikrotoitained<\/li>\n<\/ul>\n","protected":false},"excerpt":{"rendered":"<p><strong>NPK:<\/strong> 5-7-7<\/p>\n","protected":false},"featured_media":54435,"template":"","meta":{"_acf_changed":false,"_seopress_robots_primary_cat":"","_seopress_titles_title":"","_seopress_titles_desc":"","_seopress_robots_index":"","_gspb_post_css":""},"product_brand":[2568],"product_cat":[15,68,531],"product_tag":[],"class_list":{"0":"post-54432","1":"product","2":"type-product","3":"status-publish","4":"has-post-thumbnail","6":"product_brand-agronom","7":"product_cat-koik-kategooriad","8":"product_cat-vaetised","9":"product_cat-vedelvaetis","11":"first","12":"instock","13":"taxable","14":"shipping-taxable","15":"purchasable","16":"product-type-simple"},"ct_brands":[{"id":2568,"name":"AGRONOM","slug":"agronom"}],"acf":[],"_links":{"self":[{"href":"https:\/\/agrozone.ee\/fi\/wp-json\/wp\/v2\/product\/54432","targetHints":{"allow":["GET"]}}],"collection":[{"href":"https:\/\/agrozone.ee\/fi\/wp-json\/wp\/v2\/product"}],"about":[{"href":"https:\/\/agrozone.ee\/fi\/wp-json\/wp\/v2\/types\/product"}],"wp:featuredmedia":[{"embeddable":true,"href":"https:\/\/agrozone.ee\/fi\/wp-json\/wp\/v2\/media\/54435"}],"wp:attachment":[{"href":"https:\/\/agrozone.ee\/fi\/wp-json\/wp\/v2\/media?parent=54432"}],"wp:term":[{"taxonomy":"product_brand","embeddable":true,"href":"https:\/\/agrozone.ee\/fi\/wp-json\/wp\/v2\/product_brand?post=54432"},{"taxonomy":"product_cat","embeddable":true,"href":"https:\/\/agrozone.ee\/fi\/wp-json\/wp\/v2\/product_cat?post=54432"},{"taxonomy":"product_tag","embeddable":true,"href":"https:\/\/agrozone.ee\/fi\/wp-json\/wp\/v2\/product_tag?post=54432"}],"curies":[{"name":"wp","href":"https:\/\/api.w.org\/{rel}","templated":true}]}}