{"id":54436,"date":"2025-11-19T09:02:56","date_gmt":"2025-11-19T07:02:56","guid":{"rendered":"https:\/\/agrozone.ee\/?post_type=product&#038;p=54436"},"modified":"2026-04-02T12:12:13","modified_gmt":"2026-04-02T10:12:13","slug":"lehttaimede-vaetis-500-ml","status":"publish","type":"product","link":"https:\/\/agrozone.ee\/fi\/tuote\/lehttaimede-vaetis-500-ml\/","title":{"rendered":"Lehttaimede v\u00e4etis 500 ml"},"content":{"rendered":"<div class=\"paragraph-in-scc-markdown-text ___1ngh792 ftgm304 f1iaxwol\">Lehetaimede v\u00e4etis.<\/div>\n<div class=\"paragraph-in-scc-markdown-text ___1ngh792 ftgm304 f1iaxwol\">M\u00f5eldud lehetaimedele \u2013 dekoratiivtaimedele, k\u00f6\u00f6giviljataimedele ja k\u00f5igile taimedele, mille dekoratiivv\u00e4\u00e4rtus s\u00f5ltub lopsakast ja eluj\u00f5ulisest lehestikust.<\/div>\n<div class=\"paragraph-in-scc-markdown-text ___1ngh792 ftgm304 f1iaxwol\">V\u00e4etis tagab kiire l\u00e4mmastiku toime, soodustab intensiivset lehtede arengut ning suurendab taimede vastupanuv\u00f5imet stressile ja haigustele.<\/div>\n<div class=\"paragraph-in-scc-markdown-text ___1ngh792 ftgm304 f1iaxwol\">Rikastatud magneesiumi ja mikroelementidega, et toetada optimaalset fotos\u00fcnteesi.<\/div>\n<div class=\"paragraph-in-scc-markdown-text ___1ngh792 ftgm304 f1iaxwol\"><strong>PFC 1(C)(I)(b)(ii). <\/strong><\/div>\n<div class=\"paragraph-in-scc-markdown-text ___1ngh792 ftgm304 f1iaxwol\"><strong>KOMPLEKSNE VEDEL MINERAALNE MAKROELEMENTIDEGA V\u00c4ETIS.<\/strong><br \/>\n<strong>Koostis:<\/strong><\/div>\n<ul>\n<li class=\"___ccc16d0 fje8fi8 f1ng9h0j f1bwykku f18jd3zf\">L\u00e4mmastik (N) \u2013 10%<\/li>\n<li class=\"___ccc16d0 fje8fi8 f1ng9h0j f1bwykku f18jd3zf\">Fosforpentoksiid (P\u2082O\u2085) \u2013 2%<\/li>\n<li class=\"___ccc16d0 fje8fi8 f1ng9h0j f1bwykku f18jd3zf\">Veega lahustuv kaaliumoksiid (K\u2082O) \u2013 5%<\/li>\n<li class=\"___ccc16d0 fje8fi8 f1ng9h0j f1bwykku f18jd3zf\">mikroelemendid<\/li>\n<\/ul>\n","protected":false},"excerpt":{"rendered":"<p><strong>NPK:<\/strong> 10-2-5<\/p>\n","protected":false},"featured_media":54439,"template":"","meta":{"_acf_changed":false,"_seopress_robots_primary_cat":"","_seopress_titles_title":"","_seopress_titles_desc":"","_seopress_robots_index":"","_gspb_post_css":""},"product_brand":[2568],"product_cat":[15,68,531],"product_tag":[],"class_list":{"0":"post-54436","1":"product","2":"type-product","3":"status-publish","4":"has-post-thumbnail","6":"product_brand-agronom","7":"product_cat-koik-kategooriad","8":"product_cat-vaetised","9":"product_cat-vedelvaetis","11":"first","12":"instock","13":"taxable","14":"shipping-taxable","15":"purchasable","16":"product-type-simple"},"ct_brands":[{"id":2568,"name":"AGRONOM","slug":"agronom"}],"acf":[],"_links":{"self":[{"href":"https:\/\/agrozone.ee\/fi\/wp-json\/wp\/v2\/product\/54436","targetHints":{"allow":["GET"]}}],"collection":[{"href":"https:\/\/agrozone.ee\/fi\/wp-json\/wp\/v2\/product"}],"about":[{"href":"https:\/\/agrozone.ee\/fi\/wp-json\/wp\/v2\/types\/product"}],"wp:featuredmedia":[{"embeddable":true,"href":"https:\/\/agrozone.ee\/fi\/wp-json\/wp\/v2\/media\/54439"}],"wp:attachment":[{"href":"https:\/\/agrozone.ee\/fi\/wp-json\/wp\/v2\/media?parent=54436"}],"wp:term":[{"taxonomy":"product_brand","embeddable":true,"href":"https:\/\/agrozone.ee\/fi\/wp-json\/wp\/v2\/product_brand?post=54436"},{"taxonomy":"product_cat","embeddable":true,"href":"https:\/\/agrozone.ee\/fi\/wp-json\/wp\/v2\/product_cat?post=54436"},{"taxonomy":"product_tag","embeddable":true,"href":"https:\/\/agrozone.ee\/fi\/wp-json\/wp\/v2\/product_tag?post=54436"}],"curies":[{"name":"wp","href":"https:\/\/api.w.org\/{rel}","templated":true}]}}