{"id":54440,"date":"2025-11-19T09:05:32","date_gmt":"2025-11-19T07:05:32","guid":{"rendered":"https:\/\/agrozone.ee\/?post_type=product&#038;p=54440"},"modified":"2026-04-06T06:52:53","modified_gmt":"2026-04-06T04:52:53","slug":"thuja-ja-okaspuuvaetis-500-ml","status":"publish","type":"product","link":"https:\/\/agrozone.ee\/fi\/tuote\/thuja-ja-okaspuuvaetis-500-ml\/","title":{"rendered":"Thuja- ja okaspuuv\u00e4etis 500 ml"},"content":{"rendered":"<div class=\"paragraph-in-scc-markdown-text ___1ngh792 ftgm304 f1iaxwol\">Thuja- ja okaspuuv\u00e4etis.<\/div>\n<div class=\"paragraph-in-scc-markdown-text ___1ngh792 ftgm304 f1iaxwol\">Spetsiaalselt v\u00e4lja t\u00f6\u00f6tatud v\u00e4etis elupuudele, kuuskedele, m\u00e4ndidele, kadakatele ja teistele okaspuudele.<\/div>\n<div class=\"paragraph-in-scc-markdown-text ___1ngh792 ftgm304 f1iaxwol\">Soodustab tervislikku kasvu, tagab tiheda v\u00f5ra, eluj\u00f5ulised okkad ja vastupidavuse stressile.<\/div>\n<div class=\"paragraph-in-scc-markdown-text ___1ngh792 ftgm304 f1iaxwol\">Koostis on rikastatud magneesiumi ja mikroelementidega, mis aitavad v\u00e4ltida okaste kolletumist ja toetavad klorof\u00fclli s\u00fcnteesi.<\/div>\n<div class=\"paragraph-in-scc-markdown-text ___1ngh792 ftgm304 f1iaxwol\"><strong>PFC 1(C)(I)(b)(ii). <\/strong><\/div>\n<div class=\"paragraph-in-scc-markdown-text ___1ngh792 ftgm304 f1iaxwol\"><strong>KOMPLEKSNE VEDEL MINERAALNE MAKROELEMENTIDEGA V\u00c4ETIS.<\/strong><br \/>\n<strong>Koostis:<\/strong><\/div>\n<ul>\n<li class=\"___ccc16d0 fje8fi8 f1ng9h0j f1bwykku f18jd3zf\">L\u00e4mmastik (N) \u2013 10%<\/li>\n<li class=\"___ccc16d0 fje8fi8 f1ng9h0j f1bwykku f18jd3zf\">Fosforpentoksiid (P\u2082O\u2085) \u2013 2%<\/li>\n<li class=\"___ccc16d0 fje8fi8 f1ng9h0j f1bwykku f18jd3zf\">Veega lahustuv kaaliumoksiid (K\u2082O) \u2013 5%<\/li>\n<li class=\"___ccc16d0 fje8fi8 f1ng9h0j f1bwykku f18jd3zf\">mikroelemendid<\/li>\n<\/ul>\n","protected":false},"excerpt":{"rendered":"<p>Thuja- ja okaspuuv\u00e4etis. Spetsiaalselt v\u00e4lja t\u00f6\u00f6tatud v\u00e4etis elupuudele, kuuskedele, m\u00e4ndidele, kadakatele ja teistele okaspuudele. Soodustab tervislikku kasvu, tagab tiheda v\u00f5ra, eluj\u00f5ulised okkad ja vastupidavuse stressile. Koostis on rikastatud magneesiumi ja mikroelementidega, mis aitavad v\u00e4ltida okaste kolletumist ja toetavad klorof\u00fclli s\u00fcnteesi. PFC 1(C)(I)(b)(ii). KOMPLEKSNE VEDEL MINERAALNE MAKROELEMENTIDEGA V\u00c4ETIS. Koostis: L\u00e4mmastik (N) \u2013 10% Fosforpentoksiid (P\u2082O\u2085) \u2013 [&hellip;]<\/p>\n","protected":false},"featured_media":54443,"template":"","meta":{"_acf_changed":false,"_seopress_robots_primary_cat":"","_seopress_titles_title":"","_seopress_titles_desc":"","_seopress_robots_index":"","_gspb_post_css":""},"product_brand":[2568],"product_cat":[15,68,531],"product_tag":[],"class_list":{"0":"post-54440","1":"product","2":"type-product","3":"status-publish","4":"has-post-thumbnail","6":"product_brand-agronom","7":"product_cat-koik-kategooriad","8":"product_cat-vaetised","9":"product_cat-vedelvaetis","11":"first","12":"instock","13":"taxable","14":"shipping-taxable","15":"purchasable","16":"product-type-simple"},"ct_brands":[{"id":2568,"name":"AGRONOM","slug":"agronom"}],"acf":[],"_links":{"self":[{"href":"https:\/\/agrozone.ee\/fi\/wp-json\/wp\/v2\/product\/54440","targetHints":{"allow":["GET"]}}],"collection":[{"href":"https:\/\/agrozone.ee\/fi\/wp-json\/wp\/v2\/product"}],"about":[{"href":"https:\/\/agrozone.ee\/fi\/wp-json\/wp\/v2\/types\/product"}],"wp:featuredmedia":[{"embeddable":true,"href":"https:\/\/agrozone.ee\/fi\/wp-json\/wp\/v2\/media\/54443"}],"wp:attachment":[{"href":"https:\/\/agrozone.ee\/fi\/wp-json\/wp\/v2\/media?parent=54440"}],"wp:term":[{"taxonomy":"product_brand","embeddable":true,"href":"https:\/\/agrozone.ee\/fi\/wp-json\/wp\/v2\/product_brand?post=54440"},{"taxonomy":"product_cat","embeddable":true,"href":"https:\/\/agrozone.ee\/fi\/wp-json\/wp\/v2\/product_cat?post=54440"},{"taxonomy":"product_tag","embeddable":true,"href":"https:\/\/agrozone.ee\/fi\/wp-json\/wp\/v2\/product_tag?post=54440"}],"curies":[{"name":"wp","href":"https:\/\/api.w.org\/{rel}","templated":true}]}}