{"id":54486,"date":"2025-11-12T10:53:00","date_gmt":"2025-11-12T08:53:00","guid":{"rendered":"https:\/\/agrozone.ee\/toode\/aurinkoenergialla-toimiva-myyrankarkotin-2-kpl\/"},"modified":"2025-11-12T10:53:00","modified_gmt":"2025-11-12T08:53:00","slug":"aurinkoenergialla-toimiva-myyrankarkotin-2-kpl","status":"publish","type":"product","link":"https:\/\/agrozone.ee\/fi\/tuote\/aurinkoenergialla-toimiva-myyrankarkotin-2-kpl\/","title":{"rendered":"Aurinkoenergialla toimiva myyr\u00e4nkarkotin (2 kpl)"},"content":{"rendered":"<p><b>MUUTTUVA \u00c4\u00c4NITAJUUS<\/b> \u2013 jyrsij\u00f6ill\u00e4 ei ole mahdollisuutta tottua \u00e4\u00e4nen taajuuteen; laite toimii vaihtelevalla taajuudella 400\u20131000 Hz. Karkottimen \u00e4\u00e4ni kuuluu 20 sekunnin v\u00e4lein, ja \u00e4\u00e4nen lis\u00e4ksi laite tuottaa my\u00f6s v\u00e4rin\u00e4\u00e4, joka lis\u00e4\u00e4 jyrsij\u00f6iden pelkoa entisest\u00e4\u00e4n. <\/p>\n<p><b>TOIMII YMP\u00c4RI VUOROKAUDEN (24\/7)<\/b> \u2013 l\u00e4hett\u00e4\u00e4 \u00e4\u00e4ni\u00e4 20 sekunnin v\u00e4lein, t\u00e4ysin huoltovapaa ja johdoton. Karkotin ker\u00e4\u00e4 p\u00e4iv\u00e4ll\u00e4 energiaa akkuihinsa ja varastoi sit\u00e4, jotta se voi toimia my\u00f6s pilvisin\u00e4 p\u00e4ivin\u00e4. <\/p>\n<p><b>S\u00c4\u00c4NKEST\u00c4V\u00c4<\/b> \u2013 Karkotin on vedenpit\u00e4v\u00e4, joten se ei pelk\u00e4\u00e4 \u00e4killisi\u00e4 l\u00e4mp\u00f6tilanvaihteluita tai sadetta. Alapuolella oleva kytkin on suojattu kumisella kannella, joka est\u00e4\u00e4 veden p\u00e4\u00e4syn laitteeseen \u2013 tuotteen vaurioitumisen riski\u00e4 ei ole. <\/p>\n<p><b>HAITATON IHMISILLE JA LEMMIKEL\u00c4IMILLE<\/b> \u2013 Vaikuttaa vain myyriin, vesimyyriin, hiiriin ja kontiaisel\u00e4imiin. Aluksi el\u00e4imet saattavat pel\u00e4sty\u00e4 ja niiden aktiivisuus voi hetkellisesti lis\u00e4\u00e4nty\u00e4, mutta muutaman p\u00e4iv\u00e4n k\u00e4yt\u00f6n j\u00e4lkeen ne poistuvat alueelta. Karkottimen tekniset tiedot:  <\/p>\n<ul>\n<li>Nopea vaikutus<\/li>\n<li>Mitat: 38 x 9,3 x 7,8 cm<\/li>\n<li>Toiminta-alue: 10 m\u00b2<\/li>\n<li>Materiaali: PP, ABS, PC, silikoni<\/li>\n<\/ul>\n","protected":false},"excerpt":{"rendered":"<p>MUUTTUVA \u00c4\u00c4NITAJUUS \u2013 jyrsij\u00f6ill\u00e4 ei ole mahdollisuutta tottua \u00e4\u00e4nen taajuuteen; laite toimii vaihtelevalla taajuudella 400\u20131000 Hz. Karkottimen \u00e4\u00e4ni kuuluu 20 sekunnin v\u00e4lein, ja \u00e4\u00e4nen lis\u00e4ksi laite tuottaa my\u00f6s v\u00e4rin\u00e4\u00e4, joka lis\u00e4\u00e4 jyrsij\u00f6iden pelkoa entisest\u00e4\u00e4n. TOIMII YMP\u00c4RI VUOROKAUDEN (24\/7) \u2013 l\u00e4hett\u00e4\u00e4 \u00e4\u00e4ni\u00e4 20 sekunnin v\u00e4lein, t\u00e4ysin huoltovapaa ja johdoton. Karkotin ker\u00e4\u00e4 p\u00e4iv\u00e4ll\u00e4 energiaa akkuihinsa ja varastoi [&hellip;]<\/p>\n","protected":false},"featured_media":57432,"template":"","meta":{"_acf_changed":false,"_seopress_robots_primary_cat":"","_seopress_titles_title":"","_seopress_titles_desc":"","_seopress_robots_index":"","_gspb_post_css":""},"product_brand":[],"product_cat":[2357,2392,2356],"product_tag":[],"class_list":{"0":"post-54486","1":"product","2":"type-product","3":"status-publish","4":"has-post-thumbnail","6":"product_cat-jyrsijoiden-torjunta","7":"product_cat-kaikki-luokat","8":"product_cat-puutarhan-ja-kasvien-suojelu","10":"first","11":"instock","12":"taxable","13":"shipping-taxable","14":"purchasable","15":"product-type-simple"},"ct_brands":[],"acf":[],"_links":{"self":[{"href":"https:\/\/agrozone.ee\/fi\/wp-json\/wp\/v2\/product\/54486","targetHints":{"allow":["GET"]}}],"collection":[{"href":"https:\/\/agrozone.ee\/fi\/wp-json\/wp\/v2\/product"}],"about":[{"href":"https:\/\/agrozone.ee\/fi\/wp-json\/wp\/v2\/types\/product"}],"wp:featuredmedia":[{"embeddable":true,"href":"https:\/\/agrozone.ee\/fi\/wp-json\/wp\/v2\/media\/57432"}],"wp:attachment":[{"href":"https:\/\/agrozone.ee\/fi\/wp-json\/wp\/v2\/media?parent=54486"}],"wp:term":[{"taxonomy":"product_brand","embeddable":true,"href":"https:\/\/agrozone.ee\/fi\/wp-json\/wp\/v2\/product_brand?post=54486"},{"taxonomy":"product_cat","embeddable":true,"href":"https:\/\/agrozone.ee\/fi\/wp-json\/wp\/v2\/product_cat?post=54486"},{"taxonomy":"product_tag","embeddable":true,"href":"https:\/\/agrozone.ee\/fi\/wp-json\/wp\/v2\/product_tag?post=54486"}],"curies":[{"name":"wp","href":"https:\/\/api.w.org\/{rel}","templated":true}]}}