{"id":54584,"date":"2025-11-27T09:25:30","date_gmt":"2025-11-27T07:25:30","guid":{"rendered":"https:\/\/agrozone.ee\/?post_type=product&#038;p=54584"},"modified":"2026-04-01T09:24:38","modified_gmt":"2026-04-01T07:24:38","slug":"tigude-torjegraanulid-ironmax-pro-3-kg","status":"publish","type":"product","link":"https:\/\/agrozone.ee\/fi\/tuote\/tigude-torjegraanulid-ironmax-pro-3-kg\/","title":{"rendered":"Tigude t\u00f5rjegraanulid Ironmax Pro 3 kg"},"content":{"rendered":"<p data-path-to-node=\"20,0\"><b data-path-to-node=\"20,0\" data-index-in-node=\"0\">Kaitse oma saaki n\u00e4lkjate r\u00fcnnaku eest!<\/b><\/p>\n<p data-path-to-node=\"20,1\">Oled vaeva n\u00e4inud, et kasvatada oma perele puhast toitu, kuid n\u00e4lkjad ja teod h\u00e4vitavad saagi? Ironmax Pro 3 kg on loodud spetsiaalselt hobiaednikule, kelle uhkuseks on lopsakas k\u00f6\u00f6giviljaaed ja viljakas kasvuhoone.<\/p>\n<p data-path-to-node=\"20,2\"><b data-path-to-node=\"20,2\" data-index-in-node=\"0\">Sinu k\u00f6\u00f6giviljaaia valvur:<\/b><\/p>\n<ul data-path-to-node=\"20,3\">\n<li>\n<p data-path-to-node=\"20,3,0,0\"><b data-path-to-node=\"20,3,0,0\" data-index-in-node=\"0\">100% Mahes\u00f5bralik:<\/b> V\u00f5id julgelt kasutada seda vahendit maasikate, tomatite ja lehtsalati vahel. Toimeaine laguneb mullas taimedele vajalikuks rauaks ja fosfaadiks.<\/p>\n<\/li>\n<li>\n<p data-path-to-node=\"20,3,1,0\"><b data-path-to-node=\"20,3,1,0\" data-index-in-node=\"0\">Vihmakindel kaitse:<\/b> Eesti suved on heitlikud. T\u00e4nu uuenduslikule tehnoloogiale ei lahustu need graanulid vihmaga, vaid p\u00fcsivad efektiivsena just siis, kui niiskust armastavad teod on k\u00f5ige aktiivsemad.<\/p>\n<\/li>\n<li>\n<p data-path-to-node=\"20,3,2,0\"><b data-path-to-node=\"20,3,2,0\" data-index-in-node=\"0\">Keskmine aed:<\/b> 3 kg pakend on optimaalne suurus keskmisele majapidamisele, kattes terve hooaja vajadused kasvuhoones ja peenardel.<\/p>\n<\/li>\n<\/ul>\n<p data-path-to-node=\"20,4\">S\u00f6\u00f6 oma aiasaadusi ise, \u00e4ra loovuta neid tigudele!<\/p>\n<h4><a href=\"https:\/\/agrozone.ee\/wp-content\/uploads\/2025\/06\/ironmax-pro-label.pdf\">INFOLEHT<\/a><\/h4>\n<h4><a href=\"https:\/\/agrozone.ee\/wp-content\/uploads\/2025\/10\/ironmaxpro_ohutuskaart.pdf\">OHUTUSKAART<\/a><\/h4>\n<p>&nbsp;<\/p>\n","protected":false},"excerpt":{"rendered":"<p>3 kg = 3900 m\u00b2<\/p>\n","protected":false},"featured_media":57578,"template":"","meta":{"_acf_changed":false,"_seopress_robots_primary_cat":"none","_seopress_titles_title":"Ironmax Pro 3kg \u2013 Looduslik kaitse k\u00f6\u00f6givilja- ja puuviljaaias","_seopress_titles_desc":"Kasvatad ise toitu? Ironmax Pro 3kg hoiab n\u00e4lkjad eemal sinu maasikatest, salatist ja kurgist. Sobib mahep\u00f5llumajandusse. Osta Agrozone'ist!","_seopress_robots_index":"","_gspb_post_css":""},"product_brand":[2906],"product_cat":[109,15,112],"product_tag":[],"class_list":{"0":"post-54584","1":"product","2":"type-product","3":"status-publish","4":"has-post-thumbnail","6":"product_brand-baltic-agro","7":"product_cat-aia-ja-taimede-kaitse","8":"product_cat-koik-kategooriad","9":"product_cat-taimekahjurite-torje","11":"first","12":"outofstock","13":"taxable","14":"shipping-taxable","15":"purchasable","16":"product-type-simple"},"ct_brands":[{"id":2906,"name":"Baltic Agro","slug":"baltic-agro"}],"acf":[],"_links":{"self":[{"href":"https:\/\/agrozone.ee\/fi\/wp-json\/wp\/v2\/product\/54584","targetHints":{"allow":["GET"]}}],"collection":[{"href":"https:\/\/agrozone.ee\/fi\/wp-json\/wp\/v2\/product"}],"about":[{"href":"https:\/\/agrozone.ee\/fi\/wp-json\/wp\/v2\/types\/product"}],"wp:featuredmedia":[{"embeddable":true,"href":"https:\/\/agrozone.ee\/fi\/wp-json\/wp\/v2\/media\/57578"}],"wp:attachment":[{"href":"https:\/\/agrozone.ee\/fi\/wp-json\/wp\/v2\/media?parent=54584"}],"wp:term":[{"taxonomy":"product_brand","embeddable":true,"href":"https:\/\/agrozone.ee\/fi\/wp-json\/wp\/v2\/product_brand?post=54584"},{"taxonomy":"product_cat","embeddable":true,"href":"https:\/\/agrozone.ee\/fi\/wp-json\/wp\/v2\/product_cat?post=54584"},{"taxonomy":"product_tag","embeddable":true,"href":"https:\/\/agrozone.ee\/fi\/wp-json\/wp\/v2\/product_tag?post=54584"}],"curies":[{"name":"wp","href":"https:\/\/api.w.org\/{rel}","templated":true}]}}