{"id":54594,"date":"2025-11-27T09:00:27","date_gmt":"2025-11-27T07:00:27","guid":{"rendered":"https:\/\/agrozone.ee\/toode\/etanatorjuntarakeet-ironmax-pro-1-kg\/"},"modified":"2026-02-12T12:10:26","modified_gmt":"2026-02-12T10:10:26","slug":"etanatorjuntarakeet-ironmax-pro-1-kg","status":"publish","type":"product","link":"https:\/\/agrozone.ee\/fi\/tuote\/etanatorjuntarakeet-ironmax-pro-1-kg\/","title":{"rendered":"Etanatorjuntarakeet Ironmax Pro 1 kg"},"content":{"rendered":"<p data-path-to-node=\"14,0\"><b data-path-to-node=\"14,0\" data-index-in-node=\"0\">Pid\u00e4 kotipihasi ja kukkapenkkisi puhtaina etanoista!<\/b><\/p>\n<p data-path-to-node=\"14,1\">Ironmax Pro 1 kg on ihanteellinen valinta kotipuutarhurille, joka haluaa suojata koristekasvejaan, parvekelaatikoitaan tai pient\u00e4 yrttipenkki\u00e4\u00e4n. Jos olet huomannut ensimm\u00e4iset sy\u00f6dyt lehdet kuunliljoissa tai salaateissa, t\u00e4m\u00e4 kompakti pakkaus on juuri sinulle. <\/p>\n<p data-path-to-node=\"14,2\"><b data-path-to-node=\"14,2\" data-index-in-node=\"0\">Miksi t\u00e4m\u00e4 on paras valinta kotipuutarhaan?<\/b><\/p>\n<ul data-path-to-node=\"14,3\">\n<li>\n<p data-path-to-node=\"14,3,0,0\"><b data-path-to-node=\"14,3,0,0\" data-index-in-node=\"0\">Lemmikkien suosikkivalinta:<\/b> Koska vaikuttava aine rauta(III)fosfaatti esiintyy luonnossa, se ei vaaranna koiraasi, kissaasi tai puutarhassa liikkuvia siilej\u00e4.<\/p>\n<\/li>\n<li>\n<p data-path-to-node=\"14,3,1,0\"><b data-path-to-node=\"14,3,1,0\" data-index-in-node=\"0\">Puhdas lopputulos:<\/b> Toisin kuin tavalliset myrkyt, Ironmax Pro ei j\u00e4t\u00e4 puutarhaan limaisia etanoiden j\u00e4\u00e4nteit\u00e4. Tuhoel\u00e4imet vet\u00e4ytyv\u00e4t maaper\u00e4\u00e4n sy\u00f6misen j\u00e4lkeen. <\/p>\n<\/li>\n<li>\n<p data-path-to-node=\"14,3,2,0\"><b data-path-to-node=\"14,3,2,0\" data-index-in-node=\"0\">Tarkka m\u00e4\u00e4r\u00e4:<\/b> T\u00e4m\u00e4 1 kg:n pakkaus riitt\u00e4\u00e4 kattamaan kriittiset alueet (n. 1300 m\u00b2) ja kokeilemaan tuotteen tehoa ilman suurta investointia.<\/p>\n<\/li>\n<\/ul>\n<p data-path-to-node=\"14,4\">Tee puutarhastasi j\u00e4lleen nautittava ja turvallinen paikka!<\/p>\n<h4><a href=\"https:\/\/agrozone.ee\/wp-content\/uploads\/2025\/06\/ironmax-pro-label.pdf\">TIETOLEHTI<\/a><\/h4>\n<h4><a href=\"https:\/\/agrozone.ee\/wp-content\/uploads\/2025\/10\/ironmaxpro_ohutuskaart.pdf\">TURVALLISUUSKORTTI<\/a><\/h4>\n<p>&nbsp;<\/p>\n","protected":false},"excerpt":{"rendered":"<p>1 kg = 1300 m\u00b2<\/p>\n","protected":false},"featured_media":56798,"template":"","meta":{"_acf_changed":false,"_seopress_robots_primary_cat":"none","_seopress_titles_title":"Ironmax Pro 1kg \u2013 Turvallinen etanatorjunta kotipuutarhaan ja parvekkeelle | Agrozone","_seopress_titles_desc":"Suojaa kukkasi ja yrttisi etanoilta. Ironmax Pro 1 kg on luontoyst\u00e4v\u00e4llinen ja lemmikeille turvallinen ratkaisu pienemp\u00e4\u00e4n puutarhaan. Tilaa t\u00e4st\u00e4!  ","_seopress_robots_index":"","_gspb_post_css":""},"product_brand":[],"product_cat":[2922,2392,2356,2360],"product_tag":[],"class_list":{"0":"post-54594","1":"product","2":"type-product","3":"status-publish","4":"has-post-thumbnail","6":"product_cat-tigude-torjunta","7":"product_cat-kaikki-luokat","8":"product_cat-puutarhan-ja-kasvien-suojelu","9":"product_cat-kasvintuholaisten-torjunta","11":"first","12":"instock","13":"featured","14":"taxable","15":"shipping-taxable","16":"purchasable","17":"product-type-simple"},"ct_brands":[],"acf":[],"_links":{"self":[{"href":"https:\/\/agrozone.ee\/fi\/wp-json\/wp\/v2\/product\/54594","targetHints":{"allow":["GET"]}}],"collection":[{"href":"https:\/\/agrozone.ee\/fi\/wp-json\/wp\/v2\/product"}],"about":[{"href":"https:\/\/agrozone.ee\/fi\/wp-json\/wp\/v2\/types\/product"}],"wp:featuredmedia":[{"embeddable":true,"href":"https:\/\/agrozone.ee\/fi\/wp-json\/wp\/v2\/media\/56798"}],"wp:attachment":[{"href":"https:\/\/agrozone.ee\/fi\/wp-json\/wp\/v2\/media?parent=54594"}],"wp:term":[{"taxonomy":"product_brand","embeddable":true,"href":"https:\/\/agrozone.ee\/fi\/wp-json\/wp\/v2\/product_brand?post=54594"},{"taxonomy":"product_cat","embeddable":true,"href":"https:\/\/agrozone.ee\/fi\/wp-json\/wp\/v2\/product_cat?post=54594"},{"taxonomy":"product_tag","embeddable":true,"href":"https:\/\/agrozone.ee\/fi\/wp-json\/wp\/v2\/product_tag?post=54594"}],"curies":[{"name":"wp","href":"https:\/\/api.w.org\/{rel}","templated":true}]}}