{"id":54802,"date":"2024-06-09T15:03:45","date_gmt":"2024-06-09T13:03:45","guid":{"rendered":"https:\/\/agrozone.ee\/toode\/kasisumutin-eros-2l\/"},"modified":"2024-06-09T15:03:45","modified_gmt":"2024-06-09T13:03:45","slug":"kasisumutin-eros-2l","status":"publish","type":"product","link":"https:\/\/agrozone.ee\/fi\/tuote\/kasisumutin-eros-2l\/","title":{"rendered":"K\u00e4sisumutin Eros 2l"},"content":{"rendered":"<p>K\u00e4sisumutin Eros 2 l on manuaalinen paineruisku puutarhat\u00f6ihin.<\/p>\n<p>&nbsp;<\/p>\n<h3>K\u00e4ytt\u00f6ohjeet<\/h3>\n<p>Paine keskim\u00e4\u00e4rin 2,5 bar. Eros 2 l -paineruiskun suutin on s\u00e4\u00e4dett\u00e4viss\u00e4 suoraksi suihkuksi tai sumuksi. Suurin virtaus suoralla suihkulla 0,4 l\/min ja sumulla 1,1 l\/min.  <\/p>\n","protected":false},"excerpt":{"rendered":"<p>K\u00e4sisumutin Eros 2 l on manuaalinen paineruisku puutarhat\u00f6ihin.<\/p>\n","protected":false},"featured_media":45237,"template":"","meta":{"_acf_changed":false,"_seopress_robots_primary_cat":"none","_seopress_titles_title":"","_seopress_titles_desc":"","_seopress_robots_index":"","_gspb_post_css":""},"product_brand":[],"product_cat":[2392,2363,2374],"product_tag":[],"class_list":{"0":"post-54802","1":"product","2":"type-product","3":"status-publish","4":"has-post-thumbnail","6":"product_cat-kaikki-luokat","7":"product_cat-puutarhatarvikkeet","8":"product_cat-ruiskut","10":"first","11":"instock","12":"sale","13":"taxable","14":"shipping-taxable","15":"purchasable","16":"product-type-simple"},"ct_brands":[],"acf":[],"_links":{"self":[{"href":"https:\/\/agrozone.ee\/fi\/wp-json\/wp\/v2\/product\/54802","targetHints":{"allow":["GET"]}}],"collection":[{"href":"https:\/\/agrozone.ee\/fi\/wp-json\/wp\/v2\/product"}],"about":[{"href":"https:\/\/agrozone.ee\/fi\/wp-json\/wp\/v2\/types\/product"}],"wp:featuredmedia":[{"embeddable":true,"href":"https:\/\/agrozone.ee\/fi\/wp-json\/wp\/v2\/media\/45237"}],"wp:attachment":[{"href":"https:\/\/agrozone.ee\/fi\/wp-json\/wp\/v2\/media?parent=54802"}],"wp:term":[{"taxonomy":"product_brand","embeddable":true,"href":"https:\/\/agrozone.ee\/fi\/wp-json\/wp\/v2\/product_brand?post=54802"},{"taxonomy":"product_cat","embeddable":true,"href":"https:\/\/agrozone.ee\/fi\/wp-json\/wp\/v2\/product_cat?post=54802"},{"taxonomy":"product_tag","embeddable":true,"href":"https:\/\/agrozone.ee\/fi\/wp-json\/wp\/v2\/product_tag?post=54802"}],"curies":[{"name":"wp","href":"https:\/\/api.w.org\/{rel}","templated":true}]}}