{"id":54803,"date":"2024-06-09T16:03:45","date_gmt":"2024-06-09T13:03:45","guid":{"rendered":"https:\/\/agrozone.ee\/toode\/monterra-bio-kananlanta-25-kg-40-l\/"},"modified":"2024-06-09T16:03:45","modified_gmt":"2024-06-09T14:03:45","slug":"monterra-bio-kananlanta-25-kg-40-l","status":"publish","type":"product","link":"https:\/\/agrozone.ee\/fi\/tuote\/monterra-bio-kananlanta-25-kg-40-l\/","title":{"rendered":"Monterra Bio kananlanta 25 kg\/40 l"},"content":{"rendered":"<p>Luomu kananlantaravinne parantaa maaper\u00e4n rakennetta ja elvytt\u00e4\u00e4 maaper\u00e4n mikro-organismien toimintaa. Kananlanta varmistaa kasveille voimakkaan kasvun ja runsaan kukinnan sek\u00e4 lis\u00e4\u00e4 satoa.  Suuri orgaanisen aineen pitoisuus auttaa s\u00e4ilytt\u00e4m\u00e4\u00e4n maaper\u00e4n hedelm\u00e4llisyytt\u00e4 ja parantaa maaper\u00e4n kyky\u00e4 pid\u00e4tt\u00e4\u00e4 kosteutta. Rakeet sis\u00e4lt\u00e4v\u00e4t luonnollisessa muodossa kaikki perus- ja mikroravinteet, joita kasvit tarvitsevat.<\/p>\n<p>&nbsp;<\/p>\n<h3>K\u00e4ytt\u00f6ohjeet<\/h3>\n<p>Lannoittaa voi ennen maanmuokkausta tai kauden aikana kuohkeutuksen yhteydess\u00e4 lantaa voi sekoittaa maahan ja kastella. Kasteluveteen laimennetaan 0,25 l lantaa 10 l vett\u00e4. K\u00c4YTT\u00d6M\u00c4\u00c4R\u00c4T Peruna, kaali, lanttu, nauris, selleri, purjo, sipuli, kurkku, raparperi, tomaatti, kurpitsa, retiisi, porkkana, salaatti, pinaatti, persilja, tilli, herne, papu, l\u00e4\u00e4kekasvit: 1-4 l\/10 m\u00b2. Koristekasvit \u2013 lehtipuut, pensaat, k\u00f6ynn\u00f6skasvit, ruusut, kukkaryhm\u00e4t: 2-3 l\/10 m\u00b2. Marjakasvit \u2013 mansikat, vadelmat, herukat ym.: 1-5 l\/10 m\u00b2. Hedelm\u00e4puut \u2013 omena-, kirsikka-, p\u00e4\u00e4ryn\u00e4- ja luumupuut: 2-3,5 l\/puu. Nurmikkoa perustettaessa: 1-1,5 l\/10 m\u00b2. Havupuut ja kivikkokasvit: 1,5 -2 l\/10 m\u00b2. Parvekekasvit \u2013 laatikon koosta riippuen sekoita multaan: 0,5-1,5 l lannoitetta.<\/p>\n","protected":false},"excerpt":{"rendered":"<p>Luomu kananlantaravinne parantaa maaper\u00e4n rakennetta ja elvytt\u00e4\u00e4 maaper\u00e4n mikro-organismien toimintaa. Kananlanta varmistaa kasveille voimakkaan kasvun ja runsaan kukinnan sek\u00e4 lis\u00e4\u00e4 satoa.  Suuri orgaanisen aineen pitoisuus auttaa s\u00e4ilytt\u00e4m\u00e4\u00e4n maaper\u00e4n hedelm\u00e4llisyytt\u00e4 ja parantaa maaper\u00e4n kyky\u00e4 pid\u00e4tt\u00e4\u00e4 kosteutta. Rakeet sis\u00e4lt\u00e4v\u00e4t luonnollisessa muodossa kaikki perus- ja mikroravinteet, joita kasvit tarvitsevat.<\/p>\n","protected":false},"featured_media":45248,"template":"","meta":{"_acf_changed":false,"_seopress_robots_primary_cat":"none","_seopress_titles_title":"","_seopress_titles_desc":"","_seopress_robots_index":"","_gspb_post_css":""},"product_brand":[],"product_cat":[2465,2392,2438,2398,2396,2460],"product_tag":[],"class_list":{"0":"post-54803","1":"product","2":"type-product","3":"status-publish","4":"has-post-thumbnail","6":"product_cat-ammattituotteet","7":"product_cat-kaikki-luokat","8":"product_cat-lannoitteet","9":"product_cat-luonnonmukaiset-lannoitteet","10":"product_cat-luomuviljely","11":"product_cat-puutarhalannoitteet","12":"product_shipping_class-ei-mahdu-automaattiin","14":"first","15":"onbackorder","16":"taxable","17":"shipping-taxable","18":"purchasable","19":"product-type-simple"},"ct_brands":[],"acf":[],"_links":{"self":[{"href":"https:\/\/agrozone.ee\/fi\/wp-json\/wp\/v2\/product\/54803","targetHints":{"allow":["GET"]}}],"collection":[{"href":"https:\/\/agrozone.ee\/fi\/wp-json\/wp\/v2\/product"}],"about":[{"href":"https:\/\/agrozone.ee\/fi\/wp-json\/wp\/v2\/types\/product"}],"wp:featuredmedia":[{"embeddable":true,"href":"https:\/\/agrozone.ee\/fi\/wp-json\/wp\/v2\/media\/45248"}],"wp:attachment":[{"href":"https:\/\/agrozone.ee\/fi\/wp-json\/wp\/v2\/media?parent=54803"}],"wp:term":[{"taxonomy":"product_brand","embeddable":true,"href":"https:\/\/agrozone.ee\/fi\/wp-json\/wp\/v2\/product_brand?post=54803"},{"taxonomy":"product_cat","embeddable":true,"href":"https:\/\/agrozone.ee\/fi\/wp-json\/wp\/v2\/product_cat?post=54803"},{"taxonomy":"product_tag","embeddable":true,"href":"https:\/\/agrozone.ee\/fi\/wp-json\/wp\/v2\/product_tag?post=54803"}],"curies":[{"name":"wp","href":"https:\/\/api.w.org\/{rel}","templated":true}]}}