{"id":54810,"date":"2025-12-09T14:00:08","date_gmt":"2025-12-09T12:00:08","guid":{"rendered":"https:\/\/agrozone.ee\/?post_type=product&#038;p=54810"},"modified":"2026-01-16T12:08:47","modified_gmt":"2026-01-16T10:08:47","slug":"hekisaag-ry20g","status":"publish","type":"product","link":"https:\/\/agrozone.ee\/fi\/tuote\/hekisaag-ry20g\/","title":{"rendered":"Hekisaag RY20G"},"content":{"rendered":"<p>See <b>36 V, 500 W akuhekil\u00f5ikur<\/b> pakub t\u00e4iuslikku tasakaalu v\u00f5imsuse, t\u00e4psuse ja mugavuse vahel.<\/p>\n<p>T\u00f6\u00f6riist saab toite <b>kahest 18 V akust<\/b> ja selle ergonoomiline k\u00e4epide tagab suurep\u00e4rase k\u00e4sitsetavuse isegi pikaajalisel kasutamisel.<\/p>\n<p><b>60 cm pikkune l\u00f5iketera<\/b> teeb puhtad l\u00f5iked ja on p\u00f6\u00f6ratav kuni <b>180\u00b0<\/b>, kohandudes iga vajadusega.<\/p>\n<p>Harjadeta mootor tagab suure j\u00f5udluse ja pika kasutusea, samal ajal kui kiiruse ja laetuse n\u00e4idik annavad t\u00f6\u00f6riista \u00fcle t\u00e4ieliku kontrolli.<\/p>\n<p>Varustatud turvak\u00e4epidemega, on see ideaalne t\u00f5husateks haljastust\u00f6\u00f6deks.<\/p>\n<p><strong>Akud ja laadija ei kuulu komplekti!<\/strong><\/p>\n","protected":false},"excerpt":{"rendered":"<ul>\n<li>\n<p data-path-to-node=\"0,0,0\">L\u00f5iketera pikkus: 60 cm<\/p>\n<\/li>\n<li>\n<p data-path-to-node=\"0,1,0\">Kaal: 3 kg<\/p>\n<\/li>\n<li>\n<p data-path-to-node=\"0,2,0\">V\u00f5imsus: 500 W<\/p>\n<\/li>\n<li>\n<p data-path-to-node=\"0,3,0\">T\u00f6\u00f6aeg akuga RY01B: 150 min<\/p>\n<\/li>\n<\/ul>\n","protected":false},"featured_media":54825,"template":"","meta":{"_acf_changed":false,"_seopress_robots_primary_cat":"none","_seopress_titles_title":"","_seopress_titles_desc":"","_seopress_robots_index":"","_gspb_post_css":""},"product_brand":[3000],"product_cat":[149,1070,1071,15],"product_tag":[],"class_list":{"0":"post-54810","1":"product","2":"type-product","3":"status-publish","4":"has-post-thumbnail","6":"product_brand-castellari","7":"product_cat-aiatarvikud","8":"product_cat-aiatooriistad","9":"product_cat-akuga-aiatooriistad","10":"product_cat-koik-kategooriad","12":"first","13":"instock","14":"taxable","15":"shipping-taxable","16":"purchasable","17":"product-type-simple"},"ct_brands":[{"id":3000,"name":"CASTELLARI","slug":"castellari"}],"acf":[],"_links":{"self":[{"href":"https:\/\/agrozone.ee\/fi\/wp-json\/wp\/v2\/product\/54810","targetHints":{"allow":["GET"]}}],"collection":[{"href":"https:\/\/agrozone.ee\/fi\/wp-json\/wp\/v2\/product"}],"about":[{"href":"https:\/\/agrozone.ee\/fi\/wp-json\/wp\/v2\/types\/product"}],"wp:featuredmedia":[{"embeddable":true,"href":"https:\/\/agrozone.ee\/fi\/wp-json\/wp\/v2\/media\/54825"}],"wp:attachment":[{"href":"https:\/\/agrozone.ee\/fi\/wp-json\/wp\/v2\/media?parent=54810"}],"wp:term":[{"taxonomy":"product_brand","embeddable":true,"href":"https:\/\/agrozone.ee\/fi\/wp-json\/wp\/v2\/product_brand?post=54810"},{"taxonomy":"product_cat","embeddable":true,"href":"https:\/\/agrozone.ee\/fi\/wp-json\/wp\/v2\/product_cat?post=54810"},{"taxonomy":"product_tag","embeddable":true,"href":"https:\/\/agrozone.ee\/fi\/wp-json\/wp\/v2\/product_tag?post=54810"}],"curies":[{"name":"wp","href":"https:\/\/api.w.org\/{rel}","templated":true}]}}