{"id":54909,"date":"2025-12-15T10:47:49","date_gmt":"2025-12-15T08:47:49","guid":{"rendered":"https:\/\/agrozone.ee\/?post_type=product&#038;p=54909"},"modified":"2026-01-16T12:08:41","modified_gmt":"2026-01-16T10:08:41","slug":"teleskoop-kettsaag-18-23-m-ry300","status":"publish","type":"product","link":"https:\/\/agrozone.ee\/fi\/tuote\/teleskoop-kettsaag-18-23-m-ry300\/","title":{"rendered":"Teleskoop Kettsaag 1,8-2,3 m RY300"},"content":{"rendered":"<p data-path-to-node=\"0\">RY300 varrega elektriline oksasaag on ideaalne t\u00f6\u00f6riist isegi k\u00f5rgel asuvate okste t\u00e4pseks ja t\u00f5husaks k\u00e4rpimiseks.<\/p>\n<p data-path-to-node=\"0\">Varustatuna 18 V \u2013 900 W harjadeta mootoriga, pakub see suurt j\u00f5udlust ja pikka kasutusiga, vajades samal ajal minimaalset hooldust.<\/p>\n<p>RY300 &#8211; 2.3-3.3 m &#8211; 2.9 kg<\/p>\n<p data-path-to-node=\"1\">\u00a022 cm juhtplaat v\u00f5imaldab teha t\u00e4pseid ja s\u00fcgavaid l\u00f5ikeid, samal ajal kui automaatne m\u00e4\u00e4rimine hoiab l\u00f5ikes\u00fcsteemi alati t\u00f5husana.<\/p>\n<p data-path-to-node=\"1\">P\u00f6\u00f6rlemisvastane teleskoopvars tagab stabiilsuse ja kontrolli, samas kui libisemiskindel kummikate ja ergonoomiline k\u00e4epide tagavad mugava ja kindla haarde isegi k\u00f5ige keerukamate t\u00f6\u00f6de ajal.<\/p>\n<p data-path-to-node=\"1\"><b>Omadused ja eelised:<\/b><\/p>\n<ul>\n<li data-path-to-node=\"1\">L\u00f5ike l\u00e4bim\u00f5\u00f5t 130 mm<\/li>\n<li data-path-to-node=\"1\">Kerge ja k\u00e4ep\u00e4rane, vaid 2,9 kg<\/li>\n<li data-path-to-node=\"1\">P\u00f6\u00f6rlemisvastane teleskoopvars 2 kuni 3 m koos libisemisvastase kummist k\u00e4epidemega<\/li>\n<li data-path-to-node=\"1\">Mugav ekraan aku laetuse taseme vaatamiseks<\/li>\n<li data-path-to-node=\"1\">Ketti automaatne m\u00e4\u00e4rimine<\/li>\n<li data-path-to-node=\"1\">Kett 48 x 1\/4 1,1 mm \u2013 Kiirus 16 m\/s<\/li>\n<li data-path-to-node=\"1\">Harjadeta mootor<\/li>\n<li data-path-to-node=\"1\">Keti reguleerimine 22 cm carving-juhtplaat<\/li>\n<\/ul>\n<p data-path-to-node=\"1\"><strong>Castellari 18 V seeria toodete puhul on v\u00f5imalik kasutada ka k\u00f5iki Makita 18 V akusid.<\/strong><\/p>\n<p><strong>Akud ja laadija ei kuulu komplekti!<\/strong><\/p>\n","protected":false},"excerpt":{"rendered":"<p>RY300 varrega elektriline oksasaag on ideaalne t\u00f6\u00f6riist isegi k\u00f5rgel asuvate okste t\u00e4pseks ja t\u00f5husaks k\u00e4rpimiseks. Varustatuna 18 V \u2013 900 W harjadeta mootoriga, pakub see suurt j\u00f5udlust ja pikka kasutusiga, vajades samal ajal minimaalset hooldust. RY300 &#8211; 2.3-3.3 m &#8211; 2.9 kg \u00a022 cm juhtplaat v\u00f5imaldab teha t\u00e4pseid ja s\u00fcgavaid l\u00f5ikeid, samal ajal kui automaatne [&hellip;]<\/p>\n","protected":false},"featured_media":54919,"template":"","meta":{"_acf_changed":false,"_seopress_robots_primary_cat":"none","_seopress_titles_title":"","_seopress_titles_desc":"","_seopress_robots_index":"","_gspb_post_css":""},"product_brand":[3000],"product_cat":[149,1070,1071,15],"product_tag":[],"class_list":{"0":"post-54909","1":"product","2":"type-product","3":"status-publish","4":"has-post-thumbnail","6":"product_brand-castellari","7":"product_cat-aiatarvikud","8":"product_cat-aiatooriistad","9":"product_cat-akuga-aiatooriistad","10":"product_cat-koik-kategooriad","12":"first","13":"instock","14":"taxable","15":"shipping-taxable","16":"purchasable","17":"product-type-simple"},"ct_brands":[{"id":3000,"name":"CASTELLARI","slug":"castellari"}],"acf":[],"_links":{"self":[{"href":"https:\/\/agrozone.ee\/fi\/wp-json\/wp\/v2\/product\/54909","targetHints":{"allow":["GET"]}}],"collection":[{"href":"https:\/\/agrozone.ee\/fi\/wp-json\/wp\/v2\/product"}],"about":[{"href":"https:\/\/agrozone.ee\/fi\/wp-json\/wp\/v2\/types\/product"}],"wp:featuredmedia":[{"embeddable":true,"href":"https:\/\/agrozone.ee\/fi\/wp-json\/wp\/v2\/media\/54919"}],"wp:attachment":[{"href":"https:\/\/agrozone.ee\/fi\/wp-json\/wp\/v2\/media?parent=54909"}],"wp:term":[{"taxonomy":"product_brand","embeddable":true,"href":"https:\/\/agrozone.ee\/fi\/wp-json\/wp\/v2\/product_brand?post=54909"},{"taxonomy":"product_cat","embeddable":true,"href":"https:\/\/agrozone.ee\/fi\/wp-json\/wp\/v2\/product_cat?post=54909"},{"taxonomy":"product_tag","embeddable":true,"href":"https:\/\/agrozone.ee\/fi\/wp-json\/wp\/v2\/product_tag?post=54909"}],"curies":[{"name":"wp","href":"https:\/\/api.w.org\/{rel}","templated":true}]}}