{"id":55161,"date":"2025-12-23T08:48:26","date_gmt":"2025-12-23T06:48:26","guid":{"rendered":"https:\/\/agrozone.ee\/?post_type=product&#038;p=55161"},"modified":"2026-01-06T12:30:15","modified_gmt":"2026-01-06T10:30:15","slug":"typpilannoite-kalkkisalpietari-kopeeri","status":"publish","type":"product","link":"https:\/\/agrozone.ee\/fi\/tuote\/typpilannoite-kalkkisalpietari-kopeeri\/","title":{"rendered":"Kalkkisalpietari typpilannoite 4 kg"},"content":{"rendered":"<p data-path-to-node=\"22\"><b data-path-to-node=\"22\" data-index-in-node=\"0\">Kotipuutarhan kultainen standardi \u2013 vihre\u00e4 nurmikko ja rehev\u00e4 kukkapenkki<\/b><\/p>\n<p data-path-to-node=\"23\">4 kg kalkkisalpietaria on optimaalinen valinta omakotitalon omistajalle. Jos huomaat, ett\u00e4 nurmikko on talven j\u00e4lkeen harva ja kellert\u00e4v\u00e4 tai punajuuret ja porkkanat eiv\u00e4t ota kasvaakseen, t\u00e4m\u00e4 lannoite on puutarhasi salainen ase. <\/p>\n<p data-path-to-node=\"24\"><b data-path-to-node=\"24\" data-index-in-node=\"0\">Puutarhasi hy\u00f6dyt:<\/b><\/p>\n<ul data-path-to-node=\"25\">\n<li>\n<p data-path-to-node=\"25,0,0\"><b data-path-to-node=\"25,0,0\" data-index-in-node=\"0\">Nurmikko elpyy:<\/b> Korkea typpipitoisuus saa nurmikon kasvamaan kohisten ja muuttumaan j\u00e4lleen tihe\u00e4ksi sek\u00e4 tummanvihre\u00e4ksi (kulutus n. 40 g\/m\u00b2).<\/p>\n<\/li>\n<li>\n<p data-path-to-node=\"25,1,0\"><b data-path-to-node=\"25,1,0\" data-index-in-node=\"0\">Maanparantaja:<\/b> Toisin kuin tavallinen typpi, t\u00e4m\u00e4 tuote sis\u00e4lt\u00e4\u00e4 kalkkia, mik\u00e4 on ratkaisevan t\u00e4rke\u00e4\u00e4 Viron usein happamien puutarhamaiden parantamisessa.<\/p>\n<\/li>\n<li>\n<p data-path-to-node=\"25,2,0\"><b data-path-to-node=\"25,2,0\" data-index-in-node=\"0\">Yleisk\u00e4ytt\u00f6inen:<\/b> Sopii ihanteellisesti niin kaalille, sipulille, hedelm\u00e4puille kuin marjapensaillekin.<\/p>\n<\/li>\n<\/ul>\n<p data-path-to-node=\"26\"><b data-path-to-node=\"26\" data-index-in-node=\"0\">Kuinka k\u00e4ytt\u00e4\u00e4 sit\u00e4 kotipuutarhassasi?<\/b> Parhaan tuloksen saamiseksi ripottele rakeet suoraan maahan ennen sadetta tai kastelua.<\/p>\n<ul data-path-to-node=\"27\">\n<li>\n<p data-path-to-node=\"27,0,0\"><b data-path-to-node=\"27,0,0\" data-index-in-node=\"0\">Hedelm\u00e4puut ja pensaat:<\/b> Ripottele latvuksen alle varhain kev\u00e4\u00e4ll\u00e4 (20 g\/m\u00b2).<\/p>\n<\/li>\n<li>\n<p data-path-to-node=\"27,1,0\"><b data-path-to-node=\"27,1,0\" data-index-in-node=\"0\">Vihannekset:<\/b> Sekoita maahan ennen istutusta tai lannoita kasvun aikana.<\/p>\n<\/li>\n<li>\n<p data-path-to-node=\"27,2,0\"><b data-path-to-node=\"27,2,0\" data-index-in-node=\"0\">Huom!<\/b> K\u00e4yt\u00e4 kev\u00e4\u00e4st\u00e4 hein\u00e4kuun puoliv\u00e4liin, jotta kasvit ehtiv\u00e4t puutua ennen talvea.<\/p>\n<\/li>\n<\/ul>\n<hr data-path-to-node=\"24\">\n<h3 data-path-to-node=\"25\">K\u00e4ytt\u00f6 ja annostelu<\/h3>\n<p data-path-to-node=\"26\">Kalkkisalpietaria on eritt\u00e4in k\u00e4tev\u00e4 k\u00e4ytt\u00e4\u00e4 \u2013 sit\u00e4 voi ripotella suoraan maahan (ja kastella sis\u00e4\u00e4n) tai liuottaa kastelukannuun.<\/p>\n<p data-path-to-node=\"27\"><b data-path-to-node=\"27\" data-index-in-node=\"0\">1. Kastelulannoitteena (Nopein vaikutus):<\/b><\/p>\n<ul data-path-to-node=\"28\">\n<li>\n<p data-path-to-node=\"28,0,0\"><b data-path-to-node=\"28,0,0\" data-index-in-node=\"0\">Nuoret taimet:<\/b> Liuota 2 teelusikallista 10 litraan vett\u00e4.<\/p>\n<\/li>\n<li>\n<p data-path-to-node=\"28,1,0\"><b data-path-to-node=\"28,1,0\" data-index-in-node=\"0\">T\u00e4ysikasvuiset kasvit:<\/b> Liuota 2 ruokalusikallista 10 litraan vett\u00e4.<\/p>\n<\/li>\n<li>\n<p data-path-to-node=\"28,2,0\"><b data-path-to-node=\"28,2,0\" data-index-in-node=\"0\">Tomaatti ja kurkku:<\/b> Kastele liuoksella joka 4\u201310 p\u00e4iv\u00e4 (kulutus 3\u20136 litraa liuosta\/m\u00b2).<\/p>\n<\/li>\n<\/ul>\n<p data-path-to-node=\"29\"><b data-path-to-node=\"29\" data-index-in-node=\"0\">2. Kuivalannoitus (Maan pinnalle):<\/b><\/p>\n<ul data-path-to-node=\"30\">\n<li>\n<p data-path-to-node=\"30,0,0\"><b data-path-to-node=\"30,0,0\" data-index-in-node=\"0\">Herk\u00e4t kasvit (Kukat, salaatti, retiisi):<\/b> 30 g\/m\u00b2.<\/p>\n<\/li>\n<li>\n<p data-path-to-node=\"30,1,0\"><b data-path-to-node=\"30,1,0\" data-index-in-node=\"0\">Kest\u00e4v\u00e4t kasvit (Kurkku, tomaatti):<\/b> 40 g\/m\u00b2.<\/p>\n<\/li>\n<\/ul>\n<h4 data-path-to-node=\"31\">Kulutusm\u00e4\u00e4r\u00e4t kasvilajeittain (g\/m\u00b2):<\/h4>\n<p data-path-to-node=\"32\">Yksi kourallinen on noin 25 g.<\/p>\n<table data-path-to-node=\"33\">\n<thead>\n<tr>\n<td><strong>Kasvi<\/strong><\/td>\n<td><strong>M\u00e4\u00e4r\u00e4<\/strong><\/td>\n<td><strong>Aika \/ Menetelm\u00e4<\/strong><\/td>\n<\/tr>\n<\/thead>\n<tbody>\n<tr>\n<td><span data-path-to-node=\"33,1,0,0\"><b data-path-to-node=\"33,1,0,0\" data-index-in-node=\"0\">Nurmikko<\/b><\/span><\/td>\n<td><span data-path-to-node=\"33,1,1,0\">40 g<\/span><\/td>\n<td><span data-path-to-node=\"33,1,2,0\">Kev\u00e4\u00e4ll\u00e4 tai leikkuun j\u00e4lkeen kasvun edist\u00e4miseksi.<\/span><\/td>\n<\/tr>\n<tr>\n<td><span data-path-to-node=\"33,2,0,0\"><b data-path-to-node=\"33,2,0,0\" data-index-in-node=\"0\">Kaali, kurkku, tomaatti<\/b><\/span><\/td>\n<td><span data-path-to-node=\"33,2,1,0\">40 g<\/span><\/td>\n<td><span data-path-to-node=\"33,2,2,0\">Ennen kylv\u00f6\u00e4 tai istutusta.<\/span><\/td>\n<\/tr>\n<tr>\n<td><span data-path-to-node=\"33,3,0,0\"><b data-path-to-node=\"33,3,0,0\" data-index-in-node=\"0\">Porkkana, sipuli, punajuuri<\/b><\/span><\/td>\n<td><span data-path-to-node=\"33,3,1,0\">40 g<\/span><\/td>\n<td><span data-path-to-node=\"33,3,2,0\">Ennen kylv\u00f6\u00e4.<\/span><\/td>\n<\/tr>\n<tr>\n<td><span data-path-to-node=\"33,4,0,0\"><b data-path-to-node=\"33,4,0,0\" data-index-in-node=\"0\">Peruna<\/b><\/span><\/td>\n<td><span data-path-to-node=\"33,4,1,0\">30 g<\/span><\/td>\n<td><span data-path-to-node=\"33,4,2,0\">Ennen istutusta.<\/span><\/td>\n<\/tr>\n<tr>\n<td><span data-path-to-node=\"33,5,0,0\"><b data-path-to-node=\"33,5,0,0\" data-index-in-node=\"0\">Peruna (it\u00e4neet)<\/b><\/span><\/td>\n<td><span data-path-to-node=\"33,5,1,0\">15 g<\/span><\/td>\n<td><span data-path-to-node=\"33,5,2,0\">Kun versot ovat 15\u201320 cm pitki\u00e4.<\/span><\/td>\n<\/tr>\n<tr>\n<td><span data-path-to-node=\"33,6,0,0\"><b data-path-to-node=\"33,6,0,0\" data-index-in-node=\"0\">Hedelm\u00e4puut, marjapensaat<\/b><\/span><\/td>\n<td><span data-path-to-node=\"33,6,1,0\">20 g<\/span><\/td>\n<td><span data-path-to-node=\"33,6,2,0\">Varhain kev\u00e4\u00e4ll\u00e4 kasvun alkaessa.<\/span><\/td>\n<\/tr>\n<\/tbody>\n<\/table>\n<p data-path-to-node=\"34\"><b data-path-to-node=\"34\" data-index-in-node=\"0\">T\u00e4rke\u00e4\u00e4:<\/b> Koska kyseess\u00e4 on voimakas typpilannoite, suosittelemme k\u00e4ytt\u00e4m\u00e4\u00e4n sit\u00e4 p\u00e4\u00e4asiassa kev\u00e4\u00e4st\u00e4 keskikes\u00e4\u00e4n. Loppukes\u00e4n k\u00e4ytt\u00f6 voi est\u00e4\u00e4 kasvien valmistautumisen talveen. <\/p>\n<p data-path-to-node=\"35\"><b data-path-to-node=\"35\" data-index-in-node=\"0\">Pelasta kasvisi n\u00e4l\u00e4st\u00e4 ja tilaa Kalkkisalpietari Agrozonen verkkokaupasta!<\/b><\/p>\n","protected":false},"excerpt":{"rendered":"<p>Kotipuutarhan kultainen standardi \u2013 vihre\u00e4 nurmikko ja rehev\u00e4 kukkapenkki 4 kg kalkkisalpietaria on optimaalinen valinta omakotitalon omistajalle. Jos huomaat, ett\u00e4 nurmikko on talven j\u00e4lkeen harva ja kellert\u00e4v\u00e4 tai punajuuret ja porkkanat eiv\u00e4t ota kasvaakseen, t\u00e4m\u00e4 lannoite on puutarhasi salainen ase. Puutarhasi hy\u00f6dyt: Nurmikko elpyy: Korkea typpipitoisuus saa nurmikon kasvamaan kohisten ja muuttumaan j\u00e4lleen tihe\u00e4ksi sek\u00e4 [&hellip;]<\/p>\n","protected":false},"featured_media":49215,"template":"","meta":{"_acf_changed":false,"_seopress_robots_primary_cat":"none","_seopress_titles_title":"Kalkkisalpietari 4 kg \u2013 Vahva nurmikko ja runsas sato | Agrozone","_seopress_titles_desc":"Palauta nurmikon vihreys ja vihannesten kasvukunto. Kalkkisalpietari 4 kg on paras valinta kotipuutarhaan. Sis\u00e4lt\u00e4\u00e4 kalkkia maanparannukseen. Osta verkkokaupasta!   ","_seopress_robots_index":"","_gspb_post_css":""},"product_brand":[2906],"product_cat":[2392,2462,2438,2463,2460],"product_tag":[],"class_list":{"0":"post-55161","1":"product","2":"type-product","3":"status-publish","4":"has-post-thumbnail","6":"product_brand-baltic-agro","7":"product_cat-kaikki-luokat","8":"product_cat-kevat","9":"product_cat-lannoitteet","10":"product_cat-nurmikkolannoitteet","11":"product_cat-puutarhalannoitteet","13":"first","14":"instock","15":"taxable","16":"shipping-taxable","17":"purchasable","18":"product-type-simple"},"ct_brands":[{"id":2906,"name":"Baltic Agro","slug":"baltic-agro"}],"acf":[],"_links":{"self":[{"href":"https:\/\/agrozone.ee\/fi\/wp-json\/wp\/v2\/product\/55161","targetHints":{"allow":["GET"]}}],"collection":[{"href":"https:\/\/agrozone.ee\/fi\/wp-json\/wp\/v2\/product"}],"about":[{"href":"https:\/\/agrozone.ee\/fi\/wp-json\/wp\/v2\/types\/product"}],"wp:featuredmedia":[{"embeddable":true,"href":"https:\/\/agrozone.ee\/fi\/wp-json\/wp\/v2\/media\/49215"}],"wp:attachment":[{"href":"https:\/\/agrozone.ee\/fi\/wp-json\/wp\/v2\/media?parent=55161"}],"wp:term":[{"taxonomy":"product_brand","embeddable":true,"href":"https:\/\/agrozone.ee\/fi\/wp-json\/wp\/v2\/product_brand?post=55161"},{"taxonomy":"product_cat","embeddable":true,"href":"https:\/\/agrozone.ee\/fi\/wp-json\/wp\/v2\/product_cat?post=55161"},{"taxonomy":"product_tag","embeddable":true,"href":"https:\/\/agrozone.ee\/fi\/wp-json\/wp\/v2\/product_tag?post=55161"}],"curies":[{"name":"wp","href":"https:\/\/api.w.org\/{rel}","templated":true}]}}