{"id":55253,"date":"2024-06-09T16:03:23","date_gmt":"2024-06-09T13:03:23","guid":{"rendered":"https:\/\/agrozone.ee\/toode\/vermikuliitti-100l\/"},"modified":"2024-06-09T16:03:23","modified_gmt":"2024-06-09T14:03:23","slug":"vermikuliitti-100l","status":"publish","type":"product","link":"https:\/\/agrozone.ee\/fi\/tuote\/vermikuliitti-100l\/","title":{"rendered":"Vermikuliitti 100l"},"content":{"rendered":"<ul>\n<li>\n<p data-path-to-node=\"19\">Ammattik\u00e4ytt\u00f6\u00f6n tarkoitettu 100 litran vermikuliitti (agrovermikuliitti) on taloudellisin tapa parantaa laajojen alueiden maaper\u00e4n rakennetta tai valmistella kasvualustoja kasvihuoneissa. Se on kevyt, palonkest\u00e4v\u00e4 ja t\u00e4ysin steriili mineraali, joka ei hajoa vuosien saatossa, tarjoten pitk\u00e4aikaisen investoinnin maaper\u00e4si hyvinvointiin. <\/p>\n<p data-path-to-node=\"20\">100 litran pakkaus on erityisen suosittu hydroponisten j\u00e4rjestelmien omistajien ja taimitarhojen keskuudessa. Korkean kationinvaihtokapasiteettinsa (CEC) ansiosta t\u00e4m\u00e4 mineraali pit\u00e4\u00e4 lannoitteet juuriston saatavilla ja est\u00e4\u00e4 resurssien hukkaamista. Kun valmistelet kukkapenkkej\u00e4 tai t\u00e4yt\u00e4t suuria istutusastioita, vermikuliitti varmistaa, ettei multa paakkuunnu ja ett\u00e4 se s\u00e4ilytt\u00e4\u00e4 vedenl\u00e4p\u00e4isykykyns\u00e4 my\u00f6s intensiivisess\u00e4 k\u00e4yt\u00f6ss\u00e4. Suuri tilavuus, mutta keveyden ansiosta helppo kuljettaa ja k\u00e4sitell\u00e4.   <\/p>\n<\/li>\n<\/ul>\n<ul>\n<li>V\u00e4ri: beige<\/li>\n<li>pH: 6,5-7,5<\/li>\n<li>EC: \u2264 0,1<\/li>\n<li>Huokostilavuus: 95 %<\/li>\n<li>Irtotiheys: 60\u2013150 kg\/m\u00b3<\/li>\n<li>Fraktio 2: 0 mm \u2013 3,0 mm<\/li>\n<\/ul>\n<h4>K\u00e4ytt\u00f6ohjeet<\/h4>\n<ul>\n<li>Vermikuliitti tulee sekoittaa multaan suhteessa 1:1.<\/li>\n<li>Se parantaa kasvualustan rakennetta ja lis\u00e4\u00e4 vedenpid\u00e4tyskyky\u00e4.<\/li>\n<\/ul>\n<p data-path-to-node=\"23\"><b data-path-to-node=\"23\" data-index-in-node=\"100\">Kumpi valita: Perliitti vai vermikuliitti?<\/b><\/p>\n<ul data-path-to-node=\"24\">\n<li>\n<p data-path-to-node=\"24,0,0\"><b data-path-to-node=\"24,0,0\" data-index-in-node=\"0\">Perliitti:<\/b> valitse, kun tarvitset enemm\u00e4n ilmaa ja nopeaa vedenl\u00e4p\u00e4isykyky\u00e4 (esim. kaktukset).<\/p>\n<\/li>\n<li>\n<p data-path-to-node=\"24,1,0\"><b data-path-to-node=\"24,1,0\" data-index-in-node=\"0\">Vermikuliitti:<\/b> valitse, kun tarvitset enemm\u00e4n kosteutta ja ravinteiden s\u00e4ilyvyytt\u00e4 (esim. kylv\u00f6t ja trooppiset kasvit).<\/p>\n<\/li>\n<\/ul>\n","protected":false},"excerpt":{"rendered":"<ul>\n<li>Vermikuliitti on kuumak\u00e4sitelty luonnollinen puhdas savimineraali.<\/li>\n<li>Soveltuu kylv\u00f6multaan, siemenkylv\u00f6jen peitt\u00e4miseen, pistokkaiden juurruttamiseen sek\u00e4 vihannesten ja kukkasipulien talvis\u00e4ilytykseen.<\/li>\n<li>Vermikuliitti pystyy imem\u00e4\u00e4n itseens\u00e4 jopa 500 kertaa oman painonsa verran vett\u00e4, on eritt\u00e4in kevytt\u00e4, steriili\u00e4 ja rikkakasvitonta.<\/li>\n<li>Vermikuliitti soveltuu neutraalia kasvualustaa tarvitseville kasveille.<\/li>\n<li>Soveltuu k\u00e4ytett\u00e4v\u00e4ksi my\u00f6s luonnonmukaisessa viljelyss\u00e4.<\/li>\n<\/ul>\n","protected":false},"featured_media":45232,"template":"","meta":{"_acf_changed":false,"_seopress_robots_primary_cat":"none","_seopress_titles_title":"Vermikuliitti 100L (Suurpakkaus) \u2013 Agrovermikuliitti tukkuhintaan","_seopress_titles_desc":"Tarvitsetko tehokasta maanparannusainetta suuremmassa er\u00e4ss\u00e4? 100 litran vermikuliitti on edullisin ratkaisu kasvihuoneisiin ja maatalouteen. Nopea toimitus koko Viroon!  ","_seopress_robots_index":"","_gspb_post_css":""},"product_brand":[],"product_cat":[2392,2372,2363],"product_tag":[],"class_list":{"0":"post-55253","1":"product","2":"type-product","3":"status-publish","4":"has-post-thumbnail","6":"product_cat-kaikki-luokat","7":"product_cat-maaperanparannusaineet","8":"product_cat-puutarhatarvikkeet","9":"product_shipping_class-ei-mahdu-automaattiin","11":"first","12":"instock","13":"taxable","14":"shipping-taxable","15":"purchasable","16":"product-type-simple"},"ct_brands":[],"acf":[],"_links":{"self":[{"href":"https:\/\/agrozone.ee\/fi\/wp-json\/wp\/v2\/product\/55253","targetHints":{"allow":["GET"]}}],"collection":[{"href":"https:\/\/agrozone.ee\/fi\/wp-json\/wp\/v2\/product"}],"about":[{"href":"https:\/\/agrozone.ee\/fi\/wp-json\/wp\/v2\/types\/product"}],"wp:featuredmedia":[{"embeddable":true,"href":"https:\/\/agrozone.ee\/fi\/wp-json\/wp\/v2\/media\/45232"}],"wp:attachment":[{"href":"https:\/\/agrozone.ee\/fi\/wp-json\/wp\/v2\/media?parent=55253"}],"wp:term":[{"taxonomy":"product_brand","embeddable":true,"href":"https:\/\/agrozone.ee\/fi\/wp-json\/wp\/v2\/product_brand?post=55253"},{"taxonomy":"product_cat","embeddable":true,"href":"https:\/\/agrozone.ee\/fi\/wp-json\/wp\/v2\/product_cat?post=55253"},{"taxonomy":"product_tag","embeddable":true,"href":"https:\/\/agrozone.ee\/fi\/wp-json\/wp\/v2\/product_tag?post=55253"}],"curies":[{"name":"wp","href":"https:\/\/api.w.org\/{rel}","templated":true}]}}