{"id":55388,"date":"2025-12-29T10:48:38","date_gmt":"2025-12-29T08:48:38","guid":{"rendered":"https:\/\/agrozone.ee\/toode\/multikalvo-netsol-rikkaruohojen-torjuntaan-12-x-5-m\/"},"modified":"2025-12-29T10:48:38","modified_gmt":"2025-12-29T08:48:38","slug":"multikalvo-netsol-rikkaruohojen-torjuntaan-12-x-5-m","status":"publish","type":"product","link":"https:\/\/agrozone.ee\/fi\/tuote\/multikalvo-netsol-rikkaruohojen-torjuntaan-12-x-5-m\/","title":{"rendered":"Multikalvo Netsol rikkaruohojen torjuntaan 1,2 x 5 m"},"content":{"rendered":"<p data-path-to-node=\"9\">Unohda uuvuttava rikkaruohojen kitkeminen ja haitalliset kemikaalit! <b data-path-to-node=\"9\" data-index-in-node=\"71\">Netsol-multikalvo<\/b> on \u00e4lyk\u00e4s ja luontoyst\u00e4v\u00e4llinen ratkaisu maaper\u00e4n valmisteluun ja rikkaruohojen hallintaan. T\u00e4m\u00e4 erikoiskalvo on suunniteltu k\u00e4ytett\u00e4v\u00e4ksi sadonkorjuun j\u00e4lkeen tai ennen uutta istutuskautta varmistamaan seuraaville taimille puhdas ja ravinteikas kasvualusta. <\/p>\n<p data-path-to-node=\"10\">Toisin kuin tavalliset kalvot, Netsol-j\u00e4rjestelm\u00e4 on kehitetty kest\u00e4m\u00e4\u00e4n ja tarjoamaan maksimaalista mukavuutta:<\/p>\n<ul data-path-to-node=\"11\">\n<li>\n<p data-path-to-node=\"11,0,0\"><b data-path-to-node=\"11,0,0\" data-index-in-node=\"0\">T\u00e4ydellinen asennussarja:<\/b> Tuotteen mukana tulee <b data-path-to-node=\"11,0,0\" data-index-in-node=\"45\">12 sakarallista muovista kiinnitystappia<\/b>, jotka pit\u00e4v\u00e4t kalvon tukevasti paikallaan my\u00f6s tuulisella s\u00e4\u00e4ll\u00e4. Silmukat metrin v\u00e4lein tekev\u00e4t kiinnitt\u00e4misest\u00e4 eritt\u00e4in helppoa. <\/p>\n<\/li>\n<li>\n<p data-path-to-node=\"11,1,0\"><b data-path-to-node=\"11,1,0\" data-index-in-node=\"0\">Erinomainen kest\u00e4vyys:<\/b> Korkean <b data-path-to-node=\"11,1,0\" data-index-in-node=\"37\">UV-suojan<\/b> ansiosta kalvo on uudelleenk\u00e4ytett\u00e4v\u00e4 yli viiden talvikauden ajan, mik\u00e4 tekee siit\u00e4 pitk\u00e4ik\u00e4isen ja taloudellisen investoinnin puutarhaasi.<\/p>\n<\/li>\n<li>\n<p data-path-to-node=\"11,2,0\"><b data-path-to-node=\"11,2,0\" data-index-in-node=\"0\">Ekologinen valinta:<\/b> T\u00e4m\u00e4 on 100 % kemikaalivapaa vaihtoehto rikkaruohojen torjuntaan. Kalvo est\u00e4\u00e4 valon p\u00e4\u00e4syn rikkaruohoille, tukahduttaen ne luonnollisesti ja j\u00e4tt\u00e4en mullan pehme\u00e4ksi sek\u00e4 istutusvalmiiksi. <\/p>\n<\/li>\n<li>\n<p data-path-to-node=\"11,3,0\">K\u00e4ytt\u00f6mukavuus: Ihanteellinen koko 1,2 x 5 metri\u00e4 sopii erinomaisesti sek\u00e4 vakiokokoisiin penkkeihin ett\u00e4 hedelm\u00e4puiden alustojen puhdistamiseen.<\/p>\n<\/li>\n<li>90 g\/m\u00b2<\/li>\n<\/ul>\n","protected":false},"excerpt":{"rendered":"<p>Unohda uuvuttava rikkaruohojen kitkeminen ja haitalliset kemikaalit! Netsol-multikalvo on \u00e4lyk\u00e4s ja luontoyst\u00e4v\u00e4llinen ratkaisu maaper\u00e4n valmisteluun ja rikkaruohojen hallintaan. T\u00e4m\u00e4 erikoiskalvo on suunniteltu k\u00e4ytett\u00e4v\u00e4ksi sadonkorjuun j\u00e4lkeen tai ennen uutta istutuskautta varmistamaan seuraaville taimille puhdas ja ravinteikas kasvualusta. Toisin kuin tavalliset kalvot, Netsol-j\u00e4rjestelm\u00e4 on kehitetty kest\u00e4m\u00e4\u00e4n ja tarjoamaan maksimaalista mukavuutta: T\u00e4ydellinen asennussarja: Tuotteen mukana tulee 12 sakarallista [&hellip;]<\/p>\n","protected":false},"featured_media":55385,"template":"","meta":{"_acf_changed":false,"_seopress_robots_primary_cat":"","_seopress_titles_title":"Multikalvo Netsol 1,2 x 5 m | Sis\u00e4lt\u00e4\u00e4 kiinnitystapit | Agrozone","_seopress_titles_desc":"Tehokas ja ekologinen Netsol-multikalvo rikkaruohojen torjuntaan. Pakkaus sis\u00e4lt\u00e4\u00e4 12 kiinnitystappia. UV-suojattu ja uudelleenk\u00e4ytett\u00e4v\u00e4 yli 5 vuotta. Tilaa Agrozoniesta!   ","_seopress_robots_index":"","_gspb_post_css":""},"product_brand":[3001],"product_cat":[2449,2392,2448],"product_tag":[],"class_list":{"0":"post-55388","1":"product","2":"type-product","3":"status-publish","4":"has-post-thumbnail","6":"product_brand-nortene","7":"product_cat-juurinesto","8":"product_cat-kaikki-luokat","9":"product_cat-kasvinsuojelukankaat-ja-maanpeitekankaat","11":"first","12":"outofstock","13":"taxable","14":"shipping-taxable","15":"purchasable","16":"product-type-simple"},"ct_brands":[{"id":3001,"name":"Nortene","slug":"nortene"}],"acf":[],"_links":{"self":[{"href":"https:\/\/agrozone.ee\/fi\/wp-json\/wp\/v2\/product\/55388","targetHints":{"allow":["GET"]}}],"collection":[{"href":"https:\/\/agrozone.ee\/fi\/wp-json\/wp\/v2\/product"}],"about":[{"href":"https:\/\/agrozone.ee\/fi\/wp-json\/wp\/v2\/types\/product"}],"wp:featuredmedia":[{"embeddable":true,"href":"https:\/\/agrozone.ee\/fi\/wp-json\/wp\/v2\/media\/55385"}],"wp:attachment":[{"href":"https:\/\/agrozone.ee\/fi\/wp-json\/wp\/v2\/media?parent=55388"}],"wp:term":[{"taxonomy":"product_brand","embeddable":true,"href":"https:\/\/agrozone.ee\/fi\/wp-json\/wp\/v2\/product_brand?post=55388"},{"taxonomy":"product_cat","embeddable":true,"href":"https:\/\/agrozone.ee\/fi\/wp-json\/wp\/v2\/product_cat?post=55388"},{"taxonomy":"product_tag","embeddable":true,"href":"https:\/\/agrozone.ee\/fi\/wp-json\/wp\/v2\/product_tag?post=55388"}],"curies":[{"name":"wp","href":"https:\/\/api.w.org\/{rel}","templated":true}]}}