{"id":55391,"date":"2025-07-10T09:01:14","date_gmt":"2025-07-10T07:01:14","guid":{"rendered":"https:\/\/agrozone.ee\/toode\/etanapyydys-2-kpl-syotilla\/"},"modified":"2025-07-10T09:01:14","modified_gmt":"2025-07-10T07:01:14","slug":"etanapyydys-2-kpl-syotilla","status":"publish","type":"product","link":"https:\/\/agrozone.ee\/fi\/tuote\/etanapyydys-2-kpl-syotilla\/","title":{"rendered":"Etanapyydys 2 kpl sy\u00f6till\u00e4"},"content":{"rendered":"<h2>Etanapyydys sy\u00f6till\u00e4<\/h2>\n<p>Etanapyydyksi\u00e4 voi k\u00e4ytt\u00e4\u00e4 vihannesten, taimien ja herkkien kasvien suojaamiseen etanojen ja kotiloiden aiheuttamilta tuhoilta puutarhassa ja viljelyksill\u00e4. Pyydykset on varustettu sy\u00f6till\u00e4 ja ovat uudelleenk\u00e4ytett\u00e4vi\u00e4. Parhaan tuloksen saavuttamiseksi asenna pyydykset mahdollisimman varhaisessa vaiheessa, ennen kuin etanat ilmestyv\u00e4t.  <\/p>\n<p>&nbsp;<\/p>\n<ul>\n<li><b><span class=\"citation-1\">Peittoalue:<\/span><\/b><span class=\"citation-1 citation-end-1\"> Kattaa yli 60 m\u00b2 alueen koko kasvukauden ajan.<\/span><\/li>\n<li><b>K\u00e4ytt\u00f6:<\/b> Irrota kansi ja aseta pyydys maahan, varmistaen, ett\u00e4 sivuaukko j\u00e4\u00e4 maanpinnan yl\u00e4puolelle. Aseta sy\u00f6tti pyydykseen, lis\u00e4\u00e4 4 cm vett\u00e4. Aseta kansi takaisin ja varmista, ett\u00e4 se on tiukasti kiinni. Tarkista pyydys s\u00e4\u00e4nn\u00f6llisesti ja tyhjenn\u00e4 sis\u00e4lt\u00f6. Kun pyydys on tyhj\u00e4, huuhtele ja t\u00e4yt\u00e4 sy\u00f6tti uudelleen.    <\/li>\n<li><b>K\u00e4ytt\u00f6kohde:<\/b> Etanojen vahingoittamat alueet.<\/li>\n<li><b>K\u00e4ytt\u00f6aika:<\/b> Parhaan tuloksen saavuttamiseksi aseta pyydykset kylv\u00f6n yhteydess\u00e4, ennen kuin etanat ja kotilot vahingoittavat kasveja.<\/li>\n<li><b>Torjuttavat tuholaiset:<\/b><span class=\"citation-0 citation-end-0\"> Etanat ja kotilot.<\/span><\/li>\n<\/ul>\n","protected":false},"excerpt":{"rendered":"<ul>\n<li><span class=\"citation-6 citation-end-6\">Pyydyst\u00e4\u00e4 turvallisesti etanat ja kotilot.<\/span><\/li>\n<li><span class=\"citation-5 citation-end-5\">K\u00e4tev\u00e4 kaksoispakkaus.<\/span><\/li>\n<li><span class=\"citation-4 citation-end-4\">Mukana myrkyt\u00f6n sy\u00f6tti.<\/span><\/li>\n<li><span class=\"citation-3 citation-end-3\">Sopii luomuviljelyyn.<\/span><\/li>\n<li><span class=\"citation-2 citation-end-2\">Huomaamaton ja uudelleenk\u00e4ytett\u00e4v\u00e4 muotoilu.<\/span><\/li>\n<\/ul>\n","protected":false},"featured_media":51929,"template":"","meta":{"_acf_changed":false,"_seopress_robots_primary_cat":"none","_seopress_titles_title":"","_seopress_titles_desc":"","_seopress_robots_index":"","_gspb_post_css":""},"product_brand":[],"product_cat":[2922,2392,2356,2360],"product_tag":[],"class_list":{"0":"post-55391","1":"product","2":"type-product","3":"status-publish","4":"has-post-thumbnail","6":"product_cat-tigude-torjunta","7":"product_cat-kaikki-luokat","8":"product_cat-puutarhan-ja-kasvien-suojelu","9":"product_cat-kasvintuholaisten-torjunta","11":"first","12":"instock","13":"taxable","14":"shipping-taxable","15":"purchasable","16":"product-type-simple"},"ct_brands":[],"acf":[],"_links":{"self":[{"href":"https:\/\/agrozone.ee\/fi\/wp-json\/wp\/v2\/product\/55391","targetHints":{"allow":["GET"]}}],"collection":[{"href":"https:\/\/agrozone.ee\/fi\/wp-json\/wp\/v2\/product"}],"about":[{"href":"https:\/\/agrozone.ee\/fi\/wp-json\/wp\/v2\/types\/product"}],"wp:featuredmedia":[{"embeddable":true,"href":"https:\/\/agrozone.ee\/fi\/wp-json\/wp\/v2\/media\/51929"}],"wp:attachment":[{"href":"https:\/\/agrozone.ee\/fi\/wp-json\/wp\/v2\/media?parent=55391"}],"wp:term":[{"taxonomy":"product_brand","embeddable":true,"href":"https:\/\/agrozone.ee\/fi\/wp-json\/wp\/v2\/product_brand?post=55391"},{"taxonomy":"product_cat","embeddable":true,"href":"https:\/\/agrozone.ee\/fi\/wp-json\/wp\/v2\/product_cat?post=55391"},{"taxonomy":"product_tag","embeddable":true,"href":"https:\/\/agrozone.ee\/fi\/wp-json\/wp\/v2\/product_tag?post=55391"}],"curies":[{"name":"wp","href":"https:\/\/api.w.org\/{rel}","templated":true}]}}