{"id":55392,"date":"2025-07-11T07:43:07","date_gmt":"2025-07-11T05:43:07","guid":{"rendered":"https:\/\/agrozone.ee\/toode\/valkoinen-itsekiinnittyva-tarranauha-5-m-x-25-cm\/"},"modified":"2025-07-11T07:43:07","modified_gmt":"2025-07-11T05:43:07","slug":"valkoinen-itsekiinnittyva-tarranauha-5-m-x-25-cm","status":"publish","type":"product","link":"https:\/\/agrozone.ee\/fi\/tuote\/valkoinen-itsekiinnittyva-tarranauha-5-m-x-25-cm\/","title":{"rendered":"Valkoinen itsekiinnittyv\u00e4 tarranauha 5 m x 2,5 cm"},"content":{"rendered":"<p><span class=\"citation-17 citation-end-17\">25 mm itsekiinnittyv\u00e4 tarranauha \u2013 k\u00e4tev\u00e4 asennus ilman porausta<\/span><\/p>\n<div class=\"source-inline-chip-container ng-star-inserted\"><\/div>\n<h3>RUHHY itsekiinnittyv\u00e4n tarranauhan t\u00e4rkeimm\u00e4t ominaisuudet:<\/h3>\n<ul>\n<li><b><span class=\"citation-16\">Vahva itsekiinnittyv\u00e4 liima<\/span><\/b><span class=\"citation-16 citation-end-16\"> \u2013 takaa pysyv\u00e4n kiinnityksen eri pinnoille.<\/span><\/li>\n<li><b>Nopea asennus ja irrotus<\/b> \u2013 ihanteellinen ratkaisu ilman poraustarvetta.<\/li>\n<li><b>Leikattavissa kokoon sopivaksi<\/b> \u2013 mukauta nauhan pituus tarpeidesi mukaan.<\/li>\n<li><b><span class=\"citation-15\">Tarra- ja koukkupuoli yhdess\u00e4<\/span><\/b><span class=\"citation-15 citation-end-15\"> \u2013 vahva ja uudelleenk\u00e4ytett\u00e4v\u00e4 elementtien liitos.<\/span><\/li>\n<li><b>Yleisk\u00e4ytt\u00f6inen valkoinen v\u00e4ri<\/b> \u2013 huomaamaton k\u00e4ytt\u00f6 kotona, toimistossa ja ty\u00f6pajassa.<\/li>\n<li><b><span class=\"citation-14\">Kantavuus jopa 320 g<\/span><\/b><span class=\"citation-14 citation-end-14\"> \u2013 esineiden ja tarvikkeiden vakaa pito.<\/span><\/li>\n<li><b>Pituus jopa 5 metri\u00e4<\/b> \u2013 riitt\u00e4v\u00e4 moniin sovelluksiin ja tee-se-itse-projekteihin.<\/li>\n<li><b>Kevyt ja joustava rakenne<\/b> \u2013 helppo s\u00e4ilytt\u00e4\u00e4 ja asentaa.<\/li>\n<li><b><span class=\"citation-13\">Materiaali: nailon ja polyesteri<\/span><\/b><span class=\"citation-13 citation-end-13\"> \u2013 kest\u00e4vyys ja venym\u00e4tt\u00f6myys.<\/span><\/li>\n<\/ul>\n<ul>\n<li><span class=\"citation-12 citation-end-12\"><strong>Mitat<\/strong>: 2,5 x 500 cm<\/span><\/li>\n<li><b>V\u00e4ri:<\/b> valkoinen<\/li>\n<li><b><span class=\"citation-9\">Materiaali:<\/span><\/b><span class=\"citation-9 citation-end-9\"> nailon, polyesteri<\/span><\/li>\n<\/ul>\n<p>&nbsp;<\/p>\n<h3>Varoitukset:<\/h3>\n<ul>\n<li>K\u00e4yt\u00e4 sileill\u00e4, puhtailla ja kuivilla pinnoilla.<\/li>\n<li>\u00c4l\u00e4 k\u00e4yt\u00e4 kosteilla, rasvaisilla pinnoilla, koska se voi heikent\u00e4\u00e4 tarttuvuutta.<\/li>\n<li>\u00c4l\u00e4 k\u00e4yt\u00e4 raskaiden esineiden kiinnitt\u00e4miseen, jotka voivat pudota ja vahingoittua.<\/li>\n<li>V\u00e4lt\u00e4 kosketusta veden ja korkean kosteuden kanssa, koska se voi vaikuttaa liiman kest\u00e4vyyteen.<\/li>\n<li>S\u00e4ilyt\u00e4 kuivassa paikassa, poissa l\u00e4mm\u00f6nl\u00e4hteist\u00e4 ja UV-s\u00e4teilyst\u00e4, jotka voivat heikent\u00e4\u00e4 tarttuvuutta.<\/li>\n<li>Vain sis\u00e4k\u00e4ytt\u00f6\u00f6n.<\/li>\n<li>Tarranauhan poistamiseksi pintaa vahingoittamatta voit l\u00e4mmitt\u00e4\u00e4 sit\u00e4 hiustenkuivaajalla ja irrottaa varovasti.<\/li>\n<\/ul>\n","protected":false},"excerpt":{"rendered":"<p>25 mm itsekiinnittyv\u00e4 tarranauha \u2013 k\u00e4tev\u00e4 asennus ilman porausta RUHHY itsekiinnittyv\u00e4n tarranauhan t\u00e4rkeimm\u00e4t ominaisuudet: Vahva itsekiinnittyv\u00e4 liima \u2013 takaa pysyv\u00e4n kiinnityksen eri pinnoille. Nopea asennus ja irrotus \u2013 ihanteellinen ratkaisu ilman poraustarvetta. Leikattavissa kokoon sopivaksi \u2013 mukauta nauhan pituus tarpeidesi mukaan. Tarra- ja koukkupuoli yhdess\u00e4 \u2013 vahva ja uudelleenk\u00e4ytett\u00e4v\u00e4 elementtien liitos. Yleisk\u00e4ytt\u00f6inen valkoinen v\u00e4ri \u2013 [&hellip;]<\/p>\n","protected":false},"featured_media":51975,"template":"","meta":{"_acf_changed":false,"_seopress_robots_primary_cat":"","_seopress_titles_title":"","_seopress_titles_desc":"","_seopress_robots_index":"","_gspb_post_css":""},"product_brand":[],"product_cat":[2392,2368,2363],"product_tag":[],"class_list":{"0":"post-55392","1":"product","2":"type-product","3":"status-publish","4":"has-post-thumbnail","6":"product_cat-kaikki-luokat","7":"product_cat-kasvihuoneet-lisavarusteet","8":"product_cat-puutarhatarvikkeet","10":"first","11":"instock","12":"taxable","13":"shipping-taxable","14":"purchasable","15":"product-type-simple"},"ct_brands":[],"acf":[],"_links":{"self":[{"href":"https:\/\/agrozone.ee\/fi\/wp-json\/wp\/v2\/product\/55392","targetHints":{"allow":["GET"]}}],"collection":[{"href":"https:\/\/agrozone.ee\/fi\/wp-json\/wp\/v2\/product"}],"about":[{"href":"https:\/\/agrozone.ee\/fi\/wp-json\/wp\/v2\/types\/product"}],"wp:featuredmedia":[{"embeddable":true,"href":"https:\/\/agrozone.ee\/fi\/wp-json\/wp\/v2\/media\/51975"}],"wp:attachment":[{"href":"https:\/\/agrozone.ee\/fi\/wp-json\/wp\/v2\/media?parent=55392"}],"wp:term":[{"taxonomy":"product_brand","embeddable":true,"href":"https:\/\/agrozone.ee\/fi\/wp-json\/wp\/v2\/product_brand?post=55392"},{"taxonomy":"product_cat","embeddable":true,"href":"https:\/\/agrozone.ee\/fi\/wp-json\/wp\/v2\/product_cat?post=55392"},{"taxonomy":"product_tag","embeddable":true,"href":"https:\/\/agrozone.ee\/fi\/wp-json\/wp\/v2\/product_tag?post=55392"}],"curies":[{"name":"wp","href":"https:\/\/api.w.org\/{rel}","templated":true}]}}