{"id":55393,"date":"2025-07-11T07:35:59","date_gmt":"2025-07-11T05:35:59","guid":{"rendered":"https:\/\/agrozone.ee\/toode\/pengerreuna-4-cm-x-10-m\/"},"modified":"2025-07-11T07:35:59","modified_gmt":"2025-07-11T05:35:59","slug":"pengerreuna-4-cm-x-10-m","status":"publish","type":"product","link":"https:\/\/agrozone.ee\/fi\/tuote\/pengerreuna-4-cm-x-10-m\/","title":{"rendered":"Pengerreuna 4 cm x 10 m"},"content":{"rendered":"<p>Nurmikonreunus 10 m musta 20 kiinnikkeell\u00e4 \u2013 joustavat nurmikonreunat puutarhaasi!<\/p>\n<ul>\n<li><b>Kest\u00e4v\u00e4 my\u00f6s haastavassa maaper\u00e4ss\u00e4 (esim. savi tai hiekka)<\/b> \u2013 sarjassa on jopa 20 vahvaa, 18 cm pitk\u00e4\u00e4 kiinnitysankkuria, jotka takaavat pysyv\u00e4n asennuksen my\u00f6s v\u00e4hemm\u00e4n vakaassa maaper\u00e4ss\u00e4. Reunus ei liiku ja s\u00e4ilytt\u00e4\u00e4 muotonsa pitk\u00e4\u00e4n. <\/li>\n<li><b>Kest\u00e4\u00e4 kovaa pakkasta, sadetta ja aurinkoa<\/b> \u2013 reunus on valmistettu materiaalista, joka kest\u00e4\u00e4 auringonvaloa, sadetta, pakkasta ja lunta, mik\u00e4 tarkoittaa, ettei se halkeile, haalistu tai muodonmuutu edes monien kausien k\u00e4yt\u00f6n j\u00e4lkeen.<\/li>\n<li><b>Helppo asennus ilman erikoisty\u00f6kaluja<\/b> \u2013 nopea ja helppo asennus ilman erikoisty\u00f6kaluja, aseta vain reunus, leikkaa tarvittaessa saksilla tai oksasaksilla ja kiinnit\u00e4 ankkurit. Kuka tahansa pystyy asennukseen 10 minuutissa. <\/li>\n<li><b>Voit itse mukauttaa reunan pituutta puutarhaasi<\/b> \u2013 nurmikonreunusta voi helposti leikata, joten voit sovittaa ne t\u00e4ydellisesti jokaiseen tilaan: aallot, ympyr\u00e4t, suorat linjat tai kaaret.<\/li>\n<li><b>4 cm korkea<\/b> \u2013 t\u00e4m\u00e4 optimaalinen korkeus est\u00e4\u00e4 tehokkaasti nurmikon ja kasvien juurten levi\u00e4misen, antaen samalla puutarhalle esteettisen ja siistin ulkon\u00e4\u00f6n.<\/li>\n<li><b>N\u00e4ytt\u00e4\u00e4 hyv\u00e4lt\u00e4 puutarhassasi<\/b> \u2013 puutarhareunus ei ainoastaan j\u00e4rjest\u00e4 tilaa, vaan antaa my\u00f6s kukkapenkeille ja poluille ammattimaisen, esteettisen ulkon\u00e4\u00f6n, ja musta, elegantti viimeistely sopii t\u00e4ydellisesti kokonaisuuteen.<\/li>\n<li><b>Kest\u00e4v\u00e4 tuote<\/b> \u2013 on tuhansien asiakkaiden arvostama br\u00e4ndi. Reunus on valmistettu paksusta PE:st\u00e4, mik\u00e4 takaa kest\u00e4vyyden mekaanisia vaurioita sek\u00e4 maaper\u00e4n tai kasvillisuuden painetta vastaan. Ostat kerran \u2013 k\u00e4yt\u00e4t useita kausia.  <\/li>\n<\/ul>\n<hr>\n<p>&nbsp;<\/p>\n<h3>Reunuksen tekniset tiedot:<\/h3>\n<ul>\n<li><b>Mitat:<\/b> 4 cm x 10 m<\/li>\n<li><b>Paino:<\/b> 1,36 kg<\/li>\n<li><b>V\u00e4ri:<\/b> musta<\/li>\n<li><b>Materiaali:<\/b> PE lis\u00e4aineilla<\/li>\n<\/ul>\n<hr>\n<p>&nbsp;<\/p>\n<h3>Pakkaus sis\u00e4lt\u00e4\u00e4:<\/h3>\n<ul>\n<li>Nurmikonreunus<\/li>\n<li>20 kiinnitystappia<\/li>\n<li>K\u00e4ytt\u00f6ohjeet<\/li>\n<\/ul>\n","protected":false},"excerpt":{"rendered":"<p>Nurmikonreunus 10 m musta 20 kiinnikkeell\u00e4 \u2013 joustavat nurmikonreunat puutarhaasi! Kest\u00e4v\u00e4 my\u00f6s haastavassa maaper\u00e4ss\u00e4 (esim. savi tai hiekka) \u2013 sarjassa on jopa 20 vahvaa, 18 cm pitk\u00e4\u00e4 kiinnitysankkuria, jotka takaavat pysyv\u00e4n asennuksen my\u00f6s v\u00e4hemm\u00e4n vakaassa maaper\u00e4ss\u00e4. Reunus ei liiku ja s\u00e4ilytt\u00e4\u00e4 muotonsa pitk\u00e4\u00e4n. Kest\u00e4\u00e4 kovaa pakkasta, sadetta ja aurinkoa \u2013 reunus on valmistettu materiaalista, joka [&hellip;]<\/p>\n","protected":false},"featured_media":51956,"template":"","meta":{"_acf_changed":false,"_seopress_robots_primary_cat":"","_seopress_titles_title":"","_seopress_titles_desc":"","_seopress_robots_index":"","_gspb_post_css":""},"product_brand":[],"product_cat":[2392,2368,2363,2376],"product_tag":[],"class_list":{"0":"post-55393","1":"product","2":"type-product","3":"status-publish","4":"has-post-thumbnail","6":"product_cat-kaikki-luokat","7":"product_cat-kasvihuoneet-lisavarusteet","8":"product_cat-puutarhatarvikkeet","9":"product_cat-kasvitukia","11":"first","12":"instock","13":"taxable","14":"shipping-taxable","15":"purchasable","16":"product-type-simple"},"ct_brands":[],"acf":[],"_links":{"self":[{"href":"https:\/\/agrozone.ee\/fi\/wp-json\/wp\/v2\/product\/55393","targetHints":{"allow":["GET"]}}],"collection":[{"href":"https:\/\/agrozone.ee\/fi\/wp-json\/wp\/v2\/product"}],"about":[{"href":"https:\/\/agrozone.ee\/fi\/wp-json\/wp\/v2\/types\/product"}],"wp:featuredmedia":[{"embeddable":true,"href":"https:\/\/agrozone.ee\/fi\/wp-json\/wp\/v2\/media\/51956"}],"wp:attachment":[{"href":"https:\/\/agrozone.ee\/fi\/wp-json\/wp\/v2\/media?parent=55393"}],"wp:term":[{"taxonomy":"product_brand","embeddable":true,"href":"https:\/\/agrozone.ee\/fi\/wp-json\/wp\/v2\/product_brand?post=55393"},{"taxonomy":"product_cat","embeddable":true,"href":"https:\/\/agrozone.ee\/fi\/wp-json\/wp\/v2\/product_cat?post=55393"},{"taxonomy":"product_tag","embeddable":true,"href":"https:\/\/agrozone.ee\/fi\/wp-json\/wp\/v2\/product_tag?post=55393"}],"curies":[{"name":"wp","href":"https:\/\/api.w.org\/{rel}","templated":true}]}}