{"id":55478,"date":"2026-01-10T12:44:42","date_gmt":"2026-01-10T10:44:42","guid":{"rendered":"https:\/\/agrozone.ee\/toode\/liukastumisen-esto-kevytsora-8-l-muovipussi\/"},"modified":"2026-01-10T12:44:42","modified_gmt":"2026-01-10T10:44:42","slug":"liukastumisen-esto-kevytsora-8-l-muovipussi","status":"publish","type":"product","link":"https:\/\/agrozone.ee\/fi\/tuote\/liukastumisen-esto-kevytsora-8-l-muovipussi\/","title":{"rendered":"Liukastumisen esto kevytsora 8 l muovipussi"},"content":{"rendered":"<p data-path-to-node=\"14\">Etsittek\u00f6 nopeaa ja helppoa ratkaisua j\u00e4iselle sis\u00e4\u00e4ntulov\u00e4yl\u00e4lle tai ulkoportaisiin? Baltic Agron 8 <b data-path-to-node=\"14\" data-index-in-node=\"120\"><b data-path-to-node=\"14\" data-index-in-node=\"120\">litran liukastumisen esto kevytsora<\/b><\/b> on ihanteellinen valinta pienten pintojen turvallisuuden parantamiseen. <\/p>\n<p data-path-to-node=\"15\">Toisin kuin suola tai graniittimurske, murskattu kevytsora on eritt\u00e4in kevytt\u00e4 ja <b data-path-to-node=\"15\" data-index-in-node=\"85\">ymp\u00e4rist\u00f6yst\u00e4v\u00e4llist\u00e4<\/b>. Sen ter\u00e4v\u00e4t reunat tarttuvat v\u00e4litt\u00f6m\u00e4sti j\u00e4\u00e4h\u00e4n tarjoten varman jalansijan kaikkein liukkaimmallakin s\u00e4\u00e4ll\u00e4. <\/p>\n<ul data-path-to-node=\"16\">\n<li>\n<p data-path-to-node=\"16,0,0\"><b data-path-to-node=\"16,0,0\" data-index-in-node=\"0\">Kompakti koko:<\/b> 8 litran pussi on tarpeeksi kevyt jokaisen nostettavaksi \u2013 ihanteellinen senioreille.<\/p>\n<\/li>\n<li>\n<p data-path-to-node=\"16,1,0\"><b data-path-to-node=\"16,1,0\" data-index-in-node=\"0\">Ei kuraa:<\/b> Kev\u00e4\u00e4ll\u00e4 voit lakaista rakeet kukkapenkkiin, miss\u00e4 ne parantavat mullan ominaisuuksia.<\/p>\n<\/li>\n<li>\n<p data-path-to-node=\"16,2,0\"><b data-path-to-node=\"16,2,0\" data-index-in-node=\"0\">Riittoisa:<\/b> Kattaa noin 80 m\u00b2 k\u00e4velypintaa.<\/p>\n<\/li>\n<\/ul>\n","protected":false},"excerpt":{"rendered":"<p>Etsittek\u00f6 nopeaa ja helppoa ratkaisua j\u00e4iselle sis\u00e4\u00e4ntulov\u00e4yl\u00e4lle tai ulkoportaisiin? Baltic Agron 8 litran liukastumisen esto kevytsora on ihanteellinen valinta pienten pintojen turvallisuuden parantamiseen. Toisin kuin suola tai graniittimurske, murskattu kevytsora on eritt\u00e4in kevytt\u00e4 ja ymp\u00e4rist\u00f6yst\u00e4v\u00e4llist\u00e4. Sen ter\u00e4v\u00e4t reunat tarttuvat v\u00e4litt\u00f6m\u00e4sti j\u00e4\u00e4h\u00e4n tarjoten varman jalansijan kaikkein liukkaimmallakin s\u00e4\u00e4ll\u00e4. Kompakti koko: 8 litran pussi on tarpeeksi kevyt [&hellip;]<\/p>\n","protected":false},"featured_media":55477,"template":"","meta":{"_acf_changed":false,"_seopress_robots_primary_cat":"none","_seopress_titles_title":"Liukastumisen esto kevytsora 8 l \u2013 Mukava pienpakkaus portaisiin","_seopress_titles_desc":"V\u00e4lt\u00e4 liukastumista kotitportailla! Baltic Agro 8 l kevytsora on kevyt, luonnollinen ja tehokas liukastumisen estoaine. Turvallinen lemmikeille ja jalkineille. Osta t\u00e4st\u00e4!   ","_seopress_robots_index":"","_gspb_post_css":""},"product_brand":[2906],"product_cat":[2392,2371,2363],"product_tag":[],"class_list":{"0":"post-55478","1":"product","2":"type-product","3":"status-publish","4":"has-post-thumbnail","6":"product_brand-baltic-agro","7":"product_cat-kaikki-luokat","8":"product_cat-liukkauden-torjunta","9":"product_cat-puutarhatarvikkeet","11":"first","12":"instock","13":"taxable","14":"shipping-taxable","15":"purchasable","16":"product-type-simple"},"ct_brands":[{"id":2906,"name":"Baltic Agro","slug":"baltic-agro"}],"acf":[],"_links":{"self":[{"href":"https:\/\/agrozone.ee\/fi\/wp-json\/wp\/v2\/product\/55478","targetHints":{"allow":["GET"]}}],"collection":[{"href":"https:\/\/agrozone.ee\/fi\/wp-json\/wp\/v2\/product"}],"about":[{"href":"https:\/\/agrozone.ee\/fi\/wp-json\/wp\/v2\/types\/product"}],"wp:featuredmedia":[{"embeddable":true,"href":"https:\/\/agrozone.ee\/fi\/wp-json\/wp\/v2\/media\/55477"}],"wp:attachment":[{"href":"https:\/\/agrozone.ee\/fi\/wp-json\/wp\/v2\/media?parent=55478"}],"wp:term":[{"taxonomy":"product_brand","embeddable":true,"href":"https:\/\/agrozone.ee\/fi\/wp-json\/wp\/v2\/product_brand?post=55478"},{"taxonomy":"product_cat","embeddable":true,"href":"https:\/\/agrozone.ee\/fi\/wp-json\/wp\/v2\/product_cat?post=55478"},{"taxonomy":"product_tag","embeddable":true,"href":"https:\/\/agrozone.ee\/fi\/wp-json\/wp\/v2\/product_tag?post=55478"}],"curies":[{"name":"wp","href":"https:\/\/api.w.org\/{rel}","templated":true}]}}