{"id":55482,"date":"2026-01-10T12:54:19","date_gmt":"2026-01-10T10:54:19","guid":{"rendered":"https:\/\/agrozone.ee\/toode\/liukastumisen-esto-kevytsora-10-l-ampari\/"},"modified":"2026-01-10T12:54:19","modified_gmt":"2026-01-10T10:54:19","slug":"liukastumisen-esto-kevytsora-10-l-ampari","status":"publish","type":"product","link":"https:\/\/agrozone.ee\/fi\/tuote\/liukastumisen-esto-kevytsora-10-l-ampari\/","title":{"rendered":"Liukastumisen esto kevytsora 10 l \u00e4mp\u00e4ri"},"content":{"rendered":"<p data-path-to-node=\"32\">Mukavuus ennen kaikkea! Baltic Agron<b data-path-to-node=\"32\" data-index-in-node=\"46\"> liukastumisen esto kevytsora 10 l \u00e4mp\u00e4riss\u00e4<\/b> on luotu niille, jotka arvostavat puhtautta ja k\u00e4ytt\u00f6mukavuutta. \u00c4mp\u00e4ri on tiiviisti suljettava, mik\u00e4 suojaa rakeita kosteudelta ja est\u00e4\u00e4 niit\u00e4 levi\u00e4m\u00e4st\u00e4 ymp\u00e4riins\u00e4.  <\/p>\n<p data-path-to-node=\"33\">T\u00e4m\u00e4 on t\u00e4ydellinen ratkaisu s\u00e4ilytett\u00e4v\u00e4ksi <b data-path-to-node=\"33\" data-index-in-node=\"36\">autossa<\/b> (silt\u00e4 varalta, ett\u00e4 j\u00e4\u00e4t kiinni tai on tarpeen torjua liukkautta parkkipaikalla) tai suoraan ulko-oven vieress\u00e4.<\/p>\n<ul data-path-to-node=\"34\">\n<li>\n<p data-path-to-node=\"34,0,0\"><b data-path-to-node=\"34,0,0\" data-index-in-node=\"0\">K\u00e4ytt\u00f6valmis:<\/b> Ota \u00e4mp\u00e4ri ja sirottele kevytsoraa juuri sinne, miss\u00e4 sit\u00e4 tarvitaan \u2013 lapioimista ei tarvita.<\/p>\n<\/li>\n<li>\n<p data-path-to-node=\"34,1,0\"><b data-path-to-node=\"34,1,0\" data-index-in-node=\"0\">Uudelleenk\u00e4ytett\u00e4v\u00e4 pakkaus:<\/b> Talven j\u00e4lkeen voit k\u00e4ytt\u00e4\u00e4 tukevaa \u00e4mp\u00e4ri\u00e4 puutarhat\u00f6iss\u00e4 tai kotitaloudessa.<\/p>\n<\/li>\n<li>\n<p data-path-to-node=\"34,2,0\"><b data-path-to-node=\"34,2,0\" data-index-in-node=\"0\">Tehokkuus:<\/b> 3 kg painava \u00e4mp\u00e4ri on kevyt, mutta se kattaa yht\u00e4 suuren alueen kuin 25\u201330 kg raskasta graniittimursketta.<\/p>\n<\/li>\n<\/ul>\n","protected":false},"excerpt":{"rendered":"<p>Mukavuus ennen kaikkea! Baltic Agron liukastumisen esto kevytsora 10 l \u00e4mp\u00e4riss\u00e4 on luotu niille, jotka arvostavat puhtautta ja k\u00e4ytt\u00f6mukavuutta. \u00c4mp\u00e4ri on tiiviisti suljettava, mik\u00e4 suojaa rakeita kosteudelta ja est\u00e4\u00e4 niit\u00e4 levi\u00e4m\u00e4st\u00e4 ymp\u00e4riins\u00e4. T\u00e4m\u00e4 on t\u00e4ydellinen ratkaisu s\u00e4ilytett\u00e4v\u00e4ksi autossa (silt\u00e4 varalta, ett\u00e4 j\u00e4\u00e4t kiinni tai on tarpeen torjua liukkautta parkkipaikalla) tai suoraan ulko-oven vieress\u00e4. K\u00e4ytt\u00f6valmis: Ota [&hellip;]<\/p>\n","protected":false},"featured_media":55481,"template":"","meta":{"_acf_changed":false,"_seopress_robots_primary_cat":"","_seopress_titles_title":"Liukastumisen esto kevytsora 10 l \u00e4mp\u00e4riss\u00e4 \u2013 Mukava ja puhas varastoida","_seopress_titles_desc":"Hyv\u00e4sti rikkoutuneet pussit! Baltic Agro -kevytsora k\u00e4tev\u00e4ss\u00e4 10 litran \u00e4mp\u00e4riss\u00e4. S\u00e4ilyt\u00e4 autossa tai portailla. Uudelleenk\u00e4ytett\u00e4v\u00e4 astia ja tehokas liukastumisen esto samassa. Katso lis\u00e4\u00e4!    ","_seopress_robots_index":"","_gspb_post_css":""},"product_brand":[2906],"product_cat":[2392,2371,2363],"product_tag":[],"class_list":{"0":"post-55482","1":"product","2":"type-product","3":"status-publish","4":"has-post-thumbnail","6":"product_brand-baltic-agro","7":"product_cat-kaikki-luokat","8":"product_cat-liukkauden-torjunta","9":"product_cat-puutarhatarvikkeet","11":"first","12":"instock","13":"taxable","14":"shipping-taxable","15":"purchasable","16":"product-type-simple"},"ct_brands":[{"id":2906,"name":"Baltic Agro","slug":"baltic-agro"}],"acf":[],"_links":{"self":[{"href":"https:\/\/agrozone.ee\/fi\/wp-json\/wp\/v2\/product\/55482","targetHints":{"allow":["GET"]}}],"collection":[{"href":"https:\/\/agrozone.ee\/fi\/wp-json\/wp\/v2\/product"}],"about":[{"href":"https:\/\/agrozone.ee\/fi\/wp-json\/wp\/v2\/types\/product"}],"wp:featuredmedia":[{"embeddable":true,"href":"https:\/\/agrozone.ee\/fi\/wp-json\/wp\/v2\/media\/55481"}],"wp:attachment":[{"href":"https:\/\/agrozone.ee\/fi\/wp-json\/wp\/v2\/media?parent=55482"}],"wp:term":[{"taxonomy":"product_brand","embeddable":true,"href":"https:\/\/agrozone.ee\/fi\/wp-json\/wp\/v2\/product_brand?post=55482"},{"taxonomy":"product_cat","embeddable":true,"href":"https:\/\/agrozone.ee\/fi\/wp-json\/wp\/v2\/product_cat?post=55482"},{"taxonomy":"product_tag","embeddable":true,"href":"https:\/\/agrozone.ee\/fi\/wp-json\/wp\/v2\/product_tag?post=55482"}],"curies":[{"name":"wp","href":"https:\/\/api.w.org\/{rel}","templated":true}]}}