{"id":55486,"date":"2026-01-10T12:56:05","date_gmt":"2026-01-10T10:56:05","guid":{"rendered":"https:\/\/agrozone.ee\/toode\/liukastumisen-esto-kevytsora-25-l\/"},"modified":"2026-01-10T12:56:05","modified_gmt":"2026-01-10T10:56:05","slug":"liukastumisen-esto-kevytsora-25-l","status":"publish","type":"product","link":"https:\/\/agrozone.ee\/fi\/tuote\/liukastumisen-esto-kevytsora-25-l\/","title":{"rendered":"Liukastumisen esto kevytsora 25 l"},"content":{"rendered":"<p data-path-to-node=\"41\">Onko teill\u00e4 suurempi piha, pitk\u00e4 ajotie tai hallinnoitteko pient\u00e4 toimistorakennusta? <b data-path-to-node=\"41\" data-index-in-node=\"93\">Baltic Agron 25 litran kevytsoras\u00e4kki tarjoaa<\/b> ammattimaista liukkaudentorjuntaa taloudellisessa pakkauksessa.<\/p>\n<p data-path-to-node=\"42\">Unohda raskaat hiekkas\u00e4kit. T\u00e4m\u00e4 25 litran s\u00e4kki on yll\u00e4tt\u00e4v\u00e4n kevyt (n. 7\u20138 kg), mik\u00e4 tekee levitt\u00e4misest\u00e4 helppoa ty\u00f6t\u00e4, joka ei rasita selk\u00e4\u00e4. <\/p>\n<ul data-path-to-node=\"43\">\n<li>\n<p data-path-to-node=\"43,0,0\"><b data-path-to-node=\"43,0,0\" data-index-in-node=\"0\">Pitk\u00e4aikainen vaikutus:<\/b> Materiaalin karhea rakenne pysyy vakaana j\u00e4\u00e4ll\u00e4 eik\u00e4 se &#8220;rullaa&#8221; jalan alla kuten py\u00f6re\u00e4t kivet.<\/p>\n<\/li>\n<li>\n<p data-path-to-node=\"43,1,0\"><b data-path-to-node=\"43,1,0\" data-index-in-node=\"0\">Yleisk\u00e4ytt\u00f6inen:<\/b> Sopii k\u00e4ytett\u00e4v\u00e4ksi puuterasseilla, betonilla ja asfaltilla pintoja naarmuttamatta tai sy\u00f6vytt\u00e4m\u00e4tt\u00e4.<\/p>\n<\/li>\n<li>\n<p data-path-to-node=\"43,2,0\"><b data-path-to-node=\"43,2,0\" data-index-in-node=\"0\">Hy\u00f6ty kev\u00e4isin:<\/b> Talven p\u00e4\u00e4tytty\u00e4 se on erinomainen maanparannusaine kukkapenkkeihin tai nurmikolle.<\/p>\n<\/li>\n<\/ul>\n","protected":false},"excerpt":{"rendered":"<p>Onko teill\u00e4 suurempi piha, pitk\u00e4 ajotie tai hallinnoitteko pient\u00e4 toimistorakennusta? Baltic Agron 25 litran kevytsoras\u00e4kki tarjoaa ammattimaista liukkaudentorjuntaa taloudellisessa pakkauksessa. Unohda raskaat hiekkas\u00e4kit. T\u00e4m\u00e4 25 litran s\u00e4kki on yll\u00e4tt\u00e4v\u00e4n kevyt (n. 7\u20138 kg), mik\u00e4 tekee levitt\u00e4misest\u00e4 helppoa ty\u00f6t\u00e4, joka ei rasita selk\u00e4\u00e4. Pitk\u00e4aikainen vaikutus: Materiaalin karhea rakenne pysyy vakaana j\u00e4\u00e4ll\u00e4 eik\u00e4 se &#8220;rullaa&#8221; jalan alla [&hellip;]<\/p>\n","protected":false},"featured_media":55485,"template":"","meta":{"_acf_changed":false,"_seopress_robots_primary_cat":"","_seopress_titles_title":"Liukastumisen esto kevytsora 25 l \u2013 Suuri s\u00e4kki kotiin ja toimistolle.","_seopress_titles_desc":"Taloudellinen valinta suuremmalle pinta-alalle! 25 l kevytsoraa takaa liukastumisen eston jopa 250 m\u00b2 alueella. Luonnollinen, ei vahingoita jalkineita eik\u00e4 betonia. Osta heti!   ","_seopress_robots_index":"","_gspb_post_css":""},"product_brand":[2906],"product_cat":[2392,2371,2363],"product_tag":[],"class_list":{"0":"post-55486","1":"product","2":"type-product","3":"status-publish","4":"has-post-thumbnail","6":"product_brand-baltic-agro","7":"product_cat-kaikki-luokat","8":"product_cat-liukkauden-torjunta","9":"product_cat-puutarhatarvikkeet","11":"first","12":"outofstock","13":"taxable","14":"shipping-taxable","15":"purchasable","16":"product-type-simple"},"ct_brands":[{"id":2906,"name":"Baltic Agro","slug":"baltic-agro"}],"acf":[],"_links":{"self":[{"href":"https:\/\/agrozone.ee\/fi\/wp-json\/wp\/v2\/product\/55486","targetHints":{"allow":["GET"]}}],"collection":[{"href":"https:\/\/agrozone.ee\/fi\/wp-json\/wp\/v2\/product"}],"about":[{"href":"https:\/\/agrozone.ee\/fi\/wp-json\/wp\/v2\/types\/product"}],"wp:featuredmedia":[{"embeddable":true,"href":"https:\/\/agrozone.ee\/fi\/wp-json\/wp\/v2\/media\/55485"}],"wp:attachment":[{"href":"https:\/\/agrozone.ee\/fi\/wp-json\/wp\/v2\/media?parent=55486"}],"wp:term":[{"taxonomy":"product_brand","embeddable":true,"href":"https:\/\/agrozone.ee\/fi\/wp-json\/wp\/v2\/product_brand?post=55486"},{"taxonomy":"product_cat","embeddable":true,"href":"https:\/\/agrozone.ee\/fi\/wp-json\/wp\/v2\/product_cat?post=55486"},{"taxonomy":"product_tag","embeddable":true,"href":"https:\/\/agrozone.ee\/fi\/wp-json\/wp\/v2\/product_tag?post=55486"}],"curies":[{"name":"wp","href":"https:\/\/api.w.org\/{rel}","templated":true}]}}