{"id":55657,"date":"2026-01-23T08:02:11","date_gmt":"2026-01-23T06:02:11","guid":{"rendered":"https:\/\/agrozone.ee\/toode\/puutarhan-yleislannoite-2-kg\/"},"modified":"2026-01-23T08:02:11","modified_gmt":"2026-01-23T06:02:11","slug":"puutarhan-yleislannoite-2-kg","status":"publish","type":"product","link":"https:\/\/agrozone.ee\/fi\/tuote\/puutarhan-yleislannoite-2-kg\/","title":{"rendered":"Puutarhan yleislannoite 2 kg"},"content":{"rendered":"<p data-path-to-node=\"20\"><b data-path-to-node=\"20\" data-index-in-node=\"21\">Puutarhan yleislannoite 2 kg<\/b> on Agrozonen asiakkaiden suosikkivalinta kotitalouksiin. Jos tavoitteenasi on saada kasvihuoneestasi maksimaalinen ja maukas sato, on t\u00e4m\u00e4 kivenn\u00e4islannoite korvaamaton apulainen. <\/p>\n<p data-path-to-node=\"21\">Korkean kaliumpitoisuuden (20 %) ansiosta puutarhasi tuotteista \u2013 olivatpa ne tomaatteja, kurkkuja tai mansikoita \u2013 tulee makeampia, v\u00e4rikk\u00e4\u00e4mpi\u00e4 ja ne s\u00e4ilyv\u00e4t paremmin. Fosfori (9 %) huolehtii siit\u00e4, ett\u00e4 kasveille kehittyy vahva juuristo, joka on terveen kasvin perusta. <\/p>\n<p data-path-to-node=\"22\"><b data-path-to-node=\"22\" data-index-in-node=\"0\">Miss\u00e4 2 kg pakkausta k\u00e4ytet\u00e4\u00e4n?<\/b> T\u00e4m\u00e4 m\u00e4\u00e4r\u00e4 on ihanteellinen keskikokoisen kasvihuoneen ja muutaman penkin kausittaiseen hoitoon. Lannoite sopii erinomaisesti my\u00f6s ruusuille ja havupuille, antaen niille tarvittavia ravinteita kev\u00e4\u00e4st\u00e4 loppukes\u00e4\u00e4n. <\/p>\n<p data-path-to-node=\"23\">Vinkki: Maaper\u00e4n eli\u00f6st\u00f6n parantamiseksi sekoita kivenn\u00e4islannoite multaan yhdess\u00e4 orgaanisen lannoitteen kanssa.<\/p>\n","protected":false},"excerpt":{"rendered":"<p>Yleislannoite (NPK 11-9-20+Mg+S), joka kattaa keskiverto kotipuutarhan tarpeet. Erityisesti kehitetty tomaattien, kurkkujen ja perennoiden kasvun sek\u00e4 makuominaisuuksien parantamiseen. Riitt\u00e4\u00e4 jopa 60 m\u00b2 alueelle.  <\/p>\n","protected":false},"featured_media":55656,"template":"","meta":{"_acf_changed":false,"_seopress_robots_primary_cat":"","_seopress_titles_title":"Puutarhan yleislannoite 2 kg \u2013 Yleisk\u00e4ytt\u00f6inen kivenn\u00e4islannoite kotipuutarhaan","_seopress_titles_desc":"Optimaalinen 2 kg m\u00e4\u00e4r\u00e4 kotikasvihuoneeseen. NPK 11-9-20 takaa maukkaat tomaatit, kurkut ja perunat.  Sis\u00e4lt\u00e4\u00e4 hivenaineita. Tilaa Agrozonen verkkokaupasta!","_seopress_robots_index":"","_gspb_post_css":""},"product_brand":[2906],"product_cat":[2392,2438,2460],"product_tag":[],"class_list":{"0":"post-55657","1":"product","2":"type-product","3":"status-publish","4":"has-post-thumbnail","6":"product_brand-baltic-agro","7":"product_cat-kaikki-luokat","8":"product_cat-lannoitteet","9":"product_cat-puutarhalannoitteet","11":"first","12":"instock","13":"taxable","14":"shipping-taxable","15":"purchasable","16":"product-type-simple"},"ct_brands":[{"id":2906,"name":"Baltic Agro","slug":"baltic-agro"}],"acf":[],"_links":{"self":[{"href":"https:\/\/agrozone.ee\/fi\/wp-json\/wp\/v2\/product\/55657","targetHints":{"allow":["GET"]}}],"collection":[{"href":"https:\/\/agrozone.ee\/fi\/wp-json\/wp\/v2\/product"}],"about":[{"href":"https:\/\/agrozone.ee\/fi\/wp-json\/wp\/v2\/types\/product"}],"wp:featuredmedia":[{"embeddable":true,"href":"https:\/\/agrozone.ee\/fi\/wp-json\/wp\/v2\/media\/55656"}],"wp:attachment":[{"href":"https:\/\/agrozone.ee\/fi\/wp-json\/wp\/v2\/media?parent=55657"}],"wp:term":[{"taxonomy":"product_brand","embeddable":true,"href":"https:\/\/agrozone.ee\/fi\/wp-json\/wp\/v2\/product_brand?post=55657"},{"taxonomy":"product_cat","embeddable":true,"href":"https:\/\/agrozone.ee\/fi\/wp-json\/wp\/v2\/product_cat?post=55657"},{"taxonomy":"product_tag","embeddable":true,"href":"https:\/\/agrozone.ee\/fi\/wp-json\/wp\/v2\/product_tag?post=55657"}],"curies":[{"name":"wp","href":"https:\/\/api.w.org\/{rel}","templated":true}]}}