{"id":55878,"date":"2026-01-27T10:15:20","date_gmt":"2026-01-27T08:15:20","guid":{"rendered":"https:\/\/agrozone.ee\/toode\/suuri-metallinen-lintulauta-siemenille-k-45-cm\/"},"modified":"2026-01-27T10:15:20","modified_gmt":"2026-01-27T08:15:20","slug":"suuri-metallinen-lintulauta-siemenille-k-45-cm","status":"publish","type":"product","link":"https:\/\/agrozone.ee\/fi\/tuote\/suuri-metallinen-lintulauta-siemenille-k-45-cm\/","title":{"rendered":"Suuri metallinen lintulauta siemenille (K 45 cm)"},"content":{"rendered":"<p data-path-to-node=\"13\">Tuo el\u00e4m\u00e4\u00e4 puutarhaasi ja auta h\u00f6yhenpeitteisi\u00e4 yst\u00e4vi\u00e4 selvi\u00e4m\u00e4\u00e4n talvesta helpommin! T\u00e4m\u00e4 <b data-path-to-node=\"13\" data-index-in-node=\"77\">45 cm korkea ja tilava lintulauta<\/b> on suunniteltu kest\u00e4m\u00e4\u00e4n vuosia. Toisin kuin muoviset mallit, t\u00e4m\u00e4 on valmistettu <b data-path-to-node=\"13\" data-index-in-node=\"196\">tukevasta metallista<\/b> ja viimeistelty s\u00e4\u00e4nkest\u00e4v\u00e4ll\u00e4 <b data-path-to-node=\"13\" data-index-in-node=\"247\">jauhemaalilla<\/b>, joka suojaa korroosiolta jopa ankarimmissa olosuhteissa.  <\/p>\n<p data-path-to-node=\"14\"><b data-path-to-node=\"14\" data-index-in-node=\"0\">Miksi valita juuri t\u00e4m\u00e4 lintulauta?<\/b><\/p>\n<ul data-path-to-node=\"15\">\n<li>\n<p data-path-to-node=\"15,0,0\"><b data-path-to-node=\"15,0,0\" data-index-in-node=\"0\">Helppohoitoinen:<\/b> Lintulauta on helposti avattavissa, mik\u00e4 tekee siementen lis\u00e4\u00e4misest\u00e4 ja puhdistamisesta nopeaa ja k\u00e4tev\u00e4\u00e4.<\/p>\n<\/li>\n<li>\n<p data-path-to-node=\"15,1,0\"><b data-path-to-node=\"15,1,0\" data-index-in-node=\"0\">\u00c4lyk\u00e4s muotoilu:<\/b> 16,5 cm halkaisija mahduttaa suuren m\u00e4\u00e4r\u00e4n siemeni\u00e4, pit\u00e4en ne kuivina ja saatavilla.<\/p>\n<\/li>\n<li>\n<p data-path-to-node=\"15,2,0\"><b data-path-to-node=\"15,2,0\" data-index-in-node=\"0\">Asennusvalmis:<\/b> Paketissa on mukana tukeva kiinnitysnaru \u2013 etsi vain sopiva oksa ja nauti lintujen laulusta!<\/p>\n<\/li>\n<\/ul>\n","protected":false},"excerpt":{"rendered":"<p>Tuo el\u00e4m\u00e4\u00e4 puutarhaasi ja auta h\u00f6yhenpeitteisi\u00e4 yst\u00e4vi\u00e4 selvi\u00e4m\u00e4\u00e4n talvesta helpommin! T\u00e4m\u00e4 45 cm korkea ja tilava lintulauta on suunniteltu kest\u00e4m\u00e4\u00e4n vuosia. Toisin kuin muoviset mallit, t\u00e4m\u00e4 on valmistettu tukevasta metallista ja viimeistelty s\u00e4\u00e4nkest\u00e4v\u00e4ll\u00e4 jauhemaalilla, joka suojaa korroosiolta jopa ankarimmissa olosuhteissa. Miksi valita juuri t\u00e4m\u00e4 lintulauta? Helppohoitoinen: Lintulauta on helposti avattavissa, mik\u00e4 tekee siementen lis\u00e4\u00e4misest\u00e4 ja [&hellip;]<\/p>\n","protected":false},"featured_media":55880,"template":"","meta":{"_acf_changed":false,"_seopress_robots_primary_cat":"","_seopress_titles_title":"Suuri metallinen lintulauta (45 cm) \u2013 Kest\u00e4v\u00e4 ja helposti t\u00e4ytett\u00e4v\u00e4","_seopress_titles_desc":"Laadukas jauhemaalattu metallinen lintulauta. Korkeus 45 cm, helppo t\u00e4ytt\u00e4\u00e4 ja ripustaa. Valitse kest\u00e4v\u00e4 ratkaisu puutarhaasi. Tilaa Agrozone.ee-verkkokaupasta!   ","_seopress_robots_index":"","_gspb_post_css":""},"product_brand":[2906],"product_cat":[2392,2393,2394],"product_tag":[],"class_list":{"0":"post-55878","1":"product","2":"type-product","3":"status-publish","4":"has-post-thumbnail","6":"product_brand-baltic-agro","7":"product_cat-kaikki-luokat","8":"product_cat-linnuille","9":"product_cat-lintujen-ruokinta-automaatit","11":"first","12":"instock","13":"taxable","14":"shipping-taxable","15":"purchasable","16":"product-type-simple"},"ct_brands":[{"id":2906,"name":"Baltic Agro","slug":"baltic-agro"}],"acf":[],"_links":{"self":[{"href":"https:\/\/agrozone.ee\/fi\/wp-json\/wp\/v2\/product\/55878","targetHints":{"allow":["GET"]}}],"collection":[{"href":"https:\/\/agrozone.ee\/fi\/wp-json\/wp\/v2\/product"}],"about":[{"href":"https:\/\/agrozone.ee\/fi\/wp-json\/wp\/v2\/types\/product"}],"wp:featuredmedia":[{"embeddable":true,"href":"https:\/\/agrozone.ee\/fi\/wp-json\/wp\/v2\/media\/55880"}],"wp:attachment":[{"href":"https:\/\/agrozone.ee\/fi\/wp-json\/wp\/v2\/media?parent=55878"}],"wp:term":[{"taxonomy":"product_brand","embeddable":true,"href":"https:\/\/agrozone.ee\/fi\/wp-json\/wp\/v2\/product_brand?post=55878"},{"taxonomy":"product_cat","embeddable":true,"href":"https:\/\/agrozone.ee\/fi\/wp-json\/wp\/v2\/product_cat?post=55878"},{"taxonomy":"product_tag","embeddable":true,"href":"https:\/\/agrozone.ee\/fi\/wp-json\/wp\/v2\/product_tag?post=55878"}],"curies":[{"name":"wp","href":"https:\/\/api.w.org\/{rel}","templated":true}]}}