{"id":55883,"date":"2026-01-27T15:14:38","date_gmt":"2026-01-27T13:14:38","guid":{"rendered":"https:\/\/agrozone.ee\/toode\/laura-siemenperuna-25-kg\/"},"modified":"2026-01-27T15:14:38","modified_gmt":"2026-01-27T13:14:38","slug":"laura-siemenperuna-25-kg","status":"publish","type":"product","link":"https:\/\/agrozone.ee\/fi\/tuote\/laura-siemenperuna-25-kg\/","title":{"rendered":"Laura siemenperuna 2,5 kg"},"content":{"rendered":"<p data-path-to-node=\"47,3,1,0\"><b data-path-to-node=\"47,3,1,0\" data-index-in-node=\"0\">Laura<\/b> on monien virolaisten suosikki, ja syyst\u00e4. Sen syv\u00e4npunainen kuori k\u00e4tkee sis\u00e4\u00e4ns\u00e4 kirkkaankeltaisen sisuksen, joka n\u00e4ytt\u00e4\u00e4 lautasella eritt\u00e4in n\u00e4ytt\u00e4v\u00e4lt\u00e4. <\/p>\n<p data-path-to-node=\"47,3,1,1\">Maullaan Laura on <b data-path-to-node=\"47,3,1,1\" data-index-in-node=\"18\">hieman jauhoinen ja eritt\u00e4in aromaattinen<\/b>. Se on yleisperuna, joka kypsyy tasaisesti pehme\u00e4ksi eik\u00e4 hajoa. Erinomainen valinta juhlap\u00f6yt\u00e4\u00e4n!  <\/p>\n","protected":false},"excerpt":{"rendered":"<p>Laura on monien virolaisten suosikki, ja syyst\u00e4. Sen syv\u00e4npunainen kuori k\u00e4tkee sis\u00e4\u00e4ns\u00e4 kirkkaankeltaisen sisuksen, joka n\u00e4ytt\u00e4\u00e4 lautasella eritt\u00e4in n\u00e4ytt\u00e4v\u00e4lt\u00e4. Maullaan Laura on hieman jauhoinen ja eritt\u00e4in aromaattinen. Se on yleisperuna, joka kypsyy tasaisesti pehme\u00e4ksi eik\u00e4 hajoa. Erinomainen valinta juhlap\u00f6yt\u00e4\u00e4n!<\/p>\n","protected":false},"featured_media":55884,"template":"","meta":{"_acf_changed":false,"_seopress_robots_primary_cat":"","_seopress_titles_title":"","_seopress_titles_desc":"","_seopress_robots_index":"","_gspb_post_css":""},"product_brand":[],"product_cat":[2392,2399,2446],"product_tag":[],"class_list":{"0":"post-55883","1":"product","2":"type-product","3":"status-publish","4":"has-post-thumbnail","6":"product_cat-kaikki-luokat","7":"product_cat-siemenet","8":"product_cat-siemenperuna","10":"first","11":"instock","12":"taxable","13":"shipping-taxable","14":"purchasable","15":"product-type-simple"},"ct_brands":[],"acf":[],"_links":{"self":[{"href":"https:\/\/agrozone.ee\/fi\/wp-json\/wp\/v2\/product\/55883","targetHints":{"allow":["GET"]}}],"collection":[{"href":"https:\/\/agrozone.ee\/fi\/wp-json\/wp\/v2\/product"}],"about":[{"href":"https:\/\/agrozone.ee\/fi\/wp-json\/wp\/v2\/types\/product"}],"wp:featuredmedia":[{"embeddable":true,"href":"https:\/\/agrozone.ee\/fi\/wp-json\/wp\/v2\/media\/55884"}],"wp:attachment":[{"href":"https:\/\/agrozone.ee\/fi\/wp-json\/wp\/v2\/media?parent=55883"}],"wp:term":[{"taxonomy":"product_brand","embeddable":true,"href":"https:\/\/agrozone.ee\/fi\/wp-json\/wp\/v2\/product_brand?post=55883"},{"taxonomy":"product_cat","embeddable":true,"href":"https:\/\/agrozone.ee\/fi\/wp-json\/wp\/v2\/product_cat?post=55883"},{"taxonomy":"product_tag","embeddable":true,"href":"https:\/\/agrozone.ee\/fi\/wp-json\/wp\/v2\/product_tag?post=55883"}],"curies":[{"name":"wp","href":"https:\/\/api.w.org\/{rel}","templated":true}]}}