{"id":55889,"date":"2026-01-27T14:24:45","date_gmt":"2026-01-27T12:24:45","guid":{"rendered":"https:\/\/agrozone.ee\/toode\/paroli-siemenperuna-25-kg\/"},"modified":"2026-01-27T14:24:45","modified_gmt":"2026-01-27T12:24:45","slug":"paroli-siemenperuna-25-kg","status":"publish","type":"product","link":"https:\/\/agrozone.ee\/fi\/tuote\/paroli-siemenperuna-25-kg\/","title":{"rendered":"Paroli siemenperuna 2,5 kg"},"content":{"rendered":"<p data-path-to-node=\"7,4,1,0\">Haluatko nauttia tuoreista perunoista mahdollisimman aikaisin kes\u00e4ll\u00e4? <b data-path-to-node=\"7,4,1,0\" data-index-in-node=\"60\">Paroli<\/b> on varma valintasi. Se on eritt\u00e4in aikainen lajike, joka yll\u00e4tt\u00e4\u00e4 hyv\u00e4ll\u00e4 s\u00e4ilyvyydell\u00e4\u00e4n \u2013 harvinainen ominaisuus varhaisperunoille! <\/p>\n<p data-path-to-node=\"7,4,1,1\">Paroli sopii ihanteellisesti niille, jotka rakastavat <b data-path-to-node=\"7,4,1,1\" data-index-in-node=\"46\">paistettuja perunoita<\/b>, sill\u00e4 se ei hajoa pannulla ja s\u00e4ilytt\u00e4\u00e4 kauniin muotonsa. Mukulat sopivat erinomaisesti my\u00f6s esikasvatukseen, jotta saat satoa viel\u00e4kin nopeammin. <\/p>\n<ul data-path-to-node=\"7,4,1,2\">\n<li>\n<p data-path-to-node=\"7,4,1,2,0,0\"><b data-path-to-node=\"7,4,1,2,0,0\" data-index-in-node=\"0\">Tyyppi:<\/b> Eritt\u00e4in aikainen ruokaperuna<\/p>\n<\/li>\n<li>\n<p data-path-to-node=\"7,4,1,2,1,0\"><b data-path-to-node=\"7,4,1,2,1,0\" data-index-in-node=\"0\">K\u00e4ytt\u00f6:<\/b> Keitto, paisto (t\u00e4rkkelys ~12%)<\/p>\n<\/li>\n<li>\n<p data-path-to-node=\"7,4,1,2,2,0\"><b data-path-to-node=\"7,4,1,2,2,0\" data-index-in-node=\"0\">Etuna:<\/b> Eritt\u00e4in hyv\u00e4 s\u00e4ilyvyys varhaiseksi lajikkeeksi.<\/p>\n<\/li>\n<\/ul>\n","protected":false},"excerpt":{"rendered":"<p>Haluatko nauttia tuoreista perunoista mahdollisimman aikaisin kes\u00e4ll\u00e4? Paroli on varma valintasi. Se on eritt\u00e4in aikainen lajike, joka yll\u00e4tt\u00e4\u00e4 hyv\u00e4ll\u00e4 s\u00e4ilyvyydell\u00e4\u00e4n \u2013 harvinainen ominaisuus varhaisperunoille! Paroli sopii ihanteellisesti niille, jotka rakastavat paistettuja perunoita, sill\u00e4 se ei hajoa pannulla ja s\u00e4ilytt\u00e4\u00e4 kauniin muotonsa. Mukulat sopivat erinomaisesti my\u00f6s esikasvatukseen, jotta saat satoa viel\u00e4kin nopeammin. Tyyppi: Eritt\u00e4in aikainen ruokaperuna [&hellip;]<\/p>\n","protected":false},"featured_media":55890,"template":"","meta":{"_acf_changed":false,"_seopress_robots_primary_cat":"","_seopress_titles_title":"","_seopress_titles_desc":"","_seopress_robots_index":"","_gspb_post_css":""},"product_brand":[],"product_cat":[2392,2399,2446],"product_tag":[],"class_list":{"0":"post-55889","1":"product","2":"type-product","3":"status-publish","4":"has-post-thumbnail","6":"product_cat-kaikki-luokat","7":"product_cat-siemenet","8":"product_cat-siemenperuna","10":"first","11":"instock","12":"taxable","13":"shipping-taxable","14":"purchasable","15":"product-type-simple"},"ct_brands":[],"acf":[],"_links":{"self":[{"href":"https:\/\/agrozone.ee\/fi\/wp-json\/wp\/v2\/product\/55889","targetHints":{"allow":["GET"]}}],"collection":[{"href":"https:\/\/agrozone.ee\/fi\/wp-json\/wp\/v2\/product"}],"about":[{"href":"https:\/\/agrozone.ee\/fi\/wp-json\/wp\/v2\/types\/product"}],"wp:featuredmedia":[{"embeddable":true,"href":"https:\/\/agrozone.ee\/fi\/wp-json\/wp\/v2\/media\/55890"}],"wp:attachment":[{"href":"https:\/\/agrozone.ee\/fi\/wp-json\/wp\/v2\/media?parent=55889"}],"wp:term":[{"taxonomy":"product_brand","embeddable":true,"href":"https:\/\/agrozone.ee\/fi\/wp-json\/wp\/v2\/product_brand?post=55889"},{"taxonomy":"product_cat","embeddable":true,"href":"https:\/\/agrozone.ee\/fi\/wp-json\/wp\/v2\/product_cat?post=55889"},{"taxonomy":"product_tag","embeddable":true,"href":"https:\/\/agrozone.ee\/fi\/wp-json\/wp\/v2\/product_tag?post=55889"}],"curies":[{"name":"wp","href":"https:\/\/api.w.org\/{rel}","templated":true}]}}