{"id":55903,"date":"2026-01-27T15:02:44","date_gmt":"2026-01-27T13:02:44","guid":{"rendered":"https:\/\/agrozone.ee\/toode\/lilly-siemenperuna-25-kg\/"},"modified":"2026-01-27T15:02:44","modified_gmt":"2026-01-27T13:02:44","slug":"lilly-siemenperuna-25-kg","status":"publish","type":"product","link":"https:\/\/agrozone.ee\/fi\/tuote\/lilly-siemenperuna-25-kg\/","title":{"rendered":"Lilly siemenperuna 2,5 kg"},"content":{"rendered":"<p data-path-to-node=\"35,3,1,0\"><b data-path-to-node=\"35,3,1,0\" data-index-in-node=\"0\">Lilly<\/b> on perunanyst\u00e4v\u00e4n unelma. Se on jauhoinen keittoperuna, joka on kuuluisa erinomaisista makuominaisuuksistaan. Erityist\u00e4 on, ett\u00e4 Lilly <b data-path-to-node=\"35,3,1,0\" data-index-in-node=\"138\">ei tummu keitt\u00e4misen j\u00e4lkeen<\/b>, pysyen lautasella kauniin keltaisena.  <\/p>\n<p data-path-to-node=\"35,3,1,1\">Lajike on runsassatoinen ja mukulat ovat peitetty mielenkiintoisella keltaisella verkkokuorella. Jos pid\u00e4t perunasta, joka &#8220;sulaa suussa&#8221;, valitse Lilly. <\/p>\n","protected":false},"excerpt":{"rendered":"<p>Lilly on perunanyst\u00e4v\u00e4n unelma. Se on jauhoinen keittoperuna, joka on kuuluisa erinomaisista makuominaisuuksistaan. Erityist\u00e4 on, ett\u00e4 Lilly ei tummu keitt\u00e4misen j\u00e4lkeen, pysyen lautasella kauniin keltaisena. Lajike on runsassatoinen ja mukulat ovat peitetty mielenkiintoisella keltaisella verkkokuorella. Jos pid\u00e4t perunasta, joka &#8220;sulaa suussa&#8221;, valitse Lilly.<\/p>\n","protected":false},"featured_media":55904,"template":"","meta":{"_acf_changed":false,"_seopress_robots_primary_cat":"","_seopress_titles_title":"Lilly Siemenperuna \u2013 Jauhoinen ja Maukas Keltainen Lajike | Agrozone","_seopress_titles_desc":"Rakastatko jauhoista perunaa? Lilly on keskivarhainen, runsassatoinen eik\u00e4 tummu keitt\u00e4misen j\u00e4lkeen. Keltainen verkkokuori. Tilaa siemenperunat t\u00e4\u00e4lt\u00e4.   ","_seopress_robots_index":"","_gspb_post_css":""},"product_brand":[],"product_cat":[2392,2399,2446],"product_tag":[],"class_list":{"0":"post-55903","1":"product","2":"type-product","3":"status-publish","4":"has-post-thumbnail","6":"product_cat-kaikki-luokat","7":"product_cat-siemenet","8":"product_cat-siemenperuna","10":"first","11":"instock","12":"taxable","13":"shipping-taxable","14":"purchasable","15":"product-type-simple"},"ct_brands":[],"acf":[],"_links":{"self":[{"href":"https:\/\/agrozone.ee\/fi\/wp-json\/wp\/v2\/product\/55903","targetHints":{"allow":["GET"]}}],"collection":[{"href":"https:\/\/agrozone.ee\/fi\/wp-json\/wp\/v2\/product"}],"about":[{"href":"https:\/\/agrozone.ee\/fi\/wp-json\/wp\/v2\/types\/product"}],"wp:featuredmedia":[{"embeddable":true,"href":"https:\/\/agrozone.ee\/fi\/wp-json\/wp\/v2\/media\/55904"}],"wp:attachment":[{"href":"https:\/\/agrozone.ee\/fi\/wp-json\/wp\/v2\/media?parent=55903"}],"wp:term":[{"taxonomy":"product_brand","embeddable":true,"href":"https:\/\/agrozone.ee\/fi\/wp-json\/wp\/v2\/product_brand?post=55903"},{"taxonomy":"product_cat","embeddable":true,"href":"https:\/\/agrozone.ee\/fi\/wp-json\/wp\/v2\/product_cat?post=55903"},{"taxonomy":"product_tag","embeddable":true,"href":"https:\/\/agrozone.ee\/fi\/wp-json\/wp\/v2\/product_tag?post=55903"}],"curies":[{"name":"wp","href":"https:\/\/api.w.org\/{rel}","templated":true}]}}