{"id":55905,"date":"2026-01-27T14:29:35","date_gmt":"2026-01-27T12:29:35","guid":{"rendered":"https:\/\/agrozone.ee\/toode\/lea-siemenperuna-25-kg\/"},"modified":"2026-01-27T14:29:35","modified_gmt":"2026-01-27T12:29:35","slug":"lea-siemenperuna-25-kg","status":"publish","type":"product","link":"https:\/\/agrozone.ee\/fi\/tuote\/lea-siemenperuna-25-kg\/","title":{"rendered":"Lea siemenperuna 2,5 kg"},"content":{"rendered":"<p data-path-to-node=\"11,3,1,0\"><b data-path-to-node=\"11,3,1,0\" data-index-in-node=\"0\">Lea<\/b> on todellinen keitti\u00f6n kuningatar. T\u00e4m\u00e4 eritt\u00e4in varhainen lajike erottuu kauniilla keltaisella sisuksellaan ja erinomaisilla makuominaisuuksillaan. Keitt\u00e4misen tai paistamisen j\u00e4lkeen peruna ei muuta v\u00e4ri\u00e4, pysyen herkullisen kultaisena.  <\/p>\n<p data-path-to-node=\"11,3,1,1\">Koska Lea on eritt\u00e4in taudinkest\u00e4v\u00e4, se on <b data-path-to-node=\"11,3,1,1\" data-index-in-node=\"47\">paras valinta luomuviljelij\u00e4lle<\/b> tai kotipuutarhaan, jossa ei haluta k\u00e4ytt\u00e4\u00e4 kasvinsuojeluaineita. Perheesi suosikki, kun ruokalistalla on perunamuusia tai keitetty\u00e4 perunaa! <\/p>\n","protected":false},"excerpt":{"rendered":"<p>Lea on todellinen keitti\u00f6n kuningatar. T\u00e4m\u00e4 eritt\u00e4in varhainen lajike erottuu kauniilla keltaisella sisuksellaan ja erinomaisilla makuominaisuuksillaan. Keitt\u00e4misen tai paistamisen j\u00e4lkeen peruna ei muuta v\u00e4ri\u00e4, pysyen herkullisen kultaisena. Koska Lea on eritt\u00e4in taudinkest\u00e4v\u00e4, se on paras valinta luomuviljelij\u00e4lle tai kotipuutarhaan, jossa ei haluta k\u00e4ytt\u00e4\u00e4 kasvinsuojeluaineita. Perheesi suosikki, kun ruokalistalla on perunamuusia tai keitetty\u00e4 perunaa!<\/p>\n","protected":false},"featured_media":55906,"template":"","meta":{"_acf_changed":false,"_seopress_robots_primary_cat":"","_seopress_titles_title":"Lea Siemenperuna \u2013 Paras lajike soseutukseen ja luomuviljelyyn | Agrozone","_seopress_titles_desc":"Etsitk\u00f6 luomusiemenperunaa? Lea on taudinkest\u00e4v\u00e4 ja eritt\u00e4in varhainen lajike, joka sopii ihanteellisesti soseutukseen ja keitt\u00e4miseen. Tilaa laadukas siemen t\u00e4\u00e4lt\u00e4.  ","_seopress_robots_index":"","_gspb_post_css":""},"product_brand":[],"product_cat":[2392,2399,2446],"product_tag":[],"class_list":{"0":"post-55905","1":"product","2":"type-product","3":"status-publish","4":"has-post-thumbnail","6":"product_cat-kaikki-luokat","7":"product_cat-siemenet","8":"product_cat-siemenperuna","10":"first","11":"instock","12":"taxable","13":"shipping-taxable","14":"purchasable","15":"product-type-simple"},"ct_brands":[],"acf":[],"_links":{"self":[{"href":"https:\/\/agrozone.ee\/fi\/wp-json\/wp\/v2\/product\/55905","targetHints":{"allow":["GET"]}}],"collection":[{"href":"https:\/\/agrozone.ee\/fi\/wp-json\/wp\/v2\/product"}],"about":[{"href":"https:\/\/agrozone.ee\/fi\/wp-json\/wp\/v2\/types\/product"}],"wp:featuredmedia":[{"embeddable":true,"href":"https:\/\/agrozone.ee\/fi\/wp-json\/wp\/v2\/media\/55906"}],"wp:attachment":[{"href":"https:\/\/agrozone.ee\/fi\/wp-json\/wp\/v2\/media?parent=55905"}],"wp:term":[{"taxonomy":"product_brand","embeddable":true,"href":"https:\/\/agrozone.ee\/fi\/wp-json\/wp\/v2\/product_brand?post=55905"},{"taxonomy":"product_cat","embeddable":true,"href":"https:\/\/agrozone.ee\/fi\/wp-json\/wp\/v2\/product_cat?post=55905"},{"taxonomy":"product_tag","embeddable":true,"href":"https:\/\/agrozone.ee\/fi\/wp-json\/wp\/v2\/product_tag?post=55905"}],"curies":[{"name":"wp","href":"https:\/\/api.w.org\/{rel}","templated":true}]}}