{"id":55915,"date":"2026-01-27T14:40:43","date_gmt":"2026-01-27T12:40:43","guid":{"rendered":"https:\/\/agrozone.ee\/toode\/jule-siemenperuna-25-kg\/"},"modified":"2026-01-27T14:40:43","modified_gmt":"2026-01-27T12:40:43","slug":"jule-siemenperuna-25-kg","status":"publish","type":"product","link":"https:\/\/agrozone.ee\/fi\/tuote\/jule-siemenperuna-25-kg\/","title":{"rendered":"Jule siemenperuna 2,5 kg"},"content":{"rendered":"<p data-path-to-node=\"19,3,1,0\"><b data-path-to-node=\"19,3,1,0\" data-index-in-node=\"0\">UUSI Puutarhassasi!<\/b>  Jule on varhainen lajike, joka on kehitetty vaativalle kokille. Mukulot ovat l\u00e4hes t\u00e4ydellisen py\u00f6re\u00e4nsoikeita ja eritt\u00e4in tasaisen muotoisia \u2013 ei mit\u00e4\u00e4n muhkuraisia yll\u00e4tyksi\u00e4. <\/p>\n<p data-path-to-node=\"19,3,1,1\">Syv\u00e4nkeltaisen sisuksen ja matalien silmujen ansiosta Jule on <b data-path-to-node=\"19,3,1,1\" data-index-in-node=\"48\">kiinte\u00e4<\/b>, sopien erinomaisesti salaatteihin ja paistien lisukkeeksi, miss\u00e4 perunan kaunis muoto on t\u00e4rke\u00e4.<\/p>\n","protected":false},"excerpt":{"rendered":"<p>UUSI Puutarhassasi! Jule on varhainen lajike, joka on kehitetty vaativalle kokille. Mukulot ovat l\u00e4hes t\u00e4ydellisen py\u00f6re\u00e4nsoikeita ja eritt\u00e4in tasaisen muotoisia \u2013 ei mit\u00e4\u00e4n muhkuraisia yll\u00e4tyksi\u00e4. Syv\u00e4nkeltaisen sisuksen ja matalien silmujen ansiosta Jule on kiinte\u00e4, sopien erinomaisesti salaatteihin ja paistien lisukkeeksi, miss\u00e4 perunan kaunis muoto on t\u00e4rke\u00e4.<\/p>\n","protected":false},"featured_media":55916,"template":"","meta":{"_acf_changed":false,"_seopress_robots_primary_cat":"","_seopress_titles_title":"UUSI! Jule Siemenperuna \u2013 T\u00e4ydellisen Muotoinen Varhainen Ruokaperuna | Agrozone ","_seopress_titles_desc":"Kokeile uutta Jule-perunalajiketta! Varhainen, py\u00f6re\u00e4nsoikea ja sile\u00e4kuorinen. Eritt\u00e4in tasaisen muotoinen, kiinte\u00e4 ruokaperuna. Tilaa uutuustuote heti.   ","_seopress_robots_index":"","_gspb_post_css":""},"product_brand":[],"product_cat":[2392,2399,2446],"product_tag":[],"class_list":{"0":"post-55915","1":"product","2":"type-product","3":"status-publish","4":"has-post-thumbnail","6":"product_cat-kaikki-luokat","7":"product_cat-siemenet","8":"product_cat-siemenperuna","10":"first","11":"instock","12":"taxable","13":"shipping-taxable","14":"purchasable","15":"product-type-simple"},"ct_brands":[],"acf":[],"_links":{"self":[{"href":"https:\/\/agrozone.ee\/fi\/wp-json\/wp\/v2\/product\/55915","targetHints":{"allow":["GET"]}}],"collection":[{"href":"https:\/\/agrozone.ee\/fi\/wp-json\/wp\/v2\/product"}],"about":[{"href":"https:\/\/agrozone.ee\/fi\/wp-json\/wp\/v2\/types\/product"}],"wp:featuredmedia":[{"embeddable":true,"href":"https:\/\/agrozone.ee\/fi\/wp-json\/wp\/v2\/media\/55916"}],"wp:attachment":[{"href":"https:\/\/agrozone.ee\/fi\/wp-json\/wp\/v2\/media?parent=55915"}],"wp:term":[{"taxonomy":"product_brand","embeddable":true,"href":"https:\/\/agrozone.ee\/fi\/wp-json\/wp\/v2\/product_brand?post=55915"},{"taxonomy":"product_cat","embeddable":true,"href":"https:\/\/agrozone.ee\/fi\/wp-json\/wp\/v2\/product_cat?post=55915"},{"taxonomy":"product_tag","embeddable":true,"href":"https:\/\/agrozone.ee\/fi\/wp-json\/wp\/v2\/product_tag?post=55915"}],"curies":[{"name":"wp","href":"https:\/\/api.w.org\/{rel}","templated":true}]}}