{"id":55919,"date":"2026-01-27T14:56:10","date_gmt":"2026-01-27T12:56:10","guid":{"rendered":"https:\/\/agrozone.ee\/toode\/mia-siemenperuna-25-kg\/"},"modified":"2026-01-27T14:56:10","modified_gmt":"2026-01-27T12:56:10","slug":"mia-siemenperuna-25-kg","status":"publish","type":"product","link":"https:\/\/agrozone.ee\/fi\/tuote\/mia-siemenperuna-25-kg\/","title":{"rendered":"Mia siemenperuna 2,5 kg"},"content":{"rendered":"<p data-path-to-node=\"27,3,1,0\"><b data-path-to-node=\"27,3,1,0\" data-index-in-node=\"0\">Mia<\/b> todistaa, ett\u00e4 varhainen peruna voi olla my\u00f6s erinomainen s\u00e4ilytysperuna. T\u00e4m\u00e4 lajike on viljelij\u00e4n ilo <b data-path-to-node=\"27,3,1,0\" data-index-in-node=\"109\">korkean satoisuutensa<\/b> ansiosta. <\/p>\n<p data-path-to-node=\"27,3,1,1\">Mukulat ovat py\u00f6re\u00e4nsoikeita, sile\u00e4kuorisia ja sis\u00e4lt\u00e4 syv\u00e4nkeltaisia. Mia on keitti\u00f6ss\u00e4 monipuolinen ja hyvien keitto-ominaisuuksien ansiosta \u2013 luotettava kumppani kellarissasi ja keitti\u00f6ss\u00e4si. <\/p>\n","protected":false},"excerpt":{"rendered":"<p>Mia todistaa, ett\u00e4 varhainen peruna voi olla my\u00f6s erinomainen s\u00e4ilytysperuna. T\u00e4m\u00e4 lajike on viljelij\u00e4n ilo korkean satoisuutensa ansiosta. Mukulat ovat py\u00f6re\u00e4nsoikeita, sile\u00e4kuorisia ja sis\u00e4lt\u00e4 syv\u00e4nkeltaisia. Mia on keitti\u00f6ss\u00e4 monipuolinen ja hyvien keitto-ominaisuuksien ansiosta \u2013 luotettava kumppani kellarissasi ja keitti\u00f6ss\u00e4si.<\/p>\n","protected":false},"featured_media":55920,"template":"","meta":{"_acf_changed":false,"_seopress_robots_primary_cat":"none","_seopress_titles_title":"Mia Siemenperuna \u2013 Korkea Satoisuus ja Erinomainen S\u00e4ilyvyys | Agrozone","_seopress_titles_desc":"Mia on varhainen perunalajike, joka yll\u00e4tt\u00e4\u00e4 satoisuudellaan ja s\u00e4ilyvyydell\u00e4\u00e4n. Py\u00f6re\u00e4nsoikeat mukulat ja hyv\u00e4 maku. Tilaa 2,5 kg, 5 kg tai 25 kg pussi.  ","_seopress_robots_index":"","_gspb_post_css":""},"product_brand":[],"product_cat":[2392,2399,2446],"product_tag":[],"class_list":{"0":"post-55919","1":"product","2":"type-product","3":"status-publish","4":"has-post-thumbnail","6":"product_cat-kaikki-luokat","7":"product_cat-siemenet","8":"product_cat-siemenperuna","10":"first","11":"instock","12":"taxable","13":"shipping-taxable","14":"purchasable","15":"product-type-simple"},"ct_brands":[],"acf":[],"_links":{"self":[{"href":"https:\/\/agrozone.ee\/fi\/wp-json\/wp\/v2\/product\/55919","targetHints":{"allow":["GET"]}}],"collection":[{"href":"https:\/\/agrozone.ee\/fi\/wp-json\/wp\/v2\/product"}],"about":[{"href":"https:\/\/agrozone.ee\/fi\/wp-json\/wp\/v2\/types\/product"}],"wp:featuredmedia":[{"embeddable":true,"href":"https:\/\/agrozone.ee\/fi\/wp-json\/wp\/v2\/media\/55920"}],"wp:attachment":[{"href":"https:\/\/agrozone.ee\/fi\/wp-json\/wp\/v2\/media?parent=55919"}],"wp:term":[{"taxonomy":"product_brand","embeddable":true,"href":"https:\/\/agrozone.ee\/fi\/wp-json\/wp\/v2\/product_brand?post=55919"},{"taxonomy":"product_cat","embeddable":true,"href":"https:\/\/agrozone.ee\/fi\/wp-json\/wp\/v2\/product_cat?post=55919"},{"taxonomy":"product_tag","embeddable":true,"href":"https:\/\/agrozone.ee\/fi\/wp-json\/wp\/v2\/product_tag?post=55919"}],"curies":[{"name":"wp","href":"https:\/\/api.w.org\/{rel}","templated":true}]}}