{"id":55927,"date":"2026-01-27T15:08:09","date_gmt":"2026-01-27T13:08:09","guid":{"rendered":"https:\/\/agrozone.ee\/toode\/gala-siemenperuna-10-kg\/"},"modified":"2026-01-27T15:08:09","modified_gmt":"2026-01-27T13:08:09","slug":"gala-siemenperuna-10-kg","status":"publish","type":"product","link":"https:\/\/agrozone.ee\/fi\/tuote\/gala-siemenperuna-10-kg\/","title":{"rendered":"Gala siemenperuna 10 kg"},"content":{"rendered":"<p data-path-to-node=\"39,3,1,0\"><b data-path-to-node=\"39,3,1,0\" data-index-in-node=\"0\">Gala<\/b> on lajike, joka l\u00f6ytyy monien huippuravintoloiden keitti\u00f6ist\u00e4. Miksi? Koska sill\u00e4 on <b data-path-to-node=\"39,3,1,0\" data-index-in-node=\"78\">eritt\u00e4in hyv\u00e4t keitto-ominaisuudet eik\u00e4 se hajoa<\/b>. Sile\u00e4 keltainen kuori ja kaunis muoto tekev\u00e4t siit\u00e4 eritt\u00e4in houkuttelevan ruokaperunan.   <\/p>\n<p data-path-to-node=\"39,3,1,1\">T\u00e4m\u00e4 keskimy\u00f6h\u00e4inen lajike sopii erinomaisesti salaatteihin, vuokaruokiin ja yksinkertaisesti keitettyn\u00e4 tai h\u00f6yrytettyn\u00e4 tarjoiluun.<\/p>\n","protected":false},"excerpt":{"rendered":"<p>Gala on lajike, joka l\u00f6ytyy monien huippuravintoloiden keitti\u00f6ist\u00e4. Miksi? Koska sill\u00e4 on eritt\u00e4in hyv\u00e4t keitto-ominaisuudet eik\u00e4 se hajoa. Sile\u00e4 keltainen kuori ja kaunis muoto tekev\u00e4t siit\u00e4 eritt\u00e4in houkuttelevan ruokaperunan. T\u00e4m\u00e4 keskimy\u00f6h\u00e4inen lajike sopii erinomaisesti salaatteihin, vuokaruokiin ja yksinkertaisesti keitettyn\u00e4 tai h\u00f6yrytettyn\u00e4 tarjoiluun.<\/p>\n","protected":false},"featured_media":55928,"template":"","meta":{"_acf_changed":false,"_seopress_robots_primary_cat":"","_seopress_titles_title":"Gala Siemenperuna \u2013 Erinomainen Ruokaperuna (Kiinte\u00e4) | Agrozone","_seopress_titles_desc":"Gala on keskimy\u00f6h\u00e4inen, sile\u00e4kuorinen ja syv\u00e4nkeltaisella maltoilla. Eritt\u00e4in hyv\u00e4t keitto-ominaisuudet omaava kiinte\u00e4 lajike. Varmavalintasi.  ","_seopress_robots_index":"","_gspb_post_css":""},"product_brand":[],"product_cat":[2392,2399,2446],"product_tag":[],"class_list":{"0":"post-55927","1":"product","2":"type-product","3":"status-publish","4":"has-post-thumbnail","6":"product_cat-kaikki-luokat","7":"product_cat-siemenet","8":"product_cat-siemenperuna","10":"first","11":"instock","12":"taxable","13":"shipping-taxable","14":"purchasable","15":"product-type-simple"},"ct_brands":[],"acf":[],"_links":{"self":[{"href":"https:\/\/agrozone.ee\/fi\/wp-json\/wp\/v2\/product\/55927","targetHints":{"allow":["GET"]}}],"collection":[{"href":"https:\/\/agrozone.ee\/fi\/wp-json\/wp\/v2\/product"}],"about":[{"href":"https:\/\/agrozone.ee\/fi\/wp-json\/wp\/v2\/types\/product"}],"wp:featuredmedia":[{"embeddable":true,"href":"https:\/\/agrozone.ee\/fi\/wp-json\/wp\/v2\/media\/55928"}],"wp:attachment":[{"href":"https:\/\/agrozone.ee\/fi\/wp-json\/wp\/v2\/media?parent=55927"}],"wp:term":[{"taxonomy":"product_brand","embeddable":true,"href":"https:\/\/agrozone.ee\/fi\/wp-json\/wp\/v2\/product_brand?post=55927"},{"taxonomy":"product_cat","embeddable":true,"href":"https:\/\/agrozone.ee\/fi\/wp-json\/wp\/v2\/product_cat?post=55927"},{"taxonomy":"product_tag","embeddable":true,"href":"https:\/\/agrozone.ee\/fi\/wp-json\/wp\/v2\/product_tag?post=55927"}],"curies":[{"name":"wp","href":"https:\/\/api.w.org\/{rel}","templated":true}]}}