{"id":55955,"date":"2026-01-27T14:44:10","date_gmt":"2026-01-27T12:44:10","guid":{"rendered":"https:\/\/agrozone.ee\/toode\/red-lady-siemenperuna-25-kg\/"},"modified":"2026-01-28T12:08:50","modified_gmt":"2026-01-28T10:08:50","slug":"red-lady-siemenperuna-25-kg","status":"publish","type":"product","link":"https:\/\/agrozone.ee\/fi\/tuote\/red-lady-siemenperuna-25-kg\/","title":{"rendered":"Red Lady siemenperuna 2,5 kg"},"content":{"rendered":"<p data-path-to-node=\"23,3,1,0\"><b data-path-to-node=\"23,3,1,0\" data-index-in-node=\"0\">Red Lady<\/b> on klassikko, joka ei kaipaa pitk\u00e4\u00e4 esittely\u00e4. T\u00e4m\u00e4 punakuorinen kaunotar on keskiaikainen ja tunnettu monipuolisuudestaan. Hieman jauhoinen, mutta ei hajoa keitett\u00e4ess\u00e4 \u2013 t\u00e4m\u00e4 tarkoittaa, ett\u00e4 voit tehd\u00e4 siit\u00e4 melkein mit\u00e4 tahansa!  <\/p>\n<p data-path-to-node=\"23,3,1,1\">Lajike on eritt\u00e4in <b data-path-to-node=\"23,3,1,1\" data-index-in-node=\"13\">aromaattinen ja maukas<\/b>. Jos etsit yht\u00e4 perunalajiketta, joka sopisi koko talveksi joka aterialle, on Red Lady varma valinta. <\/p>\n","protected":false},"excerpt":{"rendered":"<p>Red Lady on klassikko, joka ei kaipaa pitk\u00e4\u00e4 esittely\u00e4. T\u00e4m\u00e4 punakuorinen kaunotar on keskiaikainen ja tunnettu monipuolisuudestaan. Hieman jauhoinen, mutta ei hajoa keitett\u00e4ess\u00e4 \u2013 t\u00e4m\u00e4 tarkoittaa, ett\u00e4 voit tehd\u00e4 siit\u00e4 melkein mit\u00e4 tahansa! Lajike on eritt\u00e4in aromaattinen ja maukas. Jos etsit yht\u00e4 perunalajiketta, joka sopisi koko talveksi joka aterialle, on Red Lady varma valinta.<\/p>\n","protected":false},"featured_media":55956,"template":"","meta":{"_acf_changed":false,"_seopress_robots_primary_cat":"","_seopress_titles_title":"Red Lady Siemenperuna \u2013 Punakuorinen Yleislajike | Agrozone","_seopress_titles_desc":"Red Lady on luotettava, keskiaikainen peruna. Punainen kuori, keltainen malto ja aromaattinen maku. Ei hajoa keitett\u00e4ess\u00e4. Osta siemenperunat luotettavasta verkkokaupasta.   ","_seopress_robots_index":"","_gspb_post_css":""},"product_brand":[],"product_cat":[2392,2399,2446],"product_tag":[],"class_list":{"0":"post-55955","1":"product","2":"type-product","3":"status-publish","4":"has-post-thumbnail","6":"product_cat-kaikki-luokat","7":"product_cat-siemenet","8":"product_cat-siemenperuna","10":"first","11":"instock","12":"taxable","13":"shipping-taxable","14":"purchasable","15":"product-type-simple"},"ct_brands":[],"acf":[],"_links":{"self":[{"href":"https:\/\/agrozone.ee\/fi\/wp-json\/wp\/v2\/product\/55955","targetHints":{"allow":["GET"]}}],"collection":[{"href":"https:\/\/agrozone.ee\/fi\/wp-json\/wp\/v2\/product"}],"about":[{"href":"https:\/\/agrozone.ee\/fi\/wp-json\/wp\/v2\/types\/product"}],"wp:featuredmedia":[{"embeddable":true,"href":"https:\/\/agrozone.ee\/fi\/wp-json\/wp\/v2\/media\/55956"}],"wp:attachment":[{"href":"https:\/\/agrozone.ee\/fi\/wp-json\/wp\/v2\/media?parent=55955"}],"wp:term":[{"taxonomy":"product_brand","embeddable":true,"href":"https:\/\/agrozone.ee\/fi\/wp-json\/wp\/v2\/product_brand?post=55955"},{"taxonomy":"product_cat","embeddable":true,"href":"https:\/\/agrozone.ee\/fi\/wp-json\/wp\/v2\/product_cat?post=55955"},{"taxonomy":"product_tag","embeddable":true,"href":"https:\/\/agrozone.ee\/fi\/wp-json\/wp\/v2\/product_tag?post=55955"}],"curies":[{"name":"wp","href":"https:\/\/api.w.org\/{rel}","templated":true}]}}