{"id":56386,"date":"2024-07-18T16:54:25","date_gmt":"2024-07-18T13:54:25","guid":{"rendered":"https:\/\/agrozone.ee\/toode\/kiinnitysklammerit-kasveille-22cm-vihrea-50-kpl\/"},"modified":"2024-07-18T16:54:25","modified_gmt":"2024-07-18T14:54:25","slug":"kiinnitysklammerit-kasveille-22cm-vihrea-50-kpl","status":"publish","type":"product","link":"https:\/\/agrozone.ee\/fi\/tuote\/kiinnitysklammerit-kasveille-22cm-vihrea-50-kpl\/","title":{"rendered":"Kiinnitysklammerit kasveille 2,2cm vihre\u00e4 50 kpl"},"content":{"rendered":"<p>Kiinnitysklammerit kasveille 2,2cm vihre\u00e4 50 kpl<\/p>\n<ul>\n<li>N\u00e4m\u00e4 kasvien kiinnitysklammerit on suunniteltu tukemaan ja kiinnitt\u00e4m\u00e4\u00e4n kasveja, varmistaen niiden vakauden ja hyv\u00e4n kasvun.<\/li>\n<li>Jokainen kiinnitysklammeri on halkaisijaltaan 2,2 cm ja valmistettu vihre\u00e4st\u00e4 muovimateriaalista, joka sulautuu luonnollisesti kasveihin, tehden niist\u00e4 huomaamattomampia puutarhassa tai kasvihuoneessa.<\/li>\n<li>Pakkaus sis\u00e4lt\u00e4\u00e4 50 kpl, tarjoten riitt\u00e4v\u00e4sti klampereita useiden kasvien kiinnitt\u00e4miseen.<\/li>\n<li>Klammerit ovat kest\u00e4vi\u00e4 ja uudelleenk\u00e4ytett\u00e4vi\u00e4, sopien eri kasvien varsien ja oksien kiinnitt\u00e4miseen tukiin, ritil\u00f6ihin tai verkkoihin.<\/li>\n<\/ul>\n","protected":false},"excerpt":{"rendered":"<ul>\n<li>N\u00e4m\u00e4 kasvien kiinnitysklammerit on suunniteltu tukemaan ja kiinnitt\u00e4m\u00e4\u00e4n kasveja, varmistaen niiden vakauden ja hyv\u00e4n kasvun.<\/li>\n<li>Klammerit ovat kest\u00e4vi\u00e4 ja uudelleenk\u00e4ytett\u00e4vi\u00e4, sopien eri kasvien varsien ja oksien kiinnitt\u00e4miseen tukiin, ritil\u00f6ihin tai verkkoihin.<\/li>\n<\/ul>\n","protected":false},"featured_media":45887,"template":"","meta":{"_acf_changed":false,"_seopress_robots_primary_cat":"","_seopress_titles_title":"","_seopress_titles_desc":"","_seopress_robots_index":"","_gspb_post_css":""},"product_brand":[],"product_cat":[2392,2368,2363],"product_tag":[],"class_list":{"0":"post-56386","1":"product","2":"type-product","3":"status-publish","4":"has-post-thumbnail","6":"product_cat-kaikki-luokat","7":"product_cat-kasvihuoneet-lisavarusteet","8":"product_cat-puutarhatarvikkeet","10":"first","11":"instock","12":"taxable","13":"shipping-taxable","14":"purchasable","15":"product-type-simple"},"ct_brands":[],"acf":[],"_links":{"self":[{"href":"https:\/\/agrozone.ee\/fi\/wp-json\/wp\/v2\/product\/56386","targetHints":{"allow":["GET"]}}],"collection":[{"href":"https:\/\/agrozone.ee\/fi\/wp-json\/wp\/v2\/product"}],"about":[{"href":"https:\/\/agrozone.ee\/fi\/wp-json\/wp\/v2\/types\/product"}],"wp:featuredmedia":[{"embeddable":true,"href":"https:\/\/agrozone.ee\/fi\/wp-json\/wp\/v2\/media\/45887"}],"wp:attachment":[{"href":"https:\/\/agrozone.ee\/fi\/wp-json\/wp\/v2\/media?parent=56386"}],"wp:term":[{"taxonomy":"product_brand","embeddable":true,"href":"https:\/\/agrozone.ee\/fi\/wp-json\/wp\/v2\/product_brand?post=56386"},{"taxonomy":"product_cat","embeddable":true,"href":"https:\/\/agrozone.ee\/fi\/wp-json\/wp\/v2\/product_cat?post=56386"},{"taxonomy":"product_tag","embeddable":true,"href":"https:\/\/agrozone.ee\/fi\/wp-json\/wp\/v2\/product_tag?post=56386"}],"curies":[{"name":"wp","href":"https:\/\/api.w.org\/{rel}","templated":true}]}}