{"id":56408,"date":"2025-12-19T14:51:37","date_gmt":"2025-12-19T12:51:37","guid":{"rendered":"https:\/\/agrozone.ee\/toode\/aurinkopaneelivalaisin-atusa-55-x-31-cm\/"},"modified":"2025-12-19T14:51:37","modified_gmt":"2025-12-19T12:51:37","slug":"aurinkopaneelivalaisin-atusa-55-x-31-cm","status":"publish","type":"product","link":"https:\/\/agrozone.ee\/fi\/tuote\/aurinkopaneelivalaisin-atusa-55-x-31-cm\/","title":{"rendered":"Aurinkopaneelivalaisin Atusa 5,5 x 31 cm"},"content":{"rendered":"<p data-path-to-node=\"3\">Aurinkovalaisin Atusa on fiksu ja s\u00e4\u00e4st\u00e4v\u00e4 valinta puutarhasi y\u00f6valaistukseen. Hienostuneen muotoilunsa (halkaisija 5,5 cm) ansiosta t\u00e4m\u00e4 valaisin on p\u00e4iv\u00e4ll\u00e4 huomaamattomampi, mutta tarjoaa pime\u00e4n tullen kauniin ja turvallisuutta lis\u00e4\u00e4v\u00e4n valoleikin. Atusa lataa sis\u00e4ist\u00e4 akkuaan p\u00e4iv\u00e4n aikana, ja integroidun sensorin ansiosta valo syttyy heti h\u00e4m\u00e4rtyess\u00e4. Ihanteellinen ratkaisu kukkapenkkien reunojen ja kapeampien puutarhapolkujen merkitsemiseen.   <\/p>\n<h3 data-path-to-node=\"4\">T\u00e4rkeimm\u00e4t edut:<\/h3>\n<ul data-path-to-node=\"5\">\n<li>\n<p data-path-to-node=\"5,0,0\"><b data-path-to-node=\"5,0,0\" data-index-in-node=\"0\">Kompakti ja huomaamaton:<\/b> Pienet mitat mahdollistavat valaisimen helpon sijoittamisen my\u00f6s tihe\u00e4mm\u00e4n kasvillisuuden sekaan.<\/p>\n<\/li>\n<li>\n<p data-path-to-node=\"5,1,0\"><b data-path-to-node=\"5,1,0\" data-index-in-node=\"0\">100 % aurinkoenergiaa:<\/b> Ei tarvetta kaapeleiden vet\u00e4miseen tai paristojen vaihtoon \u2013 s\u00e4\u00e4st\u00e4v\u00e4 ja ymp\u00e4rist\u00f6yst\u00e4v\u00e4llinen.<\/p>\n<\/li>\n<li>\n<p data-path-to-node=\"5,2,0\"><b data-path-to-node=\"5,2,0\" data-index-in-node=\"0\">H\u00e4m\u00e4r\u00e4anturi:<\/b> Automaattinen p\u00e4\u00e4lle- ja poiskytkent\u00e4 tekee k\u00e4yt\u00f6st\u00e4 t\u00e4ysin vaivatonta.<\/p>\n<\/li>\n<li>\n<p data-path-to-node=\"5,3,0\"><b data-path-to-node=\"5,3,0\" data-index-in-node=\"0\">Helppo asennus:<\/b> Asennus vie vain sekunteja \u2013 ty\u00f6nn\u00e4 ter\u00e4v\u00e4k\u00e4rkinen jalka yksinkertaisesti maahan tai nurmikkoon.<\/p>\n<\/li>\n<li>\n<p data-path-to-node=\"5,4,0\"><b data-path-to-node=\"5,4,0\" data-index-in-node=\"0\">Kest\u00e4v\u00e4 ulko-olosuhteissa:<\/b> Suunniteltu kest\u00e4m\u00e4\u00e4n kes\u00e4sateita ja kosteutta.<\/p>\n<\/li>\n<\/ul>\n","protected":false},"excerpt":{"rendered":"<p>Aurinkovalaisin Atusa on fiksu ja s\u00e4\u00e4st\u00e4v\u00e4 valinta puutarhasi y\u00f6valaistukseen. Hienostuneen muotoilunsa (halkaisija 5,5 cm) ansiosta t\u00e4m\u00e4 valaisin on p\u00e4iv\u00e4ll\u00e4 huomaamattomampi, mutta tarjoaa pime\u00e4n tullen kauniin ja turvallisuutta lis\u00e4\u00e4v\u00e4n valoleikin. Atusa lataa sis\u00e4ist\u00e4 akkuaan p\u00e4iv\u00e4n aikana, ja integroidun sensorin ansiosta valo syttyy heti h\u00e4m\u00e4rtyess\u00e4. Ihanteellinen ratkaisu kukkapenkkien reunojen ja kapeampien puutarhapolkujen merkitsemiseen. T\u00e4rkeimm\u00e4t edut: Kompakti ja [&hellip;]<\/p>\n","protected":false},"featured_media":56409,"template":"","meta":{"_acf_changed":false,"_seopress_robots_primary_cat":"none","_seopress_titles_title":"Aurinkopaneelivalaisin Atusa (31 cm) \u2013 Kompakti tunnelmavalaisin","_seopress_titles_desc":"Luo puutarhaan tai parvekkeelle viihtyis\u00e4 tunnelma Atusa-aurinkovalaisimella. Ohutrakenteinen (5,5x31 cm) lamppu sopii t\u00e4ydellisesti kukkaruukkuihin ja kivikkopuutarhaan. Automaattinen ja s\u00e4\u00e4st\u00e4v\u00e4.  ","_seopress_robots_index":"","_gspb_post_css":""},"product_brand":[3001],"product_cat":[2392,2363,2991],"product_tag":[],"class_list":{"0":"post-56408","1":"product","2":"type-product","3":"status-publish","4":"has-post-thumbnail","6":"product_brand-nortene","7":"product_cat-kaikki-luokat","8":"product_cat-puutarhatarvikkeet","9":"product_cat-valaistus","11":"first","12":"instock","13":"taxable","14":"shipping-taxable","15":"purchasable","16":"product-type-simple"},"ct_brands":[{"id":3001,"name":"Nortene","slug":"nortene"}],"acf":[],"_links":{"self":[{"href":"https:\/\/agrozone.ee\/fi\/wp-json\/wp\/v2\/product\/56408","targetHints":{"allow":["GET"]}}],"collection":[{"href":"https:\/\/agrozone.ee\/fi\/wp-json\/wp\/v2\/product"}],"about":[{"href":"https:\/\/agrozone.ee\/fi\/wp-json\/wp\/v2\/types\/product"}],"wp:featuredmedia":[{"embeddable":true,"href":"https:\/\/agrozone.ee\/fi\/wp-json\/wp\/v2\/media\/56409"}],"wp:attachment":[{"href":"https:\/\/agrozone.ee\/fi\/wp-json\/wp\/v2\/media?parent=56408"}],"wp:term":[{"taxonomy":"product_brand","embeddable":true,"href":"https:\/\/agrozone.ee\/fi\/wp-json\/wp\/v2\/product_brand?post=56408"},{"taxonomy":"product_cat","embeddable":true,"href":"https:\/\/agrozone.ee\/fi\/wp-json\/wp\/v2\/product_cat?post=56408"},{"taxonomy":"product_tag","embeddable":true,"href":"https:\/\/agrozone.ee\/fi\/wp-json\/wp\/v2\/product_tag?post=56408"}],"curies":[{"name":"wp","href":"https:\/\/api.w.org\/{rel}","templated":true}]}}