{"id":56410,"date":"2025-12-19T14:45:17","date_gmt":"2025-12-19T12:45:17","guid":{"rendered":"https:\/\/agrozone.ee\/toode\/aurinkopaneelivalaisin-amarys-6-x-33-cm\/"},"modified":"2025-12-19T14:45:17","modified_gmt":"2025-12-19T12:45:17","slug":"aurinkopaneelivalaisin-amarys-6-x-33-cm","status":"publish","type":"product","link":"https:\/\/agrozone.ee\/fi\/tuote\/aurinkopaneelivalaisin-amarys-6-x-33-cm\/","title":{"rendered":"Aurinkopaneelivalaisin Amarys 6 x 33 cm"},"content":{"rendered":"<p data-path-to-node=\"3\">Amarys-aurinkovalaisin on k\u00e4yt\u00e4nn\u00f6llinen ja energiatehokas tapa tehd\u00e4 puutarhastasi viihtyis\u00e4 ja turvallinen iltaisin. T\u00e4m\u00e4 kompakti valaisin sopii t\u00e4ydellisesti puutarhapolkujen, kukkapenkkien reunojen tai terassin reunojen valaisemiseen. Valaisin latautuu p\u00e4iv\u00e4n aikana aurinkoenergialla ja syttyy automaattisesti h\u00e4m\u00e4r\u00e4n tullessa. Minimalistisen muotoilunsa ansiosta Amarys sulautuu huomaamattomasti mihin tahansa puutarhatyyliin tarjoten pehme\u00e4\u00e4 ja suunnattua valoa.   <\/p>\n<h3 data-path-to-node=\"4\">T\u00e4rkeimm\u00e4t edut:<\/h3>\n<ul data-path-to-node=\"5\">\n<li>\n<p data-path-to-node=\"5,0,0\"><b data-path-to-node=\"5,0,0\" data-index-in-node=\"0\">T\u00e4ysin itsen\u00e4inen:<\/b> Ei vaadi s\u00e4hk\u00f6liit\u00e4nt\u00e4\u00e4 tai johtoja \u2013 toimii 100 % aurinkoenergialla.<\/p>\n<\/li>\n<li>\n<p data-path-to-node=\"5,1,0\"><b data-path-to-node=\"5,1,0\" data-index-in-node=\"0\">Automaattinen sensori:<\/b> Sis\u00e4\u00e4nrakennettu h\u00e4m\u00e4r\u00e4anturi sytytt\u00e4\u00e4 valaisimen pime\u00e4n tullessa ja sammuttaa sen aamunkoitteessa.<\/p>\n<\/li>\n<li>\n<p data-path-to-node=\"5,2,0\"><b data-path-to-node=\"5,2,0\" data-index-in-node=\"0\">Helppo asennus:<\/b> Ter\u00e4v\u00e4k\u00e4rkinen maapiikki mahdollistaa valaisimen vaivattoman asettamisen suoraan maahan tai nurmikkoon.<\/p>\n<\/li>\n<li>\n<p data-path-to-node=\"5,3,0\"><b data-path-to-node=\"5,3,0\" data-index-in-node=\"0\">S\u00e4\u00e4nkest\u00e4v\u00e4:<\/b> Valmistettu kest\u00e4vist\u00e4 materiaaleista, jotka kest\u00e4v\u00e4t sadetta ja kosteutta.<\/p>\n<\/li>\n<li>\n<p data-path-to-node=\"5,4,0\"><b data-path-to-node=\"5,4,0\" data-index-in-node=\"0\">Energiatehokas ja ymp\u00e4rist\u00f6yst\u00e4v\u00e4llinen:<\/b> K\u00e4ytt\u00e4\u00e4 s\u00e4\u00e4st\u00e4v\u00e4\u00e4 LED-tekniikkaa.<\/p>\n<\/li>\n<\/ul>\n","protected":false},"excerpt":{"rendered":"<p>Amarys-aurinkovalaisin on k\u00e4yt\u00e4nn\u00f6llinen ja energiatehokas tapa tehd\u00e4 puutarhastasi viihtyis\u00e4 ja turvallinen iltaisin. T\u00e4m\u00e4 kompakti valaisin sopii t\u00e4ydellisesti puutarhapolkujen, kukkapenkkien reunojen tai terassin reunojen valaisemiseen. Valaisin latautuu p\u00e4iv\u00e4n aikana aurinkoenergialla ja syttyy automaattisesti h\u00e4m\u00e4r\u00e4n tullessa. Minimalistisen muotoilunsa ansiosta Amarys sulautuu huomaamattomasti mihin tahansa puutarhatyyliin tarjoten pehme\u00e4\u00e4 ja suunnattua valoa. T\u00e4rkeimm\u00e4t edut: T\u00e4ysin itsen\u00e4inen: Ei vaadi s\u00e4hk\u00f6liit\u00e4nt\u00e4\u00e4 [&hellip;]<\/p>\n","protected":false},"featured_media":56411,"template":"","meta":{"_acf_changed":false,"_seopress_robots_primary_cat":"none","_seopress_titles_title":"Aurinkopaneelivalaisin Amarys (33 cm) \u2013 Tyylik\u00e4s polkuvalaisin puutarhaan","_seopress_titles_desc":"Valaise kotipolku energiatehokkaalla Amarys-aurinkovalaisimella. 6x33 cm s\u00e4\u00e4nkest\u00e4v\u00e4 maavalaisin on ihanteellinen puutarhapolkujen ja kukkapenkkien reunojen merkitsemiseen. Langaton ja helppo.  ","_seopress_robots_index":"","_gspb_post_css":""},"product_brand":[3001],"product_cat":[2392,2363,2991],"product_tag":[],"class_list":{"0":"post-56410","1":"product","2":"type-product","3":"status-publish","4":"has-post-thumbnail","6":"product_brand-nortene","7":"product_cat-kaikki-luokat","8":"product_cat-puutarhatarvikkeet","9":"product_cat-valaistus","11":"first","12":"outofstock","13":"taxable","14":"shipping-taxable","15":"purchasable","16":"product-type-simple"},"ct_brands":[{"id":3001,"name":"Nortene","slug":"nortene"}],"acf":[],"_links":{"self":[{"href":"https:\/\/agrozone.ee\/fi\/wp-json\/wp\/v2\/product\/56410","targetHints":{"allow":["GET"]}}],"collection":[{"href":"https:\/\/agrozone.ee\/fi\/wp-json\/wp\/v2\/product"}],"about":[{"href":"https:\/\/agrozone.ee\/fi\/wp-json\/wp\/v2\/types\/product"}],"wp:featuredmedia":[{"embeddable":true,"href":"https:\/\/agrozone.ee\/fi\/wp-json\/wp\/v2\/media\/56411"}],"wp:attachment":[{"href":"https:\/\/agrozone.ee\/fi\/wp-json\/wp\/v2\/media?parent=56410"}],"wp:term":[{"taxonomy":"product_brand","embeddable":true,"href":"https:\/\/agrozone.ee\/fi\/wp-json\/wp\/v2\/product_brand?post=56410"},{"taxonomy":"product_cat","embeddable":true,"href":"https:\/\/agrozone.ee\/fi\/wp-json\/wp\/v2\/product_cat?post=56410"},{"taxonomy":"product_tag","embeddable":true,"href":"https:\/\/agrozone.ee\/fi\/wp-json\/wp\/v2\/product_tag?post=56410"}],"curies":[{"name":"wp","href":"https:\/\/api.w.org\/{rel}","templated":true}]}}