{"id":56443,"date":"2025-12-15T13:57:08","date_gmt":"2025-12-15T11:57:08","guid":{"rendered":"https:\/\/agrozone.ee\/toode\/hydrotera-hydrogeeli-10-g\/"},"modified":"2025-12-15T13:57:08","modified_gmt":"2025-12-15T11:57:08","slug":"hydrotera-hydrogeeli-10-g","status":"publish","type":"product","link":"https:\/\/agrozone.ee\/fi\/tuote\/hydrotera-hydrogeeli-10-g\/","title":{"rendered":"Hydrotera hydrogeeli 10 g"},"content":{"rendered":"<p data-path-to-node=\"3\">Hydrotera hydrogeeli on mikrokristallinen tuote, joka on suunniteltu veden varastointiin maaper\u00e4ss\u00e4. Valmiste on tarkoitettu: <\/p>\n<ul data-path-to-node=\"4\">\n<li>\n<p data-path-to-node=\"4,0,0\">huonekasveille \u2013 kotona, parvekkeella ja terassilla kasvatettavaksi;<\/p>\n<\/li>\n<li>\n<p data-path-to-node=\"4,1,0\">ulkokasveille \u2013 puutarhassa ja m\u00f6kill\u00e4 kasvatettavaksi;<\/p>\n<\/li>\n<li>\n<p data-path-to-node=\"4,2,0\">nurmikentille.<\/p>\n<\/li>\n<\/ul>\n<p>Mikrokristallit imev\u00e4t vett\u00e4 ja ravinteita muodostaen pehme\u00e4n hydrogeelin. Kuivuusjakson aikana kasvit ottavat hydrogeelin sis\u00e4lt\u00e4m\u00e4\u00e4 vett\u00e4. <\/p>\n<p>Valmiste auttaa hy\u00f6dynt\u00e4m\u00e4\u00e4n ravinteita paremmin. Mikrokristallien veden imeytymis- ja vapautumisprosessi voi tapahtua toistuvasti koko kasvukauden ajan. <\/p>\n<p data-path-to-node=\"6\"><b>Huomio:<\/b> Hydrogeeli pystyy varastoimaan vett\u00e4 4 vuotta, jonka j\u00e4lkeen se biohajoaa. T\u00e4m\u00e4n ajan j\u00e4lkeen ulkona kasvatettaessa suositellut annokset tulee toistaa. <\/p>\n<hr data-path-to-node=\"8\">\n<h3 data-path-to-node=\"9\">K\u00e4ytt\u00f6<\/h3>\n<p><strong>Huonekasvit:<\/strong><\/p>\n<p>K\u00e4yt\u00e4 10 g valmistetta 16 litraan kasvualustaa.<\/p>\n<ul data-path-to-node=\"11\">\n<li>\n<p data-path-to-node=\"11,0,0\">V\u00e4hemm\u00e4n vett\u00e4 suosiville kasveille k\u00e4yt\u00e4 annosta <b>10 g 34 litraan<\/b> kasvualustaa.<\/p>\n<\/li>\n<li>\n<p data-path-to-node=\"11,1,0\">Enemm\u00e4n vett\u00e4 tarvitseville kasveille k\u00e4yt\u00e4 annosta <b>10 g 11 litraan<\/b> kasvualustaa.<\/p>\n<\/li>\n<\/ul>\n<p>Suurempaa suositeltua annosta tulee k\u00e4ytt\u00e4\u00e4 my\u00f6s eritt\u00e4in vett\u00e4 l\u00e4p\u00e4isevill\u00e4 huokoisilla kasvualustoilla (hiekka, kuorike, sora, kevytsora).<\/p>\n<p>Sekoita suositeltu tuotem\u00e4\u00e4r\u00e4 vastaavaan m\u00e4\u00e4r\u00e4\u00e4n kasvualustaa, t\u00e4yt\u00e4 sitten ruukut tai astiat seoksella. Istutuksen j\u00e4lkeen kastele kasvi runsaasti vedell\u00e4. <\/p>\n<p><strong>Parvekekasvit:<\/strong><\/p>\n<p>K\u00e4yt\u00e4 10 g valmistetta 12 litraan kasvualustaa.<\/p>\n<p>Sekoita suositeltu tuotem\u00e4\u00e4r\u00e4 vastaavaan m\u00e4\u00e4r\u00e4\u00e4n kasvualustaa, t\u00e4yt\u00e4 sitten ruukut tai astiat seoksella. Istutuksen j\u00e4lkeen kastele kasvi runsaasti vedell\u00e4. <\/p>\n<p>Peltokasvit, kasvihuonekasvit, kukkapenkit, viheralueet:<\/p>\n<p>Ennen kasvien istutusta lis\u00e4\u00e4 valmiiseen maaper\u00e4\u00e4n 8\u201310 g\/m\u00b2 ja sekoita 10\u201315 cm syvyyteen. Istuta kasvit valmisteltuun maahan ja kastele sitten runsaasti vedell\u00e4. <\/p>\n<p data-path-to-node=\"15\">Monivuotisten kasvien kasvatuksessa k\u00e4yt\u00e4 varhaiskev\u00e4\u00e4ll\u00e4 annoksella <b>8\u201310 g\/m\u00b2<\/b> enint\u00e4\u00e4n joka 4. vuosi. Levityksen j\u00e4lkeen sekoita pintamaakerrokseen ja kastele sitten runsaasti vedell\u00e4. <\/p>\n<p><strong>Koristepuut ja -pensaat:<\/strong><\/p>\n<p>K\u00e4yt\u00e4 hydrogeeli\u00e4 maaper\u00e4n paksuudesta (syvyydest\u00e4) riippuen.<\/p>\n<table data-path-to-node=\"17\">\n<thead>\n<tr>\n<td><strong>Maaper\u00e4n syvyys, jossa hydrogeeli\u00e4 k\u00e4ytet\u00e4\u00e4n<\/strong><\/td>\n<td><strong>Hydrogeelin annos 1 m\u00b2:lle<\/strong><\/td>\n<td><strong>Hydrogeelin annos 0,5 m\u00b2:lle<\/strong><\/td>\n<\/tr>\n<\/thead>\n<tbody>\n<tr>\n<td><span data-path-to-node=\"17,1,0,0\"><b>50 cm<\/b><\/span><\/td>\n<td><span data-path-to-node=\"17,1,1,0\">20\u201325* g<\/span><\/td>\n<td><span data-path-to-node=\"17,1,2,0\">10\u201312,5* g<\/span><\/td>\n<\/tr>\n<tr>\n<td><span data-path-to-node=\"17,2,0,0\"><b>40 cm<\/b><\/span><\/td>\n<td><span data-path-to-node=\"17,2,1,0\">16\u201320* g<\/span><\/td>\n<td><span data-path-to-node=\"17,2,2,0\">8\u201310* g<\/span><\/td>\n<\/tr>\n<tr>\n<td><span data-path-to-node=\"17,3,0,0\"><b>30 cm<\/b><\/span><\/td>\n<td><span data-path-to-node=\"17,3,1,0\">12\u201315* g<\/span><\/td>\n<td><span data-path-to-node=\"17,3,2,0\">6\u20137,5* g<\/span><\/td>\n<\/tr>\n<tr>\n<td><span data-path-to-node=\"17,4,0,0\"><b>20 cm<\/b><\/span><\/td>\n<td><span data-path-to-node=\"17,4,1,0\">8\u201310* g<\/span><\/td>\n<td><span data-path-to-node=\"17,4,2,0\">4\u20135* g<\/span><\/td>\n<\/tr>\n<tr>\n<td><span data-path-to-node=\"17,5,0,0\"><b>10 cm<\/b><\/span><\/td>\n<td><span data-path-to-node=\"17,5,1,0\">4\u20135* g<\/span><\/td>\n<td><span data-path-to-node=\"17,5,2,0\">2\u20132,5* g<\/span><\/td>\n<\/tr>\n<\/tbody>\n<\/table>\n<p data-path-to-node=\"18\"><i>* Suurempaa suositeltua annosta k\u00e4ytet\u00e4\u00e4n eritt\u00e4in hyvin vett\u00e4 l\u00e4p\u00e4isevill\u00e4 ja v\u00e4h\u00e4n vett\u00e4 pid\u00e4tt\u00e4vill\u00e4 mailla (esim. hiekkamailla).<\/i><\/p>\n<p>Hydrogeeli\u00e4 voi k\u00e4ytt\u00e4\u00e4 my\u00f6s istutuksen yhteydess\u00e4 annoksella 10 g istutuskuoppaa kohti.<\/p>\n<p>Ripottele puolet hydrogeeliannoksesta valmistellun kuopan pohjalle ja sekoita kevyesti maahan. Sekoita loput annoksesta kasvualustaan, joka on tarkoitettu juuripaakun peitt\u00e4miseen. Kun kasvi on asetettu kuoppaan, peit\u00e4 juuret hydrogeelill\u00e4 sekoitetulla kasvualustalla ja paina tiukasti kiinni, kastele sitten vedell\u00e4.  <\/p>\n<p><strong>Nurmikko:<\/strong><\/p>\n<p>K\u00e4yt\u00e4 20\u201330 cm syvyydess\u00e4, annostuksella 4\u20135 g\/m\u00b2.<\/p>\n<p>Mitatun m\u00e4\u00e4r\u00e4n valmistetta ripotellaan tasaisesti nurmikon perustamiseen valmistellulle maaper\u00e4lle. Sen j\u00e4lkeen valmiste sekoitetaan maahan 20\u201330 cm syvyyteen ja tasoitetaan. <\/p>\n<ul data-path-to-node=\"21\">\n<li>\n<p data-path-to-node=\"21,0,0\"><b>Kylvett\u00e4v\u00e4 nurmikko:<\/b> Kylv\u00e4 nurmikon siemenet valmistellulle maaper\u00e4lle, peit\u00e4 1\u20132 cm multakerroksella ja rullaa kevyesti kiinni.<\/p>\n<\/li>\n<li>\n<p data-path-to-node=\"21,1,0\"><b>Rullanurmikko:<\/b> Kun hydrogeeli on sekoitettu maahan ja tasoitettu, aseta nurmimatot suoraan valmistellulle maaper\u00e4lle.<\/p>\n<\/li>\n<\/ul>\n<p data-path-to-node=\"22\">Perustamistavasta riippumatta perustettu nurmikko on kasteltava runsaasti.<\/p>\n","protected":false},"excerpt":{"rendered":"<ul data-path-to-node=\"1\">\n<li>\n<p data-path-to-node=\"1,0,0\">tuote mikrokristallien muodossa<\/p>\n<\/li>\n<li>\n<p data-path-to-node=\"1,1,0\">suositellaan huone-, parveke- ja puutarhakasveille sek\u00e4 nurmikolle<\/p>\n<\/li>\n<li>\n<p data-path-to-node=\"1,2,0\">imee ja varastoi vett\u00e4 sek\u00e4 siin\u00e4 olevia ravinteita<\/p>\n<\/li>\n<li>\n<p data-path-to-node=\"1,3,0\">varmistaa kasvien vedensaannin kuivuusjaksoilla<\/p>\n<\/li>\n<li>\n<p data-path-to-node=\"1,4,0\">hydrogeeli imee ja vapauttaa vett\u00e4 toistuvasti<\/p>\n<\/li>\n<\/ul>\n<p data-path-to-node=\"3\"><b>Koostumus:<\/b> 99 % natriumpolyakrylaatti, 1 % vesi.<\/p>\n","protected":false},"featured_media":58205,"template":"","meta":{"_acf_changed":false,"_seopress_robots_primary_cat":"none","_seopress_titles_title":"Hydrotera hydrogeeli \u2013 \u00c4lyk\u00e4s vesivarasto kasveille | V\u00e4hemm\u00e4n kastelua","_seopress_titles_desc":"Optimoi kasvien kastelu Hydrotera hydrogeelill\u00e4. Mikrokristallit varastoivat vett\u00e4 ja ravinteita, taaten kosteuden my\u00f6s kuivuudessa. Ihanteellinen puutarhaan, nurmikolle ja huonekasveille.  ","_seopress_robots_index":"","_gspb_post_css":""},"product_brand":[],"product_cat":[2392,2372,2363],"product_tag":[],"class_list":{"0":"post-56443","1":"product","2":"type-product","3":"status-publish","4":"has-post-thumbnail","6":"product_cat-kaikki-luokat","7":"product_cat-maaperanparannusaineet","8":"product_cat-puutarhatarvikkeet","10":"first","11":"instock","12":"taxable","13":"shipping-taxable","14":"purchasable","15":"product-type-simple"},"ct_brands":[],"acf":[],"_links":{"self":[{"href":"https:\/\/agrozone.ee\/fi\/wp-json\/wp\/v2\/product\/56443","targetHints":{"allow":["GET"]}}],"collection":[{"href":"https:\/\/agrozone.ee\/fi\/wp-json\/wp\/v2\/product"}],"about":[{"href":"https:\/\/agrozone.ee\/fi\/wp-json\/wp\/v2\/types\/product"}],"wp:featuredmedia":[{"embeddable":true,"href":"https:\/\/agrozone.ee\/fi\/wp-json\/wp\/v2\/media\/58205"}],"wp:attachment":[{"href":"https:\/\/agrozone.ee\/fi\/wp-json\/wp\/v2\/media?parent=56443"}],"wp:term":[{"taxonomy":"product_brand","embeddable":true,"href":"https:\/\/agrozone.ee\/fi\/wp-json\/wp\/v2\/product_brand?post=56443"},{"taxonomy":"product_cat","embeddable":true,"href":"https:\/\/agrozone.ee\/fi\/wp-json\/wp\/v2\/product_cat?post=56443"},{"taxonomy":"product_tag","embeddable":true,"href":"https:\/\/agrozone.ee\/fi\/wp-json\/wp\/v2\/product_tag?post=56443"}],"curies":[{"name":"wp","href":"https:\/\/api.w.org\/{rel}","templated":true}]}}