{"id":56449,"date":"2025-12-19T13:29:03","date_gmt":"2025-12-19T11:29:03","guid":{"rendered":"https:\/\/agrozone.ee\/toode\/aitamatto-litecane-25-x-3-m-tummanruskea\/"},"modified":"2025-12-19T13:29:03","modified_gmt":"2025-12-19T11:29:03","slug":"aitamatto-litecane-25-x-3-m-tummanruskea","status":"publish","type":"product","link":"https:\/\/agrozone.ee\/fi\/tuote\/aitamatto-litecane-25-x-3-m-tummanruskea\/","title":{"rendered":"Aitamatto Litecane 2,5 x 3 m, tummanruskea"},"content":{"rendered":"<p data-path-to-node=\"3\">Litecane-aitamatto on erinomainen valinta niille, jotka etsiv\u00e4t luonnollista ja rustiikkista ulkon\u00e4k\u00f6\u00e4 ilman luonnonmateriaalien haittoja. T\u00e4m\u00e4 ruokoa j\u00e4ljittelev\u00e4 matto on valmistettu korkealaatuisesta ja kest\u00e4v\u00e4st\u00e4 synteettisest\u00e4 materiaalista, joka kest\u00e4\u00e4 kosteutta, hometta ja UV-s\u00e4teily\u00e4. Huomattavan <b data-path-to-node=\"3\" data-index-in-node=\"340\">2,5 metrin korkeutensa<\/b> ansiosta se on ihanteellinen ratkaisu korkeiden aitojen rakentamiseen, yksityisten nurkkausten luomiseen tai rumien seinien piilottamiseen.  <\/p>\n<h3 data-path-to-node=\"4\">T\u00e4rkeimm\u00e4t edut:<\/h3>\n<ul data-path-to-node=\"5\">\n<li>\n<p data-path-to-node=\"5,0,0\"><b data-path-to-node=\"5,0,0\" data-index-in-node=\"0\">Maksimaalinen yksityisyys:<\/b> 2,5 metrin korkeus takaa t\u00e4ydellisen suojan my\u00f6s korkeampien rakennusten tai terassien tapauksessa.<\/p>\n<\/li>\n<li>\n<p data-path-to-node=\"5,1,0\"><b data-path-to-node=\"5,1,0\" data-index-in-node=\"0\">Luonnollinen ulkon\u00e4k\u00f6:<\/b> J\u00e4ljittelee hienosti ruo&#8217;on tekstuuria, sopien t\u00e4ydellisesti maaseutukoteihin ja luonnonl\u00e4heisiin puutarhoihin.<\/p>\n<\/li>\n<li>\n<p data-path-to-node=\"5,2,0\"><b data-path-to-node=\"5,2,0\" data-index-in-node=\"0\">Kest\u00e4vyys:<\/b> Toisin kuin aito ruoko, Litecane ei m\u00e4t\u00e4ne ajan my\u00f6t\u00e4 eik\u00e4 haurastu, s\u00e4ilytt\u00e4en ulkon\u00e4k\u00f6ns\u00e4 vuosia.<\/p>\n<\/li>\n<li>\n<p data-path-to-node=\"5,3,0\"><b data-path-to-node=\"5,3,0\" data-index-in-node=\"0\">Monipuolinen k\u00e4ytt\u00f6:<\/b> Sopii erinomaisesti tuulensuojaksi, suojien seiniksi ja koriste-elementiksi.<\/p>\n<\/li>\n<\/ul>\n","protected":false},"excerpt":{"rendered":"<p>Litecane-aitamatto on erinomainen valinta niille, jotka etsiv\u00e4t luonnollista ja rustiikkista ulkon\u00e4k\u00f6\u00e4 ilman luonnonmateriaalien haittoja. T\u00e4m\u00e4 ruokoa j\u00e4ljittelev\u00e4 matto on valmistettu korkealaatuisesta ja kest\u00e4v\u00e4st\u00e4 synteettisest\u00e4 materiaalista, joka kest\u00e4\u00e4 kosteutta, hometta ja UV-s\u00e4teily\u00e4. Huomattavan 2,5 metrin korkeutensa ansiosta se on ihanteellinen ratkaisu korkeiden aitojen rakentamiseen, yksityisten nurkkausten luomiseen tai rumien seinien piilottamiseen. T\u00e4rkeimm\u00e4t edut: Maksimaalinen yksityisyys: 2,5 [&hellip;]<\/p>\n","protected":false},"featured_media":56450,"template":"","meta":{"_acf_changed":false,"_seopress_robots_primary_cat":"none","_seopress_titles_title":"Korkea aitamatto Litecane 2,5x3m \u2013 Tummanruskea yksityisyysratkaisu","_seopress_titles_desc":"Tarvitsetko lis\u00e4korkeutta? 2,5 m korkea tummanruskea Litecane-aitamatto tarjoaa maksimaalisen varjon ja yksityisyyden. Joustava ja kest\u00e4v\u00e4 ratkaisu suurempiin puutarhoihin. Tilaa heti!   ","_seopress_robots_index":"","_gspb_post_css":""},"product_brand":[3001],"product_cat":[2392,2363,3013],"product_tag":[],"class_list":{"0":"post-56449","1":"product","2":"type-product","3":"status-publish","4":"has-post-thumbnail","6":"product_brand-nortene","7":"product_cat-kaikki-luokat","8":"product_cat-puutarhatarvikkeet","9":"product_cat-aidat","11":"first","12":"outofstock","13":"taxable","14":"shipping-taxable","15":"purchasable","16":"product-type-simple"},"ct_brands":[{"id":3001,"name":"Nortene","slug":"nortene"}],"acf":[],"_links":{"self":[{"href":"https:\/\/agrozone.ee\/fi\/wp-json\/wp\/v2\/product\/56449","targetHints":{"allow":["GET"]}}],"collection":[{"href":"https:\/\/agrozone.ee\/fi\/wp-json\/wp\/v2\/product"}],"about":[{"href":"https:\/\/agrozone.ee\/fi\/wp-json\/wp\/v2\/types\/product"}],"wp:featuredmedia":[{"embeddable":true,"href":"https:\/\/agrozone.ee\/fi\/wp-json\/wp\/v2\/media\/56450"}],"wp:attachment":[{"href":"https:\/\/agrozone.ee\/fi\/wp-json\/wp\/v2\/media?parent=56449"}],"wp:term":[{"taxonomy":"product_brand","embeddable":true,"href":"https:\/\/agrozone.ee\/fi\/wp-json\/wp\/v2\/product_brand?post=56449"},{"taxonomy":"product_cat","embeddable":true,"href":"https:\/\/agrozone.ee\/fi\/wp-json\/wp\/v2\/product_cat?post=56449"},{"taxonomy":"product_tag","embeddable":true,"href":"https:\/\/agrozone.ee\/fi\/wp-json\/wp\/v2\/product_tag?post=56449"}],"curies":[{"name":"wp","href":"https:\/\/api.w.org\/{rel}","templated":true}]}}