{"id":56463,"date":"2025-12-29T12:21:51","date_gmt":"2025-12-29T10:21:51","guid":{"rendered":"https:\/\/agrozone.ee\/toode\/biflex-sidontajohto-35-mm-x-10-m-vihrea\/"},"modified":"2025-12-29T12:21:51","modified_gmt":"2025-12-29T10:21:51","slug":"biflex-sidontajohto-35-mm-x-10-m-vihrea","status":"publish","type":"product","link":"https:\/\/agrozone.ee\/fi\/tuote\/biflex-sidontajohto-35-mm-x-10-m-vihrea\/","title":{"rendered":"Biflex sidontajohto 3,5 mm x 10 m vihre\u00e4"},"content":{"rendered":"<p>Etsitk\u00f6 tapaa tukea tomaattejasi tai k\u00f6ynn\u00f6skasvejasi vahingoittamatta varsia?<\/p>\n<p>Biflex 3,5 mm sidontajohto on varustettu pehme\u00e4ll\u00e4 vaahtomuovisisuksella, joka toimii pehmusteena johdon ja kasvin v\u00e4liss\u00e4.<\/p>\n<p>Se on joustava, uudelleenk\u00e4ytett\u00e4v\u00e4 ja vihre\u00e4n v\u00e4rins\u00e4 ansiosta huomaamaton lehdist\u00f6ss\u00e4.<\/p>\n<p>10 metrin pituus varmistaa, ett\u00e4 sit\u00e4 riitt\u00e4\u00e4 koko kasvihuoneeseen tai kukkapenkkiin.<\/p>\n","protected":false},"excerpt":{"rendered":"<ul>\n<li>Biflex vaahtomuovikiinnike herkille kasveille &#8211; \u00f8 3,5 mm.<\/li>\n<li>Biflex on vaahtomuovisisuksella varustettu metallilanka, jonka avulla kasvit voidaan kiinnitt\u00e4\u00e4 tukiin niit\u00e4 vahingoittamatta.<\/li>\n<\/ul>\n","protected":false},"featured_media":56464,"template":"","meta":{"_acf_changed":false,"_seopress_robots_primary_cat":"none","_seopress_titles_title":"Pehme\u00e4 Biflex sidontajohto 3,5 mm x 10 m | Agrozone.ee","_seopress_titles_desc":"Biflex 3,5 mm ohut sidontajohto on suunniteltu herkille kasveille, kuten tomaateille ja kukille. Se suojaa varsia puristumiselta. 10 m rulla edulliseen hintaan!  ","_seopress_robots_index":"","_gspb_post_css":""},"product_brand":[3001],"product_cat":[2392,2448,2451,2363,2376],"product_tag":[],"class_list":{"0":"post-56463","1":"product","2":"type-product","3":"status-publish","4":"has-post-thumbnail","6":"product_brand-nortene","7":"product_cat-kaikki-luokat","8":"product_cat-kasvinsuojelukankaat-ja-maanpeitekankaat","9":"product_cat-peitekankaiden-lisatarvikkeet","10":"product_cat-puutarhatarvikkeet","11":"product_cat-kasvitukia","13":"first","14":"outofstock","15":"taxable","16":"shipping-taxable","17":"purchasable","18":"product-type-simple"},"ct_brands":[{"id":3001,"name":"Nortene","slug":"nortene"}],"acf":[],"_links":{"self":[{"href":"https:\/\/agrozone.ee\/fi\/wp-json\/wp\/v2\/product\/56463","targetHints":{"allow":["GET"]}}],"collection":[{"href":"https:\/\/agrozone.ee\/fi\/wp-json\/wp\/v2\/product"}],"about":[{"href":"https:\/\/agrozone.ee\/fi\/wp-json\/wp\/v2\/types\/product"}],"wp:featuredmedia":[{"embeddable":true,"href":"https:\/\/agrozone.ee\/fi\/wp-json\/wp\/v2\/media\/56464"}],"wp:attachment":[{"href":"https:\/\/agrozone.ee\/fi\/wp-json\/wp\/v2\/media?parent=56463"}],"wp:term":[{"taxonomy":"product_brand","embeddable":true,"href":"https:\/\/agrozone.ee\/fi\/wp-json\/wp\/v2\/product_brand?post=56463"},{"taxonomy":"product_cat","embeddable":true,"href":"https:\/\/agrozone.ee\/fi\/wp-json\/wp\/v2\/product_cat?post=56463"},{"taxonomy":"product_tag","embeddable":true,"href":"https:\/\/agrozone.ee\/fi\/wp-json\/wp\/v2\/product_tag?post=56463"}],"curies":[{"name":"wp","href":"https:\/\/api.w.org\/{rel}","templated":true}]}}