{"id":56472,"date":"2025-12-19T14:04:19","date_gmt":"2025-12-19T12:04:19","guid":{"rendered":"https:\/\/agrozone.ee\/toode\/kukkapenkin-reunus-clickfence-lop-35-x-55-cm-tummanharmaa-5-kpl-pakkauksessa\/"},"modified":"2025-12-19T14:04:19","modified_gmt":"2025-12-19T12:04:19","slug":"kukkapenkin-reunus-clickfence-lop-35-x-55-cm-tummanharmaa-5-kpl-pakkauksessa","status":"publish","type":"product","link":"https:\/\/agrozone.ee\/fi\/tuote\/kukkapenkin-reunus-clickfence-lop-35-x-55-cm-tummanharmaa-5-kpl-pakkauksessa\/","title":{"rendered":"Kukkapenkin reunus Clickfence LOP 35 x 55 cm, tummanharmaa (5 kpl pakkauksessa)"},"content":{"rendered":"<p data-path-to-node=\"3\">Clickfence LOP on nykyaikainen ja kest\u00e4v\u00e4 ratkaisu kukkapenkkien ja puutarha-alueiden rajaamiseen. Tummanharmaa (antrasiitti) s\u00e4vy on t\u00e4ll\u00e4 hetkell\u00e4 yksi suosituimmista valinnoista puutarhasuunnittelussa, sill\u00e4 se n\u00e4ytt\u00e4\u00e4 hillitylt\u00e4 ja ammattimaiselta, sopien hyvin yhteen niin harmaiden pihakivien kuin vihre\u00e4n nurmikonkin kanssa. Valmistettu ainutlaatuisesta LOP (Light Organic Polymer) -materiaalista, joka kest\u00e4\u00e4 ankaria ulko-olosuhteita ja s\u00e4ilytt\u00e4\u00e4 edustavan ulkon\u00e4k\u00f6ns\u00e4 vuosien ajan.  <\/p>\n<h3 data-path-to-node=\"4\">T\u00e4rkeimm\u00e4t edut:<\/h3>\n<ul data-path-to-node=\"5\">\n<li>\n<p data-path-to-node=\"5,0,0\"><b data-path-to-node=\"5,0,0\" data-index-in-node=\"0\">Moderni antrasiitinharmaa:<\/b> Tarjoaa tyylikk\u00e4\u00e4n ja hillityn kontrastin kasveille.<\/p>\n<\/li>\n<li>\n<p data-path-to-node=\"5,1,0\"><b data-path-to-node=\"5,1,0\" data-index-in-node=\"0\">K\u00e4tev\u00e4 &#8220;click&#8221;-liitos:<\/b> Paneelit on helppo yhdist\u00e4\u00e4 p\u00e4ist\u00e4\u00e4n, muodostaen yhten\u00e4isen ja vakaan rajauksen.<\/p>\n<\/li>\n<li>\n<p data-path-to-node=\"5,2,0\"><b data-path-to-node=\"5,2,0\" data-index-in-node=\"0\">Laadukas ja kest\u00e4v\u00e4:<\/b> Toisin kuin tavallinen muovi, LOP-materiaali on UV-kest\u00e4v\u00e4, ei halkeile pakkasessa eik\u00e4 haalistu auringossa.<\/p>\n<\/li>\n<li>\n<p data-path-to-node=\"5,3,0\"><b data-path-to-node=\"5,3,0\" data-index-in-node=\"0\">Ekologinen koostumus:<\/b> Materiaali on ymp\u00e4rist\u00f6yst\u00e4v\u00e4llinen ja t\u00e4ysin kierr\u00e4tett\u00e4v\u00e4.<\/p>\n<\/li>\n<\/ul>\n","protected":false},"excerpt":{"rendered":"<p>Clickfence LOP on nykyaikainen ja kest\u00e4v\u00e4 ratkaisu kukkapenkkien ja puutarha-alueiden rajaamiseen. Tummanharmaa (antrasiitti) s\u00e4vy on t\u00e4ll\u00e4 hetkell\u00e4 yksi suosituimmista valinnoista puutarhasuunnittelussa, sill\u00e4 se n\u00e4ytt\u00e4\u00e4 hillitylt\u00e4 ja ammattimaiselta, sopien hyvin yhteen niin harmaiden pihakivien kuin vihre\u00e4n nurmikonkin kanssa. Valmistettu ainutlaatuisesta LOP (Light Organic Polymer) -materiaalista, joka kest\u00e4\u00e4 ankaria ulko-olosuhteita ja s\u00e4ilytt\u00e4\u00e4 edustavan ulkon\u00e4k\u00f6ns\u00e4 vuosien ajan. T\u00e4rkeimm\u00e4t [&hellip;]<\/p>\n","protected":false},"featured_media":56473,"template":"","meta":{"_acf_changed":false,"_seopress_robots_primary_cat":"none","_seopress_titles_title":"Tummanharmaa kukkapenkin reunus Clickfence LOP (5 kpl) \u2013 Moderni antrasiitinharmaa reunus","_seopress_titles_desc":"Tyylik\u00e4s tummanharmaa (antrasiitti) Clickfence-kukkapenkin reunus sopii t\u00e4ydellisesti moderniin puutarhaan. LOP-materiaali on kest\u00e4v\u00e4 ja huoltovapaa. Pakkauksessa 5 moduulia. Katso lis\u00e4\u00e4!   ","_seopress_robots_index":"","_gspb_post_css":""},"product_brand":[3001],"product_cat":[2392,3012,2363],"product_tag":[],"class_list":{"0":"post-56472","1":"product","2":"type-product","3":"status-publish","4":"has-post-thumbnail","6":"product_brand-nortene","7":"product_cat-kaikki-luokat","8":"product_cat-penkkireunukset","9":"product_cat-puutarhatarvikkeet","11":"first","12":"outofstock","13":"taxable","14":"shipping-taxable","15":"purchasable","16":"product-type-simple"},"ct_brands":[{"id":3001,"name":"Nortene","slug":"nortene"}],"acf":[],"_links":{"self":[{"href":"https:\/\/agrozone.ee\/fi\/wp-json\/wp\/v2\/product\/56472","targetHints":{"allow":["GET"]}}],"collection":[{"href":"https:\/\/agrozone.ee\/fi\/wp-json\/wp\/v2\/product"}],"about":[{"href":"https:\/\/agrozone.ee\/fi\/wp-json\/wp\/v2\/types\/product"}],"wp:featuredmedia":[{"embeddable":true,"href":"https:\/\/agrozone.ee\/fi\/wp-json\/wp\/v2\/media\/56473"}],"wp:attachment":[{"href":"https:\/\/agrozone.ee\/fi\/wp-json\/wp\/v2\/media?parent=56472"}],"wp:term":[{"taxonomy":"product_brand","embeddable":true,"href":"https:\/\/agrozone.ee\/fi\/wp-json\/wp\/v2\/product_brand?post=56472"},{"taxonomy":"product_cat","embeddable":true,"href":"https:\/\/agrozone.ee\/fi\/wp-json\/wp\/v2\/product_cat?post=56472"},{"taxonomy":"product_tag","embeddable":true,"href":"https:\/\/agrozone.ee\/fi\/wp-json\/wp\/v2\/product_tag?post=56472"}],"curies":[{"name":"wp","href":"https:\/\/api.w.org\/{rel}","templated":true}]}}