{"id":56486,"date":"2025-12-29T12:21:44","date_gmt":"2025-12-29T10:21:44","guid":{"rendered":"https:\/\/agrozone.ee\/toode\/sidontalanka-biflex-65-mm-x-5-m-vihrea\/"},"modified":"2025-12-29T12:21:44","modified_gmt":"2025-12-29T10:21:44","slug":"sidontalanka-biflex-65-mm-x-5-m-vihrea","status":"publish","type":"product","link":"https:\/\/agrozone.ee\/fi\/tuote\/sidontalanka-biflex-65-mm-x-5-m-vihrea\/","title":{"rendered":"Sidontalanka Biflex 6,5 mm x 5 m vihre\u00e4"},"content":{"rendered":"<p>Biflex 6,5 mm on ammattimainen ratkaisu puutarhurille, joka arvostaa turvallisuutta ja kest\u00e4vyytt\u00e4.<\/p>\n<p>Paksun vaahtomuovipinnoitteensa ansiosta t\u00e4m\u00e4 lanka on riitt\u00e4v\u00e4n pehme\u00e4, jotta se ei vahingoita nuorta puunrunkoa, mutta tarpeeksi vahva pit\u00e4m\u00e4\u00e4n kasvin tukevasti paikoillaan my\u00f6s tuulisella s\u00e4\u00e4ll\u00e4.<\/p>\n<p>5 metrin rulla on k\u00e4tev\u00e4 kuljettaa mukana ja leikata sopiviksi paloiksi.<\/p>\n","protected":false},"excerpt":{"rendered":"<p>Metalli- ja vaahtomuovikiinnike pit\u00e4\u00e4 kasvit pystyss\u00e4 vahingoittamatta niit\u00e4.<\/p>\n","protected":false},"featured_media":56487,"template":"","meta":{"_acf_changed":false,"_seopress_robots_primary_cat":"none","_seopress_titles_title":"Sidontalanka Biflex 6,5 mm x 5 m (Vihre\u00e4) | Agrozone","_seopress_titles_desc":"Vahva ja pehme\u00e4 Biflex 6,5 mm sidontalanka sopii ihanteellisesti nuorten puiden ja pensaiden sitomiseen. Vaahtomuovipinnoite suojaa runkoa vaurioilta. Osta nyt!  ","_seopress_robots_index":"","_gspb_post_css":""},"product_brand":[3001],"product_cat":[2392,2448,2451,2363,2376],"product_tag":[],"class_list":{"0":"post-56486","1":"product","2":"type-product","3":"status-publish","4":"has-post-thumbnail","6":"product_brand-nortene","7":"product_cat-kaikki-luokat","8":"product_cat-kasvinsuojelukankaat-ja-maanpeitekankaat","9":"product_cat-peitekankaiden-lisatarvikkeet","10":"product_cat-puutarhatarvikkeet","11":"product_cat-kasvitukia","13":"first","14":"outofstock","15":"taxable","16":"shipping-taxable","17":"purchasable","18":"product-type-simple"},"ct_brands":[{"id":3001,"name":"Nortene","slug":"nortene"}],"acf":[],"_links":{"self":[{"href":"https:\/\/agrozone.ee\/fi\/wp-json\/wp\/v2\/product\/56486","targetHints":{"allow":["GET"]}}],"collection":[{"href":"https:\/\/agrozone.ee\/fi\/wp-json\/wp\/v2\/product"}],"about":[{"href":"https:\/\/agrozone.ee\/fi\/wp-json\/wp\/v2\/types\/product"}],"wp:featuredmedia":[{"embeddable":true,"href":"https:\/\/agrozone.ee\/fi\/wp-json\/wp\/v2\/media\/56487"}],"wp:attachment":[{"href":"https:\/\/agrozone.ee\/fi\/wp-json\/wp\/v2\/media?parent=56486"}],"wp:term":[{"taxonomy":"product_brand","embeddable":true,"href":"https:\/\/agrozone.ee\/fi\/wp-json\/wp\/v2\/product_brand?post=56486"},{"taxonomy":"product_cat","embeddable":true,"href":"https:\/\/agrozone.ee\/fi\/wp-json\/wp\/v2\/product_cat?post=56486"},{"taxonomy":"product_tag","embeddable":true,"href":"https:\/\/agrozone.ee\/fi\/wp-json\/wp\/v2\/product_tag?post=56486"}],"curies":[{"name":"wp","href":"https:\/\/api.w.org\/{rel}","templated":true}]}}