{"id":56541,"date":"2026-02-06T09:53:26","date_gmt":"2026-02-06T07:53:26","guid":{"rendered":"https:\/\/agrozone.ee\/toode\/puutarha-ja-nurmikkokalkki-10-kg\/"},"modified":"2026-02-06T09:53:26","modified_gmt":"2026-02-06T07:53:26","slug":"puutarha-ja-nurmikkokalkki-10-kg","status":"publish","type":"product","link":"https:\/\/agrozone.ee\/fi\/tuote\/puutarha-ja-nurmikkokalkki-10-kg\/","title":{"rendered":"Puutarha- ja nurmikkokalkki 10 kg"},"content":{"rendered":"<p>Suurempien alueiden hoito vaatii tehokkaita ratkaisuja. 10 kilon kalkkikivijauheemme on taloudellisin valinta uuden nurmikon perustamiseen tai suurempien puutarhojen s\u00e4\u00e4nn\u00f6lliseen hoitoon. Se parantaa merkitt\u00e4v\u00e4sti lannoitteiden liukoisuutta maaper\u00e4ss\u00e4, mik\u00e4 tarkoittaa, ett\u00e4 sijoituksesi muihin lannoitteisiin tuottaa paremman tuloksen. Riitt\u00e4v\u00e4 m\u00e4\u00e4r\u00e4 kattamaan laajan alueen ja takaamaan tihe\u00e4n, vihre\u00e4n sek\u00e4 sammaleettoman nurmikon vuosiksi eteenp\u00e4in.   <\/p>\n","protected":false},"excerpt":{"rendered":"<p>Suurempien alueiden hoito vaatii tehokkaita ratkaisuja. 10 kilon kalkkikivijauheemme on taloudellisin valinta uuden nurmikon perustamiseen tai suurempien puutarhojen s\u00e4\u00e4nn\u00f6lliseen hoitoon. Se parantaa merkitt\u00e4v\u00e4sti lannoitteiden liukoisuutta maaper\u00e4ss\u00e4, mik\u00e4 tarkoittaa, ett\u00e4 sijoituksesi muihin lannoitteisiin tuottaa paremman tuloksen. Riitt\u00e4v\u00e4 m\u00e4\u00e4r\u00e4 kattamaan laajan alueen ja takaamaan tihe\u00e4n, vihre\u00e4n sek\u00e4 sammaleettoman nurmikon vuosiksi eteenp\u00e4in.<\/p>\n","protected":false},"featured_media":56540,"template":"","meta":{"_acf_changed":false,"_seopress_robots_primary_cat":"","_seopress_titles_title":"Puutarha- ja nurmikkokalkki 10 kg | Suurten pintojen kalkitus | Agrozone.ee","_seopress_titles_desc":"Taloudellinen 10 kg pakkaus suuremmille nurmikoille ja uuden puutarhan perustamiseen. Neutralisoi hapanta maaper\u00e4\u00e4 ja parantaa lannoitteiden vaikutusta. Virolainen ja puhdas.  ","_seopress_robots_index":"","_gspb_post_css":""},"product_brand":[2906],"product_cat":[2392,2438,2460],"product_tag":[],"class_list":{"0":"post-56541","1":"product","2":"type-product","3":"status-publish","4":"has-post-thumbnail","6":"product_brand-baltic-agro","7":"product_cat-kaikki-luokat","8":"product_cat-lannoitteet","9":"product_cat-puutarhalannoitteet","11":"first","12":"instock","13":"taxable","14":"shipping-taxable","15":"purchasable","16":"product-type-simple"},"ct_brands":[{"id":2906,"name":"Baltic Agro","slug":"baltic-agro"}],"acf":[],"_links":{"self":[{"href":"https:\/\/agrozone.ee\/fi\/wp-json\/wp\/v2\/product\/56541","targetHints":{"allow":["GET"]}}],"collection":[{"href":"https:\/\/agrozone.ee\/fi\/wp-json\/wp\/v2\/product"}],"about":[{"href":"https:\/\/agrozone.ee\/fi\/wp-json\/wp\/v2\/types\/product"}],"wp:featuredmedia":[{"embeddable":true,"href":"https:\/\/agrozone.ee\/fi\/wp-json\/wp\/v2\/media\/56540"}],"wp:attachment":[{"href":"https:\/\/agrozone.ee\/fi\/wp-json\/wp\/v2\/media?parent=56541"}],"wp:term":[{"taxonomy":"product_brand","embeddable":true,"href":"https:\/\/agrozone.ee\/fi\/wp-json\/wp\/v2\/product_brand?post=56541"},{"taxonomy":"product_cat","embeddable":true,"href":"https:\/\/agrozone.ee\/fi\/wp-json\/wp\/v2\/product_cat?post=56541"},{"taxonomy":"product_tag","embeddable":true,"href":"https:\/\/agrozone.ee\/fi\/wp-json\/wp\/v2\/product_tag?post=56541"}],"curies":[{"name":"wp","href":"https:\/\/api.w.org\/{rel}","templated":true}]}}