{"id":56543,"date":"2026-02-06T09:51:29","date_gmt":"2026-02-06T07:51:29","guid":{"rendered":"https:\/\/agrozone.ee\/toode\/puutarha-ja-nurmikkokalkki-5-kg\/"},"modified":"2026-02-06T09:51:29","modified_gmt":"2026-02-06T07:51:29","slug":"puutarha-ja-nurmikkokalkki-5-kg","status":"publish","type":"product","link":"https:\/\/agrozone.ee\/fi\/tuote\/puutarha-ja-nurmikkokalkki-5-kg\/","title":{"rendered":"Puutarha- ja nurmikkokalkki 5 kg"},"content":{"rendered":"<p>Valtaako sammal puutarhaasi? 5 kilon puutarha- ja nurmikkokalkki on optimaalinen valinta keskikokoiseen hy\u00f6tytarhaan ja koristepenkkeihin. T\u00e4m\u00e4 ymp\u00e4rist\u00f6yst\u00e4v\u00e4llinen virolainen tuote nostaa maaper\u00e4n pH-tasoa luoden sammalelle ep\u00e4suotuisat olosuhteet ja tarjoten samalla kasveille t\u00e4rke\u00e4\u00e4 magnesiumia ja kalsiumia. K\u00e4yt\u00e4 varhaiskev\u00e4\u00e4st\u00e4 my\u00f6h\u00e4issyksyyn varmistaaksesi hedelm\u00e4puiden ja marjapensaiden runsaan sadon.   <\/p>\n","protected":false},"excerpt":{"rendered":"<p>Valtaako sammal puutarhaasi? 5 kilon puutarha- ja nurmikkokalkki on optimaalinen valinta keskikokoiseen hy\u00f6tytarhaan ja koristepenkkeihin. T\u00e4m\u00e4 ymp\u00e4rist\u00f6yst\u00e4v\u00e4llinen virolainen tuote nostaa maaper\u00e4n pH-tasoa luoden sammalelle ep\u00e4suotuisat olosuhteet ja tarjoten samalla kasveille t\u00e4rke\u00e4\u00e4 magnesiumia ja kalsiumia. K\u00e4yt\u00e4 varhaiskev\u00e4\u00e4st\u00e4 my\u00f6h\u00e4issyksyyn varmistaaksesi hedelm\u00e4puiden ja marjapensaiden runsaan sadon.<\/p>\n","protected":false},"featured_media":56542,"template":"","meta":{"_acf_changed":false,"_seopress_robots_primary_cat":"","_seopress_titles_title":"Nurmikkokalkki 5 kg - Taistele sammalta vastaan tehokkaasti | Agrozone","_seopress_titles_desc":"Laadukas puutarha- ja nurmikkokalkki 5 kg. Ehk\u00e4isee sammaleen kasvua ja vilkastuttaa maaper\u00e4n pieneli\u00f6toimintaa. Sopii hedelm\u00e4puille ja marjapensaille. Katso lis\u00e4\u00e4!   ","_seopress_robots_index":"","_seopress_analysis_target_kw":"nurmikkokalkki, sammal nurmikolla, puutarhan kalkitus syksyll\u00e4, kalkkikivijauheen myynti, mullan pH 6\u20137","_gspb_post_css":""},"product_brand":[2906],"product_cat":[2392,2438,2460],"product_tag":[],"class_list":{"0":"post-56543","1":"product","2":"type-product","3":"status-publish","4":"has-post-thumbnail","6":"product_brand-baltic-agro","7":"product_cat-kaikki-luokat","8":"product_cat-lannoitteet","9":"product_cat-puutarhalannoitteet","11":"first","12":"instock","13":"taxable","14":"shipping-taxable","15":"purchasable","16":"product-type-simple"},"ct_brands":[{"id":2906,"name":"Baltic Agro","slug":"baltic-agro"}],"acf":[],"_links":{"self":[{"href":"https:\/\/agrozone.ee\/fi\/wp-json\/wp\/v2\/product\/56543","targetHints":{"allow":["GET"]}}],"collection":[{"href":"https:\/\/agrozone.ee\/fi\/wp-json\/wp\/v2\/product"}],"about":[{"href":"https:\/\/agrozone.ee\/fi\/wp-json\/wp\/v2\/types\/product"}],"wp:featuredmedia":[{"embeddable":true,"href":"https:\/\/agrozone.ee\/fi\/wp-json\/wp\/v2\/media\/56542"}],"wp:attachment":[{"href":"https:\/\/agrozone.ee\/fi\/wp-json\/wp\/v2\/media?parent=56543"}],"wp:term":[{"taxonomy":"product_brand","embeddable":true,"href":"https:\/\/agrozone.ee\/fi\/wp-json\/wp\/v2\/product_brand?post=56543"},{"taxonomy":"product_cat","embeddable":true,"href":"https:\/\/agrozone.ee\/fi\/wp-json\/wp\/v2\/product_cat?post=56543"},{"taxonomy":"product_tag","embeddable":true,"href":"https:\/\/agrozone.ee\/fi\/wp-json\/wp\/v2\/product_tag?post=56543"}],"curies":[{"name":"wp","href":"https:\/\/api.w.org\/{rel}","templated":true}]}}