{"id":56545,"date":"2026-02-06T09:49:14","date_gmt":"2026-02-06T07:49:14","guid":{"rendered":"https:\/\/agrozone.ee\/toode\/puutarha-ja-nurmikkokalkki-2-kg\/"},"modified":"2026-02-06T09:49:14","modified_gmt":"2026-02-06T07:49:14","slug":"puutarha-ja-nurmikkokalkki-2-kg","status":"publish","type":"product","link":"https:\/\/agrozone.ee\/fi\/tuote\/puutarha-ja-nurmikkokalkki-2-kg\/","title":{"rendered":"Puutarha- ja nurmikkokalkki 2 kg"},"content":{"rendered":"<p>Pieni ja k\u00e4tev\u00e4 2 kilon pakkaus on suunniteltu puutarhurille, joka haluaa huolehtia suosikkipenkeist\u00e4\u00e4n tai kasvihuoneen kasveista. T\u00e4m\u00e4 kotimainen kalkkikivijauhe on nopein tapa neutraloida liiallista happamuutta varmistaen, ett\u00e4 tomaatit, kurkut ja kukat saavat maaper\u00e4st\u00e4 kaikki tarvittavat ravinteet. Ihanteellinen valinta my\u00f6s parvekeviljelyyn pit\u00e4m\u00e4\u00e4n multa terveen\u00e4 ja viljavana.  <\/p>\n","protected":false},"excerpt":{"rendered":"<p>Pieni ja k\u00e4tev\u00e4 2 kilon pakkaus on suunniteltu puutarhurille, joka haluaa huolehtia suosikkipenkeist\u00e4\u00e4n tai kasvihuoneen kasveista. T\u00e4m\u00e4 kotimainen kalkkikivijauhe on nopein tapa neutraloida liiallista happamuutta varmistaen, ett\u00e4 tomaatit, kurkut ja kukat saavat maaper\u00e4st\u00e4 kaikki tarvittavat ravinteet. Ihanteellinen valinta my\u00f6s parvekeviljelyyn pit\u00e4m\u00e4\u00e4n multa terveen\u00e4 ja viljavana.<\/p>\n","protected":false},"featured_media":56544,"template":"","meta":{"_acf_changed":false,"_seopress_robots_primary_cat":"","_seopress_titles_title":"Puutarha- ja nurmikkokalkki 2 kg | Paranna maaper\u00e4n pH-tasoa | Agrozone.ee","_seopress_titles_desc":"Luonnollinen virolainen kalkkikivijauhe 2 kg pakkauksessa. Ihanteellinen pienille kukkapenkeille ja kukille. Lis\u00e4\u00e4 kalsiumpitoisuutta ja parantaa maaper\u00e4n mikroflooraa. Tilaa heti!   ","_seopress_robots_index":"","_gspb_post_css":""},"product_brand":[2906],"product_cat":[2392,2438,2460],"product_tag":[],"class_list":{"0":"post-56545","1":"product","2":"type-product","3":"status-publish","4":"has-post-thumbnail","6":"product_brand-baltic-agro","7":"product_cat-kaikki-luokat","8":"product_cat-lannoitteet","9":"product_cat-puutarhalannoitteet","11":"first","12":"instock","13":"taxable","14":"shipping-taxable","15":"purchasable","16":"product-type-simple"},"ct_brands":[{"id":2906,"name":"Baltic Agro","slug":"baltic-agro"}],"acf":[],"_links":{"self":[{"href":"https:\/\/agrozone.ee\/fi\/wp-json\/wp\/v2\/product\/56545","targetHints":{"allow":["GET"]}}],"collection":[{"href":"https:\/\/agrozone.ee\/fi\/wp-json\/wp\/v2\/product"}],"about":[{"href":"https:\/\/agrozone.ee\/fi\/wp-json\/wp\/v2\/types\/product"}],"wp:featuredmedia":[{"embeddable":true,"href":"https:\/\/agrozone.ee\/fi\/wp-json\/wp\/v2\/media\/56544"}],"wp:attachment":[{"href":"https:\/\/agrozone.ee\/fi\/wp-json\/wp\/v2\/media?parent=56545"}],"wp:term":[{"taxonomy":"product_brand","embeddable":true,"href":"https:\/\/agrozone.ee\/fi\/wp-json\/wp\/v2\/product_brand?post=56545"},{"taxonomy":"product_cat","embeddable":true,"href":"https:\/\/agrozone.ee\/fi\/wp-json\/wp\/v2\/product_cat?post=56545"},{"taxonomy":"product_tag","embeddable":true,"href":"https:\/\/agrozone.ee\/fi\/wp-json\/wp\/v2\/product_tag?post=56545"}],"curies":[{"name":"wp","href":"https:\/\/api.w.org\/{rel}","templated":true}]}}