{"id":56867,"date":"2026-03-03T09:46:07","date_gmt":"2026-03-03T07:46:07","guid":{"rendered":"https:\/\/agrozone.ee\/toode\/aurinkopaneelilla-varustettu-puutarhavalaisin-riikinkukko\/"},"modified":"2026-03-03T09:46:07","modified_gmt":"2026-03-03T07:46:07","slug":"aurinkopaneelilla-varustettu-puutarhavalaisin-riikinkukko","status":"publish","type":"product","link":"https:\/\/agrozone.ee\/fi\/tuote\/aurinkopaneelilla-varustettu-puutarhavalaisin-riikinkukko\/","title":{"rendered":"Aurinkopaneelilla varustettu puutarhavalaisin Riikinkukko"},"content":{"rendered":"<h2 data-path-to-node=\"9\">Maaginen aurinkopaneelilla varustettu puutarhavalaisin \u201dRiikinkukko\u201d \u2013 pihasi katseenvangitsija!<\/h2>\n<p data-path-to-node=\"10\">Luo puutarhaasi, terassillesi tai parvekkeellesi lumoava tunnelma t\u00e4ll\u00e4 kauniisti muotoillulla, <b data-path-to-node=\"10\" data-index-in-node=\"76\">riikinkukon muotoisella aurinkokennovalaisimella<\/b>. T\u00e4m\u00e4 katseenvangitseva ja ymp\u00e4rist\u00f6yst\u00e4v\u00e4llinen valaisin ei ole ainoastaan k\u00e4yt\u00e4nn\u00f6llinen, vaan my\u00f6s tyylik\u00e4s koriste-elementti, joka her\u00e4tt\u00e4\u00e4 ulkotilasi eloon. 40 integroidun LED-valon ansiosta valaisin tarjoaa pehme\u00e4\u00e4 ja moniv\u00e4rist\u00e4 valoa luoden kotoisan tunnelman h\u00e4ik\u00e4isem\u00e4tt\u00e4.  <\/p>\n<h3 data-path-to-node=\"11\">Miksi valita t\u00e4m\u00e4 aurinkopaneelilla varustettu puutarhavalaisin?<\/h3>\n<ul data-path-to-node=\"12\">\n<li>\n<p data-path-to-node=\"12,0,0\"><b data-path-to-node=\"12,0,0\" data-index-in-node=\"0\">100 % aurinkoenergialla toimiva:<\/b> Unohda hankalat johdot ja suuret s\u00e4hk\u00f6laskut. Valaisin varastoi p\u00e4iv\u00e4nvaloa ja hy\u00f6dynt\u00e4\u00e4 sit\u00e4 y\u00f6ll\u00e4 puutarhasi valaisemiseen. Se on s\u00e4\u00e4steli\u00e4s valinta sek\u00e4 luonnolle ett\u00e4 lompakollesi.  <\/p>\n<\/li>\n<li>\n<p data-path-to-node=\"12,1,0\"><b data-path-to-node=\"12,1,0\" data-index-in-node=\"0\">\u00c4lyk\u00e4s h\u00e4m\u00e4r\u00e4tunnistin:<\/b> Sis\u00e4\u00e4nrakennettu tunnistin kytkee valaisimen automaattisesti p\u00e4\u00e4lle pime\u00e4n tullessa ja pois p\u00e4\u00e4lt\u00e4 aamun sarastaessa. T\u00e4m\u00e4 s\u00e4\u00e4st\u00e4\u00e4 energiaa ja tekee k\u00e4yt\u00f6st\u00e4 eritt\u00e4in vaivatonta. <\/p>\n<\/li>\n<li>\n<p data-path-to-node=\"12,2,0\"><b data-path-to-node=\"12,2,0\" data-index-in-node=\"0\">S\u00e4\u00e4nkest\u00e4v\u00e4 (IP44):<\/b> Sade ja kosteus eiv\u00e4t ole ongelma! Valaisin on vedenkest\u00e4v\u00e4 ja suunniteltu kest\u00e4m\u00e4\u00e4n ymp\u00e4ri vuoden s\u00e4\u00e4olosuhteista riippumatta. <\/p>\n<\/li>\n<li>\n<p data-path-to-node=\"12,3,0\"><b data-path-to-node=\"12,3,0\" data-index-in-node=\"0\">Kest\u00e4v\u00e4 metallirakenne:<\/b> Tukeva metallirunko varmistaa tuotteen pitk\u00e4ik\u00e4isyyden ja kest\u00e4vyyden my\u00f6s vaativassa ulkok\u00e4yt\u00f6ss\u00e4.<\/p>\n<\/li>\n<li>\n<p data-path-to-node=\"12,4,0\"><b data-path-to-node=\"12,4,0\" data-index-in-node=\"0\">Optimaalinen lataus:<\/b> Aurinkopaneelia on mahdollista k\u00e4\u00e4nt\u00e4\u00e4 180 astetta, mik\u00e4 mahdollistaa sen suuntaamisen tarkasti aurinkoa kohti maksimaalisen lataustehon varmistamiseksi.<\/p>\n<\/li>\n<li>\n<p data-path-to-node=\"12,5,0\"><b data-path-to-node=\"12,5,0\" data-index-in-node=\"0\">Turvallinen valinta:<\/b> Tuote on testattu ja t\u00e4ytt\u00e4\u00e4 kaikki Euroopan unionin turvallisuusstandardit.<\/p>\n<\/li>\n<\/ul>\n<p data-path-to-node=\"12,5,0\"><b data-path-to-node=\"15\" data-index-in-node=\"0\">Pakkaukseen kuuluu:<\/b> Riikinkukon muotoinen valaisin integroidulla h\u00e4m\u00e4r\u00e4tunnistimella, aurinkopaneeli, 3-osainen kokoontaitettava maapiikki, suojakalvo ja tukeva kuljetuspakkaus.<\/p>\n<blockquote data-path-to-node=\"16\">\n<p data-path-to-node=\"16,0\"><b data-path-to-node=\"16,0\" data-index-in-node=\"0\">T\u00e4rke\u00e4\u00e4 tietoa k\u00e4ytt\u00e4j\u00e4lle!<\/b><\/p>\n<ul data-path-to-node=\"16,1\">\n<li>\n<p data-path-to-node=\"16,1,0,0\">Vaikka tuote on vedenkest\u00e4v\u00e4 (IP44), sit\u00e4 ei saa asettaa seisovaan veteen tai upottaa veden alle.<\/p>\n<\/li>\n<li>\n<p data-path-to-node=\"16,1,1,0\">K\u00e4yt\u00e4 tuotetta vain sen k\u00e4ytt\u00f6tarkoituksen mukaisesti ja pid\u00e4 se et\u00e4\u00e4ll\u00e4 avotulesta.<\/p>\n<\/li>\n<li>\n<p data-path-to-node=\"16,1,2,0\">\u00c4l\u00e4 yrit\u00e4 purkaa tai korjata valaisinta itse.<\/p>\n<\/li>\n<li>\n<p data-path-to-node=\"16,1,3,0\">Pitk\u00e4aikaisen kest\u00e4vyyden varmistamiseksi tarkista s\u00e4\u00e4nn\u00f6llisesti, ett\u00e4 aurinkopaneeli on puhdas ja ettei rungossa ole vaurioita.<\/p>\n<\/li>\n<\/ul>\n<\/blockquote>\n","protected":false},"excerpt":{"rendered":"<p>Maaginen aurinkopaneelilla varustettu puutarhavalaisin \u201dRiikinkukko\u201d \u2013 pihasi katseenvangitsija! Luo puutarhaasi, terassillesi tai parvekkeellesi lumoava tunnelma t\u00e4ll\u00e4 kauniisti muotoillulla, riikinkukon muotoisella aurinkokennovalaisimella. T\u00e4m\u00e4 katseenvangitseva ja ymp\u00e4rist\u00f6yst\u00e4v\u00e4llinen valaisin ei ole ainoastaan k\u00e4yt\u00e4nn\u00f6llinen, vaan my\u00f6s tyylik\u00e4s koriste-elementti, joka her\u00e4tt\u00e4\u00e4 ulkotilasi eloon. 40 integroidun LED-valon ansiosta valaisin tarjoaa pehme\u00e4\u00e4 ja moniv\u00e4rist\u00e4 valoa luoden kotoisan tunnelman h\u00e4ik\u00e4isem\u00e4tt\u00e4. Miksi valita t\u00e4m\u00e4 [&hellip;]<\/p>\n","protected":false},"featured_media":56864,"template":"","meta":{"_acf_changed":false,"_seopress_robots_primary_cat":"","_seopress_titles_title":"Aurinkopaneelilla varustettu puutarhavalaisin Riikinkukko (40 LED, IP44) | Agrozone","_seopress_titles_desc":"Etsitk\u00f6 kaunista puutarhavalaisinta? Vedenkest\u00e4v\u00e4 40 LEDin aurinkopaneelilla varustettu puutarhavalaisin \u201dRiikinkukko\u201d tuo puutarhaasi tai terassillesi maagista valoa. Tilaa Agrozonelta!  ","_seopress_robots_index":"","_gspb_post_css":""},"product_brand":[2932],"product_cat":[2392,2363,2991],"product_tag":[],"class_list":{"0":"post-56867","1":"product","2":"type-product","3":"status-publish","4":"has-post-thumbnail","6":"product_brand-gardlov","7":"product_cat-kaikki-luokat","8":"product_cat-puutarhatarvikkeet","9":"product_cat-valaistus","11":"first","12":"instock","13":"taxable","14":"shipping-taxable","15":"purchasable","16":"product-type-simple"},"ct_brands":[{"id":2932,"name":"Gardlov","slug":"gardlov"}],"acf":[],"_links":{"self":[{"href":"https:\/\/agrozone.ee\/fi\/wp-json\/wp\/v2\/product\/56867","targetHints":{"allow":["GET"]}}],"collection":[{"href":"https:\/\/agrozone.ee\/fi\/wp-json\/wp\/v2\/product"}],"about":[{"href":"https:\/\/agrozone.ee\/fi\/wp-json\/wp\/v2\/types\/product"}],"wp:featuredmedia":[{"embeddable":true,"href":"https:\/\/agrozone.ee\/fi\/wp-json\/wp\/v2\/media\/56864"}],"wp:attachment":[{"href":"https:\/\/agrozone.ee\/fi\/wp-json\/wp\/v2\/media?parent=56867"}],"wp:term":[{"taxonomy":"product_brand","embeddable":true,"href":"https:\/\/agrozone.ee\/fi\/wp-json\/wp\/v2\/product_brand?post=56867"},{"taxonomy":"product_cat","embeddable":true,"href":"https:\/\/agrozone.ee\/fi\/wp-json\/wp\/v2\/product_cat?post=56867"},{"taxonomy":"product_tag","embeddable":true,"href":"https:\/\/agrozone.ee\/fi\/wp-json\/wp\/v2\/product_tag?post=56867"}],"curies":[{"name":"wp","href":"https:\/\/api.w.org\/{rel}","templated":true}]}}