{"id":57554,"date":"2026-03-03T09:12:27","date_gmt":"2026-03-03T07:12:27","guid":{"rendered":"https:\/\/agrozone.ee\/toode\/nigerinsiemen-1-kg\/"},"modified":"2026-03-03T09:12:27","modified_gmt":"2026-03-03T07:12:27","slug":"nigerinsiemen-1-kg","status":"publish","type":"product","link":"https:\/\/agrozone.ee\/fi\/tuote\/nigerinsiemen-1-kg\/","title":{"rendered":"Nigerinsiemen 1 kg"},"content":{"rendered":"<p data-path-to-node=\"16\">Nigerinsiemen on trooppista alkuper\u00e4\u00e4 oleva nopeakasvuinen yksivuotinen viherlannoituskasvi, josta on tulossa yh\u00e4 suositumpi sek\u00e4 luomutuottajien ett\u00e4 vaativien kotipuutarhureiden keskuudessa. Jos etsit v\u00e4likasvia, joka ei levit\u00e4 paikallisia kasvitauteja, on nigerinsiemen (tunnetaan my\u00f6s nimell\u00e4 Niger) paras valinta. <\/p>\n<p data-path-to-node=\"17\"><b data-path-to-node=\"17\" data-index-in-node=\"0\">Miksi valita nigerinsiemen omaan puutarhaan tai pellolle?<\/b> Toisin kuin sinappi tai apila, nigerinsiemen kuuluu asterikasvien heimoon. T\u00e4m\u00e4 tarkoittaa, ett\u00e4 voit k\u00e4ytt\u00e4\u00e4 sit\u00e4 turvallisesti viljelykierroissa, joissa kasvaa ristikukkaisia (kaali, rapsi) tai palkokasveja (herne, papu), ilman riski\u00e4 m\u00f6h\u00f6juuren tai muiden yhteisten tuholaisten levi\u00e4misest\u00e4. <\/p>\n<p data-path-to-node=\"18\"><b data-path-to-node=\"18\" data-index-in-node=\"0\">T\u00e4rkeimm\u00e4t edut:<\/b><\/p>\n<ul data-path-to-node=\"19\">\n<li>\n<p data-path-to-node=\"19,0,0\"><b data-path-to-node=\"19,0,0\" data-index-in-node=\"0\">Luonnollinen fosforilannoite:<\/b> Nigerinsiemenen juuristo pystyy muuttamaan maaper\u00e4ss\u00e4 olevan sitoutuneen fosforin seuraaville kasveille k\u00e4ytt\u00f6kelpoiseen muotoon. T\u00e4m\u00e4 s\u00e4\u00e4st\u00e4\u00e4 rahaa lis\u00e4lannoituskustannuksissa. <\/p>\n<\/li>\n<li>\n<p data-path-to-node=\"19,1,0\"><b data-path-to-node=\"19,1,0\" data-index-in-node=\"0\">Erinomainen mehil\u00e4isten suosikki:<\/b> Loppukes\u00e4n kukinta tarjoaa p\u00f6lytt\u00e4jille tarvittavaa mett\u00e4 aikana, jolloin monet muut kasvit ovat jo lopettaneet.<\/p>\n<\/li>\n<li>\n<p data-path-to-node=\"19,2,0\"><b data-path-to-node=\"19,2,0\" data-index-in-node=\"0\">Kuivuudenkest\u00e4vyys:<\/b> Alkuper\u00e4ns\u00e4 ansiosta kasvi kest\u00e4\u00e4 kuumimpinakin kes\u00e4p\u00e4ivin\u00e4 s\u00e4ilytt\u00e4en rehev\u00e4n biomassansa.<\/p>\n<\/li>\n<li>\n<p data-path-to-node=\"19,3,0\"><b data-path-to-node=\"19,3,0\" data-index-in-node=\"0\">Maan rakenteen parantaminen:<\/b> Nopea kasvu tukahduttaa rikkaruohot ja j\u00e4tt\u00e4\u00e4 maahan kynn\u00f6n j\u00e4lkeen runsaasti orgaanista ainesta.<\/p>\n<\/li>\n<\/ul>\n<p data-path-to-node=\"20\"><b data-path-to-node=\"20\" data-index-in-node=\"0\">K\u00e4ytt\u00f6ohjeet:<\/b><\/p>\n<ul data-path-to-node=\"21\">\n<li>\n<p data-path-to-node=\"21,0,0\"><b data-path-to-node=\"21,0,0\" data-index-in-node=\"0\">Kylv\u00f6m\u00e4\u00e4r\u00e4:<\/b> Viherlannoitukseen n. 10\u201315 kg\/ha (kotipuutarhaan n. 100\u2013150 g \/ 100 m\u00b2).<\/p>\n<\/li>\n<li>\n<p data-path-to-node=\"21,1,0\"><b data-path-to-node=\"21,1,0\" data-index-in-node=\"0\">Kylv\u00f6aika:<\/b> Koska kyseess\u00e4 on hallanarka kasvi, kylv\u00e4 siemenet toukokuun lopussa tai kes\u00e4kuun alussa, kun y\u00f6pakkasten vaara on ohi. Sopii erinomaisesti my\u00f6s j\u00e4lkikasviksi varhaisperunan tai herneen j\u00e4lkeen. <\/p>\n<\/li>\n<li>\n<p data-path-to-node=\"21,2,0\"><b data-path-to-node=\"21,2,0\" data-index-in-node=\"0\">Maahan k\u00e4\u00e4nt\u00e4minen:<\/b> Parhaan lannoitusvaikutuksen saavuttamiseksi kynt\u00e4k\u00e4\u00e4 tai k\u00e4\u00e4nt\u00e4k\u00e4\u00e4 kasvit maahan kukinnan alkuvaiheessa.<\/p>\n<\/li>\n<\/ul>\n","protected":false},"excerpt":{"rendered":"<p>Nigerinsiemen on trooppista alkuper\u00e4\u00e4 oleva nopeakasvuinen yksivuotinen viherlannoituskasvi, josta on tulossa yh\u00e4 suositumpi sek\u00e4 luomutuottajien ett\u00e4 vaativien kotipuutarhureiden keskuudessa. Jos etsit v\u00e4likasvia, joka ei levit\u00e4 paikallisia kasvitauteja, on nigerinsiemen (tunnetaan my\u00f6s nimell\u00e4 Niger) paras valinta. Miksi valita nigerinsiemen omaan puutarhaan tai pellolle? Toisin kuin sinappi tai apila, nigerinsiemen kuuluu asterikasvien heimoon. T\u00e4m\u00e4 tarkoittaa, ett\u00e4 voit [&hellip;]<\/p>\n","protected":false},"featured_media":57553,"template":"","meta":{"_acf_changed":false,"_seopress_robots_primary_cat":"none","_seopress_titles_title":"Nigerinsiemen 1 kg | Viherlannoite ja fosforin vapauttaja | Agrozone","_seopress_titles_desc":"Paranna maaper\u00e4n terveytt\u00e4 nigerinsiemenell\u00e4! Tehokas v\u00e4likasvi, joka vapauttaa fosforia ja houkuttelee p\u00f6lytt\u00e4ji\u00e4. Sopii ihanteellisesti rapsin ja herneen viljelykiertoon.  ","_seopress_robots_index":"","_gspb_post_css":""},"product_brand":[],"product_cat":[2444,2392,2399],"product_tag":[],"class_list":{"0":"post-57554","1":"product","2":"type-product","3":"status-publish","4":"has-post-thumbnail","6":"product_cat-hunajakasvit-ja-valiviljelykasvit","7":"product_cat-kaikki-luokat","8":"product_cat-siemenet","10":"first","11":"instock","12":"taxable","13":"shipping-taxable","14":"purchasable","15":"product-type-simple"},"ct_brands":[],"acf":[],"_links":{"self":[{"href":"https:\/\/agrozone.ee\/fi\/wp-json\/wp\/v2\/product\/57554","targetHints":{"allow":["GET"]}}],"collection":[{"href":"https:\/\/agrozone.ee\/fi\/wp-json\/wp\/v2\/product"}],"about":[{"href":"https:\/\/agrozone.ee\/fi\/wp-json\/wp\/v2\/types\/product"}],"wp:featuredmedia":[{"embeddable":true,"href":"https:\/\/agrozone.ee\/fi\/wp-json\/wp\/v2\/media\/57553"}],"wp:attachment":[{"href":"https:\/\/agrozone.ee\/fi\/wp-json\/wp\/v2\/media?parent=57554"}],"wp:term":[{"taxonomy":"product_brand","embeddable":true,"href":"https:\/\/agrozone.ee\/fi\/wp-json\/wp\/v2\/product_brand?post=57554"},{"taxonomy":"product_cat","embeddable":true,"href":"https:\/\/agrozone.ee\/fi\/wp-json\/wp\/v2\/product_cat?post=57554"},{"taxonomy":"product_tag","embeddable":true,"href":"https:\/\/agrozone.ee\/fi\/wp-json\/wp\/v2\/product_tag?post=57554"}],"curies":[{"name":"wp","href":"https:\/\/api.w.org\/{rel}","templated":true}]}}