{"id":57568,"date":"2026-03-12T10:04:32","date_gmt":"2026-03-12T08:04:32","guid":{"rendered":"https:\/\/agrozone.ee\/toode\/led-taskulamppu-trizand-800-lmled-taskulamppu-trizand-800-lm\/"},"modified":"2026-03-12T10:04:32","modified_gmt":"2026-03-12T08:04:32","slug":"led-taskulamppu-trizand-800-lmled-taskulamppu-trizand-800-lm","status":"publish","type":"product","link":"https:\/\/agrozone.ee\/fi\/tuote\/led-taskulamppu-trizand-800-lmled-taskulamppu-trizand-800-lm\/","title":{"rendered":"LED-taskulamppu TRIZAND 800 lmLED-taskulamppu TRIZAND 800 lm"},"content":{"rendered":"<h2 data-path-to-node=\"8\">Taktinen LED-taskulamppu TRIZAND 800 lm (zoomilla ja varavirtal\u00e4hteell\u00e4)<\/h2>\n<p data-path-to-node=\"9\">Pime\u00e4n tullessa tavalliset taskulamput ovat usein riitt\u00e4m\u00e4tt\u00f6mi\u00e4 \u2013 niiden valoteho on heikko ja akku tyhjenee kaikkein ep\u00e4sopivimmalla hetkell\u00e4. T\u00e4ss\u00e4 avuksi tulee tehokas <b data-path-to-node=\"9\" data-index-in-node=\"152\">TRIZAND-taktinen taskulamppu<\/b>, joka tarjoaa luotettavaa valaistusta niin kotona, autossa, vaelluksilla kuin yll\u00e4tt\u00e4vien s\u00e4hk\u00f6katkojenkin aikana. 800 lumenin valotehonsa, suuren 5000 mAh:n akun ja \u00e4lykk\u00e4iden lis\u00e4toimintojensa ansiosta t\u00e4m\u00e4 valaisin on suunniteltu kest\u00e4m\u00e4\u00e4n kaikissa tilanteissa.  <\/p>\n<p data-path-to-node=\"10\"><b data-path-to-node=\"10\" data-index-in-node=\"0\">Miksi TRIZAND-taskulamppu on paras valinta?<\/b><\/p>\n<ul data-path-to-node=\"11\">\n<li>\n<p data-path-to-node=\"11,0,0\"><b data-path-to-node=\"11,0,0\" data-index-in-node=\"0\">Tehokas valo ja pitk\u00e4 kantama:<\/b> Korkealaatuinen LED-diodi tarjoaa 800 lumenin tasaisen ja voimakkaan valon, joka kantaa jopa <b data-path-to-node=\"11,0,0\" data-index-in-node=\"115\">200 metrin p\u00e4\u00e4h\u00e4n<\/b>. N\u00e4et selke\u00e4sti my\u00f6s kaukaiset kohteet ja liikut pime\u00e4ss\u00e4 itsevarmasti. <\/p>\n<\/li>\n<li>\n<p data-path-to-node=\"11,1,0\"><b data-path-to-node=\"11,1,0\" data-index-in-node=\"0\">S\u00e4\u00e4dett\u00e4v\u00e4 valokeila (Zoom):<\/b> Vaihda laajan yleisvalon ja kauas kantavan kohdistetun valokeilan v\u00e4lill\u00e4 vain yhdell\u00e4 liikkeell\u00e4. Lis\u00e4ksi valittavana on <b data-path-to-node=\"11,1,0\" data-index-in-node=\"140\">3 toimintatilaa<\/b> (voimakas, keskitaso ja vilkkuva stroboskooppi), jotta voit mukauttaa valon tilanteen mukaan. <\/p>\n<\/li>\n<li>\n<p data-path-to-node=\"11,2,0\"><b data-path-to-node=\"11,2,0\" data-index-in-node=\"0\"><span class=\"citation-16\">Pitk\u00e4kestoinen akku ja digitaalinen n\u00e4ytt\u00f6:<\/span><\/b> <span class=\"citation-16\">Pakkauksessa on mukana tehokas 21700-tyypin 5000 mAh:n akku, joka takaa yhdell\u00e4 latauksella jopa<\/span> <b data-path-to-node=\"11,2,0\" data-index-in-node=\"115\"><span class=\"citation-16\">12 tunnin k\u00e4ytt\u00f6ajan.<\/span><\/b><span class=\"citation-16 citation-end-16\"> <\/span>Reaaliaikainen digitaalinen n\u00e4ytt\u00f6 n\u00e4ytt\u00e4\u00e4 akun varaustason, jotta voit suunnitella lataamisen ajoissa.<\/p>\n<\/li>\n<li>\n<p data-path-to-node=\"11,3,0\"><b data-path-to-node=\"11,3,0\" data-index-in-node=\"0\">H\u00e4t\u00e4tilanteiden varavirtal\u00e4hde (Power Bank):<\/b> T\u00e4m\u00e4 ei ole pelkk\u00e4 taskulamppu! Tarvittaessa voit ladata taskulampulla \u00e4lypuhelimesi tai GPS-laitteesi, jotta pysyt tavoitettavissa luonnossa tai h\u00e4t\u00e4tilanteessa. <\/p>\n<\/li>\n<li>\n<p data-path-to-node=\"11,4,0\"><b data-path-to-node=\"11,4,0\" data-index-in-node=\"0\">Kest\u00e4v\u00e4 ja turvallinen muotoilu:<\/b> Luja alumiinirunko suojaa laitetta iskuilta ja naarmuilta ja on p\u00e4ivitt\u00e4isiss\u00e4 olosuhteissa <b data-path-to-node=\"11,4,0\" data-index-in-node=\"134\">vedenkest\u00e4v\u00e4.<\/b> Valaisimen p\u00e4\u00e4ss\u00e4 oleva erityinen hammastettu \u201dkruunu\u201d parantaa otetta jopa m\u00e4rill\u00e4 k\u00e4sill\u00e4 tai k\u00e4sineill\u00e4. <\/p>\n<\/li>\n<li>\n<p data-path-to-node=\"11,5,0\"><b data-path-to-node=\"11,5,0\" data-index-in-node=\"0\">Helppok\u00e4ytt\u00f6inen kaikille:<\/b> Yhden painikkeen ohjauksen ja mukana tulevan rannenauhan ansiosta se sopii erinomaisesti niin vaativalle retkeilij\u00e4lle kuin seniorillekin, taaten turvallisuuden tunteen joka askeleella.<\/p>\n<\/li>\n<\/ul>\n<p data-path-to-node=\"12\"><b data-path-to-node=\"12\" data-index-in-node=\"0\">Tekniset tiedot:<\/b><\/p>\n<ul data-path-to-node=\"13\">\n<li>\n<p data-path-to-node=\"13,0,0\"><b data-path-to-node=\"13,0,0\" data-index-in-node=\"0\"><span class=\"citation-15\">Valoteho:<\/span><\/b> <span class=\"citation-15 citation-end-15\">800 lm<\/span><\/p>\n<\/li>\n<li>\n<p data-path-to-node=\"13,1,0\"><b data-path-to-node=\"13,1,0\" data-index-in-node=\"0\">Valon kantama:<\/b> jopa 200 m<\/p>\n<\/li>\n<li>\n<p data-path-to-node=\"13,2,0\"><b data-path-to-node=\"13,2,0\" data-index-in-node=\"0\">Toimintatilat:<\/b> 3 (voimakas \/ keskitaso \/ stroboskooppi)<\/p>\n<\/li>\n<li>\n<p data-path-to-node=\"13,3,0\"><b data-path-to-node=\"13,3,0\" data-index-in-node=\"0\">Virtal\u00e4hde:<\/b> Ladattava akku 21700 (5000 mAh, 3,7 V) \u2013 <i data-path-to-node=\"13,3,0\" data-index-in-node=\"42\">sis\u00e4ltyy pakkaukseen!<\/i><\/p>\n<\/li>\n<li>\n<p data-path-to-node=\"13,4,0\"><b data-path-to-node=\"13,4,0\" data-index-in-node=\"0\">Toiminta-aika:<\/b> 3\u201312 tuntia (tilasta riippuen)<\/p>\n<\/li>\n<li>\n<p data-path-to-node=\"13,5,0\"><b data-path-to-node=\"13,5,0\" data-index-in-node=\"0\">Lataus:<\/b> USB-C (kaapeli mukana)<\/p>\n<\/li>\n<li>\n<p data-path-to-node=\"13,6,0\"><b data-path-to-node=\"13,6,0\" data-index-in-node=\"0\">Lis\u00e4toiminnot:<\/b> varavirtal\u00e4hde (Power Bank), zoom, digitaalinen n\u00e4ytt\u00f6<\/p>\n<\/li>\n<li>\n<p data-path-to-node=\"13,8,0\"><b data-path-to-node=\"13,8,0\" data-index-in-node=\"0\">Materiaali ja v\u00e4ri:<\/b> alumiini, musta<\/p>\n<\/li>\n<li>\n<p data-path-to-node=\"13,9,0\"><b data-path-to-node=\"13,9,0\" data-index-in-node=\"0\">Mitat:<\/b> 15,6\u201317,3 x 3,8 cm<\/p>\n<\/li>\n<li>\n<p data-path-to-node=\"13,10,0\"><b data-path-to-node=\"13,10,0\" data-index-in-node=\"0\">Paino:<\/b> 0,239 kg<\/p>\n<\/li>\n<\/ul>\n<blockquote data-path-to-node=\"16\">\n<p data-path-to-node=\"16,0\"><b data-path-to-node=\"16,0\" data-index-in-node=\"0\">Turvallisuusohjeet:<\/b> \u00c4l\u00e4 suuntaa valoa suoraan silmiin, sill\u00e4 se voi vaurioittaa n\u00e4k\u00f6\u00e4. Pid\u00e4 laite poissa suorasta auringonvalosta ja \u00e4\u00e4rimm\u00e4isist\u00e4 l\u00e4mp\u00f6tiloista. Pitk\u00e4aikaisessa s\u00e4ilytyksess\u00e4 lataa akku t\u00e4yteen ja lataa se uudelleen kolmen kuukauden v\u00e4lein akun k\u00e4ytt\u00f6i\u00e4n s\u00e4ilytt\u00e4miseksi ja kemiallisen korroosion v\u00e4ltt\u00e4miseksi.  <\/p>\n<\/blockquote>\n","protected":false},"excerpt":{"rendered":"<p>Taktinen LED-taskulamppu TRIZAND 800 lm (zoomilla ja varavirtal\u00e4hteell\u00e4) Pime\u00e4n tullessa tavalliset taskulamput ovat usein riitt\u00e4m\u00e4tt\u00f6mi\u00e4 \u2013 niiden valoteho on heikko ja akku tyhjenee kaikkein ep\u00e4sopivimmalla hetkell\u00e4. T\u00e4ss\u00e4 avuksi tulee tehokas TRIZAND-taktinen taskulamppu, joka tarjoaa luotettavaa valaistusta niin kotona, autossa, vaelluksilla kuin yll\u00e4tt\u00e4vien s\u00e4hk\u00f6katkojenkin aikana. 800 lumenin valotehonsa, suuren 5000 mAh:n akun ja \u00e4lykk\u00e4iden lis\u00e4toimintojensa ansiosta [&hellip;]<\/p>\n","protected":false},"featured_media":57564,"template":"","meta":{"_acf_changed":false,"_seopress_robots_primary_cat":"none","_seopress_titles_title":"Ladattava taktinen LED-taskulamppu 800 lm TRIZAND | Agrozone","_seopress_titles_desc":"Eik\u00f6 tavallisen taskulampun valo riit\u00e4? Trizand 800 lm taktinen LED-taskulamppu varavirtal\u00e4hteell\u00e4, zoomilla ja 5000 mAh:n akulla takaa valon jopa 12 tunniksi. Tilaa Agrozoniesta!  ","_seopress_robots_index":"","_gspb_post_css":""},"product_brand":[],"product_cat":[2365,2392,2363,2364,2991],"product_tag":[],"class_list":{"0":"post-57568","1":"product","2":"type-product","3":"status-publish","4":"has-post-thumbnail","6":"product_cat-akkukayttoiset-puutarhatyokalut","7":"product_cat-kaikki-luokat","8":"product_cat-puutarhatarvikkeet","9":"product_cat-puutarhatyokalut","10":"product_cat-valaistus","12":"first","13":"instock","14":"featured","15":"taxable","16":"shipping-taxable","17":"purchasable","18":"product-type-simple"},"ct_brands":[],"acf":[],"_links":{"self":[{"href":"https:\/\/agrozone.ee\/fi\/wp-json\/wp\/v2\/product\/57568","targetHints":{"allow":["GET"]}}],"collection":[{"href":"https:\/\/agrozone.ee\/fi\/wp-json\/wp\/v2\/product"}],"about":[{"href":"https:\/\/agrozone.ee\/fi\/wp-json\/wp\/v2\/types\/product"}],"wp:featuredmedia":[{"embeddable":true,"href":"https:\/\/agrozone.ee\/fi\/wp-json\/wp\/v2\/media\/57564"}],"wp:attachment":[{"href":"https:\/\/agrozone.ee\/fi\/wp-json\/wp\/v2\/media?parent=57568"}],"wp:term":[{"taxonomy":"product_brand","embeddable":true,"href":"https:\/\/agrozone.ee\/fi\/wp-json\/wp\/v2\/product_brand?post=57568"},{"taxonomy":"product_cat","embeddable":true,"href":"https:\/\/agrozone.ee\/fi\/wp-json\/wp\/v2\/product_cat?post=57568"},{"taxonomy":"product_tag","embeddable":true,"href":"https:\/\/agrozone.ee\/fi\/wp-json\/wp\/v2\/product_tag?post=57568"}],"curies":[{"name":"wp","href":"https:\/\/api.w.org\/{rel}","templated":true}]}}