{"id":57647,"date":"2026-03-23T07:34:39","date_gmt":"2026-03-23T05:34:39","guid":{"rendered":"https:\/\/agrozone.ee\/toode\/kukkasiemenseos-onnelliset-perhoset-100-g\/"},"modified":"2026-04-19T08:08:40","modified_gmt":"2026-04-19T06:08:40","slug":"kukkasiemenseos-onnelliset-perhoset-100-g","status":"publish","type":"product","link":"https:\/\/agrozone.ee\/fi\/tuote\/kukkasiemenseos-onnelliset-perhoset-100-g\/","title":{"rendered":"Kukkasiemenseos &#8220;Onnelliset perhoset&#8221; 100 g"},"content":{"rendered":"<p data-path-to-node=\"9\"><b data-path-to-node=\"9\" data-index-in-node=\"0\">Luo puutarhaasi monimuotoinen kukkaketo \u201dOnnelliset perhoset\u201d -siemenseoksella.<\/b><\/p>\n<p data-path-to-node=\"10\">Haaveiletko puutarhasta, joka kuhisee el\u00e4m\u00e4\u00e4, v\u00e4rej\u00e4 ja perhosten tanssia? T\u00e4m\u00e4 erityisesti koottu runsas kukkasiemenseos tuo pihallesi todellisen kukkaisparatiisin.<br \/>\u201dOnnelliset perhoset\u201d on huolellisesti valittu seos yksi- ja monivuotisia kukkia, joka on luotu erityisesti houkuttelemaan ja tukemaan hy\u00f6dyllisi\u00e4 hy\u00f6nteisi\u00e4, erityisesti perhosia.  <\/p>\n<p data-path-to-node=\"11\">N\u00e4m\u00e4 kasvit eiv\u00e4t tarjoa ainoastaan silm\u00e4niloa koko kes\u00e4ksi, vaan ne luovat my\u00f6s biologisesti monimuotoisen ekosysteemin. Tihe\u00e4 kukkamatto tarjoaa perhosille turvallisen paikan munimiseen ja takaa kuoriutuville toukille runsaan ravinnonl\u00e4hteen. <\/p>\n<p data-path-to-node=\"12\"><b data-path-to-node=\"12\" data-index-in-node=\"0\">Miksi valita \u201dOnnelliset perhoset\u201d -kukkasiemenseos?<\/b><\/p>\n<ul data-path-to-node=\"13\">\n<li>\n<p data-path-to-node=\"13,0,0\"><b data-path-to-node=\"13,0,0\" data-index-in-node=\"0\">Laaja peitt\u00e4vyys:<\/b> Yksi 100 g pakkaus riitt\u00e4\u00e4 jopa <b data-path-to-node=\"13,0,0\" data-index-in-node=\"45\">100 m\u00b2:n<\/b> suuruisen alueen kattamiseen.<\/p>\n<\/li>\n<li>\n<p data-path-to-node=\"13,1,0\"><b data-path-to-node=\"13,1,0\" data-index-in-node=\"0\">Pitk\u00e4 kukinta-aika:<\/b> Nauti v\u00e4rien loistosta syd\u00e4nkes\u00e4st\u00e4 aina ensimm\u00e4isiin syyspakkasiin asti (hein\u00e4kuusta lokakuuhun).<\/p>\n<\/li>\n<li>\n<p data-path-to-node=\"13,2,0\"><b data-path-to-node=\"13,2,0\" data-index-in-node=\"0\">Vaikuttava korkeus:<\/b> Kasvit kasvavat jopa 150 cm korkeiksi luoden puutarhaan rehev\u00e4n ja monikerroksisen ilmeen.<\/p>\n<\/li>\n<li>\n<p data-path-to-node=\"13,3,0\"><b data-path-to-node=\"13,3,0\" data-index-in-node=\"0\">Luonnonyst\u00e4v\u00e4llinen:<\/b> Auttaa s\u00e4ilytt\u00e4m\u00e4\u00e4n ja lis\u00e4\u00e4m\u00e4\u00e4n puutarhan monimuotoisuutta (biodiversiteetti\u00e4).<\/p>\n<\/li>\n<\/ul>\n<p data-path-to-node=\"14\"><b data-path-to-node=\"14\" data-index-in-node=\"0\">Kylv\u00f6- ja hoito-ohjeet onnistuneeseen kasvuun<\/b><\/p>\n<p data-path-to-node=\"15\">Kukkakedon perustaminen on helppoa, kun noudatat n\u00e4it\u00e4 vaiheita:<\/p>\n<ol start=\"1\" data-path-to-node=\"16\">\n<li>\n<p data-path-to-node=\"16,0,0\"><b data-path-to-node=\"16,0,0\" data-index-in-node=\"0\">Aika ja paikka:<\/b> Kylv\u00e4 siemenet huhtikuusta kes\u00e4kuuhun. Saat parhaan tuloksen valitsemalla aurinkoisen tai puolivarjoisan kasvupaikan. <\/p>\n<\/li>\n<li>\n<p data-path-to-node=\"16,1,0\"><b data-path-to-node=\"16,1,0\" data-index-in-node=\"0\">Maaper\u00e4:<\/b> Kasvit suosivat humuspitoista, ravinteikasta ja hyvin vett\u00e4 l\u00e4p\u00e4isev\u00e4\u00e4 multaa.<\/p>\n<\/li>\n<li>\n<p data-path-to-node=\"16,2,0\"><b data-path-to-node=\"16,2,0\" data-index-in-node=\"0\">Kylv\u00f6:<\/b> Valmistele maanpinta ja kylv\u00e4 seos tasaisesti. Haravoi siemenet kevyesti 1\u20132 cm:n syvyyteen multaan. <\/p>\n<\/li>\n<li>\n<p data-path-to-node=\"16,3,0\"><b data-path-to-node=\"16,3,0\" data-index-in-node=\"0\">Tiivist\u00e4minen ja kosteus:<\/b> Paina mullan pinta kevyesti tiiviiksi, jotta siemenill\u00e4 on hyv\u00e4 kosketus maahan. Pid\u00e4 kylv\u00f6alue tasaisen kosteana, erityisesti it\u00e4misen aikana (14\u201321 p\u00e4iv\u00e4\u00e4). <i data-path-to-node=\"16,3,0\" data-index-in-node=\"172\">Huomioi: eri siemenet it\u00e4v\u00e4t eri nopeudella!<\/i><\/p>\n<\/li>\n<li>\n<p data-path-to-node=\"16,4,0\"><b data-path-to-node=\"16,4,0\" data-index-in-node=\"0\">Suojaus:<\/b> Alkuvaiheessa kylv\u00f6alue kannattaa suojata linnuilta, jotta v\u00e4ltet\u00e4\u00e4n siementen sy\u00f6dyksi tuleminen.<\/p>\n<\/li>\n<\/ol>\n<p data-path-to-node=\"17\"><i data-path-to-node=\"17\" data-index-in-node=\"0\">Tilaa kukkasiemenseos Agrozonen verkkokaupasta ja muuta puutarhasi luonnonmukaiseksi paratiisiksi, joka ilahduttaa sek\u00e4 sinua ett\u00e4 ymp\u00e4r\u00f6iv\u00e4\u00e4 luontoa!<\/i><\/p>\n","protected":false},"excerpt":{"rendered":"<p>Luo puutarhaasi monimuotoinen kukkaketo \u201dOnnelliset perhoset\u201d -siemenseoksella. Haaveiletko puutarhasta, joka kuhisee el\u00e4m\u00e4\u00e4, v\u00e4rej\u00e4 ja perhosten tanssia? T\u00e4m\u00e4 erityisesti koottu runsas kukkasiemenseos tuo pihallesi todellisen kukkaisparatiisin.\u201dOnnelliset perhoset\u201d on huolellisesti valittu seos yksi- ja monivuotisia kukkia, joka on luotu erityisesti houkuttelemaan ja tukemaan hy\u00f6dyllisi\u00e4 hy\u00f6nteisi\u00e4, erityisesti perhosia. N\u00e4m\u00e4 kasvit eiv\u00e4t tarjoa ainoastaan silm\u00e4niloa koko kes\u00e4ksi, vaan ne [&hellip;]<\/p>\n","protected":false},"featured_media":57646,"template":"","meta":{"_acf_changed":false,"_seopress_robots_primary_cat":"none","_seopress_titles_title":"Kukkasiemenseos \u201dOnnelliset perhoset\u201d 100 g | Agrozone.ee","_seopress_titles_desc":"Luo puutarhaasi eloisa kukkaisparatiisi! 100 g kukkasiemenseosta \u201dOnnelliset perhoset\u201d riitt\u00e4\u00e4 jopa 100 m\u00b2:lle. Yksi- ja monivuotisia kukkia. Osta vaivattomasti osoitteesta agrozone.ee!   ","_seopress_robots_index":"","_gspb_post_css":""},"product_brand":[],"product_cat":[2392,2427,2423,2399],"product_tag":[],"class_list":{"0":"post-57647","1":"product","2":"type-product","3":"status-publish","4":"has-post-thumbnail","6":"product_cat-kaikki-luokat","7":"product_cat-kukkien-siemensekoitukset","8":"product_cat-kukkien-siemenet","9":"product_cat-siemenet","11":"first","12":"instock","13":"taxable","14":"shipping-taxable","15":"purchasable","16":"product-type-simple"},"ct_brands":[],"acf":[],"_links":{"self":[{"href":"https:\/\/agrozone.ee\/fi\/wp-json\/wp\/v2\/product\/57647","targetHints":{"allow":["GET"]}}],"collection":[{"href":"https:\/\/agrozone.ee\/fi\/wp-json\/wp\/v2\/product"}],"about":[{"href":"https:\/\/agrozone.ee\/fi\/wp-json\/wp\/v2\/types\/product"}],"wp:featuredmedia":[{"embeddable":true,"href":"https:\/\/agrozone.ee\/fi\/wp-json\/wp\/v2\/media\/57646"}],"wp:attachment":[{"href":"https:\/\/agrozone.ee\/fi\/wp-json\/wp\/v2\/media?parent=57647"}],"wp:term":[{"taxonomy":"product_brand","embeddable":true,"href":"https:\/\/agrozone.ee\/fi\/wp-json\/wp\/v2\/product_brand?post=57647"},{"taxonomy":"product_cat","embeddable":true,"href":"https:\/\/agrozone.ee\/fi\/wp-json\/wp\/v2\/product_cat?post=57647"},{"taxonomy":"product_tag","embeddable":true,"href":"https:\/\/agrozone.ee\/fi\/wp-json\/wp\/v2\/product_tag?post=57647"}],"curies":[{"name":"wp","href":"https:\/\/api.w.org\/{rel}","templated":true}]}}