{"id":57658,"date":"2026-03-12T09:45:29","date_gmt":"2026-03-12T07:45:29","guid":{"rendered":"https:\/\/agrozone.ee\/toode\/kokoontaitettava-puutarhan-polvialusta-ja-puutarhatuoli\/"},"modified":"2026-03-12T09:45:29","modified_gmt":"2026-03-12T07:45:29","slug":"kokoontaitettava-puutarhan-polvialusta-ja-puutarhatuoli","status":"publish","type":"product","link":"https:\/\/agrozone.ee\/fi\/tuote\/kokoontaitettava-puutarhan-polvialusta-ja-puutarhatuoli\/","title":{"rendered":"Kokoontaitettava Puutarhan Polvialusta ja Puutarhatuoli"},"content":{"rendered":"<h2 data-path-to-node=\"10\">Kokoontaitettava Puutarhan Polvialusta ja Puutarhatuoli GARDLOV (4-in-1-setti)<\/h2>\n<p data-path-to-node=\"11\">Puutarhanhoidon ei tarvitse tarkoittaa selk\u00e4kipuja ja kankeita polvia! T\u00e4m\u00e4 monipuolinen ja kest\u00e4v\u00e4 <b data-path-to-node=\"11\" data-index-in-node=\"89\">GARDLOV-polvialusta<\/b> on suunniteltu tekem\u00e4\u00e4n kitkemisest\u00e4, istuttamisesta ja hoitot\u00f6ist\u00e4 todella nautinnollista. Kyseess\u00e4 on \u00e4lyk\u00e4s 4-in-1-ratkaisu: k\u00e4yt\u00e4 sit\u00e4 pehme\u00e4n\u00e4 polvistumispenkkin\u00e4 tai k\u00e4\u00e4nn\u00e4 se ymp\u00e4ri, jolloin k\u00e4yt\u00f6ss\u00e4si on mukava puutarhatuoli. Lis\u00e4ksi settiin kuuluu tilava ty\u00f6kalutasku sek\u00e4 kolme t\u00e4rke\u00e4\u00e4 puutarhaty\u00f6kalua.   <\/p>\n<p data-path-to-node=\"12\"><b data-path-to-node=\"12\" data-index-in-node=\"0\">Miksi valita t\u00e4m\u00e4 kokoontaitettava puutarhan polvialusta?<\/b><\/p>\n<ul data-path-to-node=\"13\">\n<li>\n<p data-path-to-node=\"13,0,0\"><b data-path-to-node=\"13,0,0\" data-index-in-node=\"0\">Maksimaalinen mukavuus:<\/b> Sek\u00e4 istuin- ett\u00e4 polvistumisalue on p\u00e4\u00e4llystetty paksulla ja pehme\u00e4ll\u00e4 EVA-vaahdolla, mik\u00e4 v\u00e4hent\u00e4\u00e4 niveliin kohdistuvaa painetta ja tarjoaa mukavuutta jopa tuntikausia kest\u00e4v\u00e4n puutarhaty\u00f6n j\u00e4lkeen.<\/p>\n<\/li>\n<li>\n<p data-path-to-node=\"13,1,0\"><b data-path-to-node=\"13,1,0\" data-index-in-node=\"0\">Kaikki tarvittava k\u00e4den ulottuvilla:<\/b> Settiin kuuluu kest\u00e4v\u00e4st\u00e4 Oxford-kankaasta (600D) valmistettu, tarranauhalla kiinnitett\u00e4v\u00e4 j\u00e4rjestelij\u00e4. Mukana on heti my\u00f6s kolme puutarhaty\u00f6kalua (istutuslapio, hara ja hanko) \u2013 olet hetkess\u00e4 valmis ty\u00f6h\u00f6n! <\/p>\n<\/li>\n<li>\n<p data-path-to-node=\"13,2,0\"><b data-path-to-node=\"13,2,0\" data-index-in-node=\"0\">Tukeva ja turvallinen rakenne:<\/b> Vahva rautarunko kest\u00e4\u00e4 jopa <b data-path-to-node=\"13,2,0\" data-index-in-node=\"70\">120 kg painon<\/b>. Leve\u00e4t jalat takaavat vakauden jopa ep\u00e4tasaisella nurmikolla tai kasvimaalla. Kaksi sivulukitusta est\u00e4v\u00e4t penkin odottamattoman kokoonpainumisen ty\u00f6skentelyn aikana.  <\/p>\n<\/li>\n<li>\n<p data-path-to-node=\"13,3,0\"><b data-path-to-node=\"13,3,0\" data-index-in-node=\"0\">Helppo s\u00e4ilytt\u00e4\u00e4 ja kuljettaa:<\/b> \u00c4lykk\u00e4\u00e4n kokoontaitettavan muotoilun ansiosta penkki vie vajassa tai autotallissa minimaalisesti tilaa, ja sit\u00e4 on eritt\u00e4in helppo kantaa paikasta toiseen.<\/p>\n<\/li>\n<\/ul>\n<p data-path-to-node=\"14\"><b data-path-to-node=\"14\" data-index-in-node=\"0\">Tekniset tiedot:<\/b><\/p>\n<ul data-path-to-node=\"15\">\n<li>\n<p data-path-to-node=\"15,0,0\"><b data-path-to-node=\"15,0,0\" data-index-in-node=\"0\">Ominaisuudet:<\/b> 3-in-1-muotoilu (polvistumispenkki, istuin\/tuoli, ty\u00f6kalupidike)<\/p>\n<\/li>\n<li>\n<p data-path-to-node=\"15,1,0\"><b data-path-to-node=\"15,1,0\" data-index-in-node=\"0\">Maksimaalinen kantavuus:<\/b> 120 kg<\/p>\n<\/li>\n<li>\n<p data-path-to-node=\"15,2,0\"><b data-path-to-node=\"15,2,0\" data-index-in-node=\"0\">Materiaalit:<\/b> Luja rauta (runko), EVA-vaahto (istuin), 600D Oxford-kangas + polyesteri (ty\u00f6kalupussi)<\/p>\n<\/li>\n<li>\n<p data-path-to-node=\"15,3,0\"><b data-path-to-node=\"15,3,0\" data-index-in-node=\"0\">Mitat avattuna:<\/b> 59 x 48 x 27 cm<\/p>\n<\/li>\n<li>\n<p data-path-to-node=\"15,4,0\"><b data-path-to-node=\"15,4,0\" data-index-in-node=\"0\">Mitat taitettuna:<\/b> 58 x 11,5 x 28 cm<\/p>\n<\/li>\n<li>\n<p data-path-to-node=\"15,5,0\"><b data-path-to-node=\"15,5,0\" data-index-in-node=\"0\">Istuimen mitat:<\/b> 41 x 16 cm<\/p>\n<\/li>\n<li>\n<p data-path-to-node=\"15,6,0\"><b data-path-to-node=\"15,6,0\" data-index-in-node=\"0\">Paino:<\/b> 2,65 kg<\/p>\n<\/li>\n<\/ul>\n<p data-path-to-node=\"16\"><b data-path-to-node=\"16\" data-index-in-node=\"0\">Pakkaus sis\u00e4lt\u00e4\u00e4:<\/b><\/p>\n<ul data-path-to-node=\"17\">\n<li>\n<p data-path-to-node=\"17,0,0\">1x Kokoontaitettava puutarhan polvialusta\/istuin<\/p>\n<\/li>\n<li>\n<p data-path-to-node=\"17,1,0\">1x Ty\u00f6kalutasku<\/p>\n<\/li>\n<li>\n<p data-path-to-node=\"17,2,0\">3x Aiat\u00f6\u00f6riista (k\u00fchvel 25&#215;8,5 cm, kobesti 22&#215;8 cm, hark 22,7&#215;7,3 cm)<\/p>\n<\/li>\n<\/ul>\n<blockquote data-path-to-node=\"18\">\n<p data-path-to-node=\"18,0\"><b data-path-to-node=\"18,0\" data-index-in-node=\"0\">Turvallisuus ja huolto:<\/b> Ty\u00f6turvallisuuden varmistamiseksi aseta penkki aina tasaiselle alustalle ja poista istuin- tai polvistumisalueelta suuret kivet tai oksat. \u00c4l\u00e4 ylit\u00e4 maksimaalista kantavuutta (120 kg). Pitk\u00e4n k\u00e4ytt\u00f6i\u00e4n takaamiseksi s\u00e4ilyt\u00e4 tuotetta kuivassa paikassa ja tarkista sen tekninen kunto s\u00e4\u00e4nn\u00f6llisesti.  <\/p>\n<\/blockquote>\n","protected":false},"excerpt":{"rendered":"<p>Kokoontaitettava Puutarhan Polvialusta ja Puutarhatuoli GARDLOV (4-in-1-setti) Puutarhanhoidon ei tarvitse tarkoittaa selk\u00e4kipuja ja kankeita polvia! T\u00e4m\u00e4 monipuolinen ja kest\u00e4v\u00e4 GARDLOV-polvialusta on suunniteltu tekem\u00e4\u00e4n kitkemisest\u00e4, istuttamisesta ja hoitot\u00f6ist\u00e4 todella nautinnollista. Kyseess\u00e4 on \u00e4lyk\u00e4s 4-in-1-ratkaisu: k\u00e4yt\u00e4 sit\u00e4 pehme\u00e4n\u00e4 polvistumispenkkin\u00e4 tai k\u00e4\u00e4nn\u00e4 se ymp\u00e4ri, jolloin k\u00e4yt\u00f6ss\u00e4si on mukava puutarhatuoli. Lis\u00e4ksi settiin kuuluu tilava ty\u00f6kalutasku sek\u00e4 kolme t\u00e4rke\u00e4\u00e4 puutarhaty\u00f6kalua. [&hellip;]<\/p>\n","protected":false},"featured_media":57652,"template":"","meta":{"_acf_changed":false,"_seopress_robots_primary_cat":"none","_seopress_titles_title":"Kokoontaitettava puutarhan polvialusta ja puutarhatuoli ty\u00f6kaluilla | Agrozone.ee","_seopress_titles_desc":"S\u00e4\u00e4st\u00e4 selk\u00e4\u00e4si ja polviasi! Kokoontaitettava 4-in-1 GARDLOV puutarhan polvialusta ja puutarhatuoli ty\u00f6kaluilla sek\u00e4 k\u00e4tev\u00e4ll\u00e4 taskulla. Tilaa luotettava apulainen Agrozoni'sta!  ","_seopress_robots_index":"","_gspb_post_css":""},"product_brand":[],"product_cat":[2392,2363,2364],"product_tag":[],"class_list":{"0":"post-57658","1":"product","2":"type-product","3":"status-publish","4":"has-post-thumbnail","6":"product_cat-kaikki-luokat","7":"product_cat-puutarhatarvikkeet","8":"product_cat-puutarhatyokalut","10":"first","11":"instock","12":"featured","13":"taxable","14":"shipping-taxable","15":"purchasable","16":"product-type-simple"},"ct_brands":[],"acf":[],"_links":{"self":[{"href":"https:\/\/agrozone.ee\/fi\/wp-json\/wp\/v2\/product\/57658","targetHints":{"allow":["GET"]}}],"collection":[{"href":"https:\/\/agrozone.ee\/fi\/wp-json\/wp\/v2\/product"}],"about":[{"href":"https:\/\/agrozone.ee\/fi\/wp-json\/wp\/v2\/types\/product"}],"wp:featuredmedia":[{"embeddable":true,"href":"https:\/\/agrozone.ee\/fi\/wp-json\/wp\/v2\/media\/57652"}],"wp:attachment":[{"href":"https:\/\/agrozone.ee\/fi\/wp-json\/wp\/v2\/media?parent=57658"}],"wp:term":[{"taxonomy":"product_brand","embeddable":true,"href":"https:\/\/agrozone.ee\/fi\/wp-json\/wp\/v2\/product_brand?post=57658"},{"taxonomy":"product_cat","embeddable":true,"href":"https:\/\/agrozone.ee\/fi\/wp-json\/wp\/v2\/product_cat?post=57658"},{"taxonomy":"product_tag","embeddable":true,"href":"https:\/\/agrozone.ee\/fi\/wp-json\/wp\/v2\/product_tag?post=57658"}],"curies":[{"name":"wp","href":"https:\/\/api.w.org\/{rel}","templated":true}]}}