{"id":57684,"date":"2026-02-23T10:58:43","date_gmt":"2026-02-23T08:58:43","guid":{"rendered":"https:\/\/agrozone.ee\/toode\/oljyretikka-1-kg\/"},"modified":"2026-02-23T10:58:43","modified_gmt":"2026-02-23T08:58:43","slug":"oljyretikka-1-kg","status":"publish","type":"product","link":"https:\/\/agrozone.ee\/fi\/tuote\/oljyretikka-1-kg\/","title":{"rendered":"\u00d6ljyretikka 1 kg"},"content":{"rendered":"<p data-path-to-node=\"14,0\"><b data-path-to-node=\"14,0\" data-index-in-node=\"0\">\u00d6ljyretikka (1 kg) \u2013 Nopeakasvuinen &#8220;maaper\u00e4tohtori&#8221; ja luonnollinen tuholaistorjunta<\/b><\/p>\n<p data-path-to-node=\"14,1\">\u00d6ljyretikka on puutarhureiden keskuudessa eritt\u00e4in arvostettu nopeakasvuisuutensa ja maaper\u00e4\u00e4 \u201dpuhdistavan\u201d kykyns\u00e4 ansiosta. Jos puutarhassasi on ongelmia maan v\u00e4symisen tai tuholaisten kanssa, \u00f6ljyretikka on ihanteellinen valinta. <\/p>\n<p data-path-to-node=\"14,2\"><b data-path-to-node=\"14,2\" data-index-in-node=\"0\">\u00d6ljyretikan t\u00e4rkeimm\u00e4t edut:<\/b><\/p>\n<ul data-path-to-node=\"14,3\">\n<li>\n<p data-path-to-node=\"14,3,0,0\"><b data-path-to-node=\"14,3,0,0\" data-index-in-node=\"0\">Tuholaisten karkottaja:<\/b> Auttaa v\u00e4hent\u00e4m\u00e4\u00e4n ankkeriaiden (maaper\u00e4ss\u00e4 el\u00e4vien kovakuoriaisten toukkien) ja muiden tuholaisten m\u00e4\u00e4r\u00e4\u00e4.<\/p>\n<\/li>\n<li>\n<p data-path-to-node=\"14,3,1,0\"><b data-path-to-node=\"14,3,1,0\" data-index-in-node=\"0\">Nopea biomassa:<\/b> Peitt\u00e4\u00e4 maan nopeasti tihe\u00e4ll\u00e4 lehv\u00e4st\u00f6ll\u00e4, est\u00e4en rikkaruohojen levi\u00e4mist\u00e4 ja s\u00e4ilytt\u00e4en kosteutta.<\/p>\n<\/li>\n<li>\n<p data-path-to-node=\"14,3,2,0\"><b data-path-to-node=\"14,3,2,0\" data-index-in-node=\"0\">Syv\u00e4kuohkeutus:<\/b> Vahva paalujuuri tunkeutuu syv\u00e4lle maahan rikkoen tiiviit\u00e4 kerroksia ja parantaen vedenl\u00e4p\u00e4isy\u00e4.<\/p>\n<\/li>\n<li>\n<p data-path-to-node=\"14,3,3,0\"><b data-path-to-node=\"14,3,3,0\" data-index-in-node=\"0\">Kylm\u00e4nkest\u00e4vyys:<\/b> Kasvi siet\u00e4\u00e4 pient\u00e4 pakkasta ja jatkaa maaper\u00e4n rikastamista aina pysyvien pakkasten tuloon asti.<\/p>\n<\/li>\n<\/ul>\n<p data-path-to-node=\"14,4\"><b data-path-to-node=\"14,4\" data-index-in-node=\"0\">K\u00e4ytt\u00f6:<\/b> Sopii kylvett\u00e4v\u00e4ksi koko kes\u00e4n ajan alkusyksyyn saakka. 1 kg siemeni\u00e4 riitt\u00e4\u00e4 huomattavalle alalle kotipuutarhassasi tai pellollasi. <\/p>\n","protected":false},"excerpt":{"rendered":"<p>\u00d6ljyretikka (1 kg) \u2013 Nopeakasvuinen &#8220;maaper\u00e4tohtori&#8221; ja luonnollinen tuholaistorjunta \u00d6ljyretikka on puutarhureiden keskuudessa eritt\u00e4in arvostettu nopeakasvuisuutensa ja maaper\u00e4\u00e4 \u201dpuhdistavan\u201d kykyns\u00e4 ansiosta. Jos puutarhassasi on ongelmia maan v\u00e4symisen tai tuholaisten kanssa, \u00f6ljyretikka on ihanteellinen valinta. \u00d6ljyretikan t\u00e4rkeimm\u00e4t edut: Tuholaisten karkottaja: Auttaa v\u00e4hent\u00e4m\u00e4\u00e4n ankkeriaiden (maaper\u00e4ss\u00e4 el\u00e4vien kovakuoriaisten toukkien) ja muiden tuholaisten m\u00e4\u00e4r\u00e4\u00e4. Nopea biomassa: Peitt\u00e4\u00e4 maan nopeasti [&hellip;]<\/p>\n","protected":false},"featured_media":57683,"template":"","meta":{"_acf_changed":false,"_seopress_robots_primary_cat":"none","_seopress_titles_title":"\u00d6ljyretikka 1 kg \u2013 Tehokas viherlannoite ja tuholaistorjunta | Agrozone","_seopress_titles_desc":"\u00d6ljyretikka (1 kg) on nopeakasvuinen v\u00e4likasvi, joka torjuu tuholaisia ja parantaa maaper\u00e4n terveytt\u00e4. Ihanteellinen viherlannoite jokaiseen puutarhaan. Tilaa Agrozone.ee-verkkokaupasta!  ","_seopress_robots_index":"","_gspb_post_css":""},"product_brand":[],"product_cat":[2444,2392,2399],"product_tag":[],"class_list":{"0":"post-57684","1":"product","2":"type-product","3":"status-publish","4":"has-post-thumbnail","6":"product_cat-hunajakasvit-ja-valiviljelykasvit","7":"product_cat-kaikki-luokat","8":"product_cat-siemenet","10":"first","11":"instock","12":"taxable","13":"shipping-taxable","14":"purchasable","15":"product-type-simple"},"ct_brands":[],"acf":[],"_links":{"self":[{"href":"https:\/\/agrozone.ee\/fi\/wp-json\/wp\/v2\/product\/57684","targetHints":{"allow":["GET"]}}],"collection":[{"href":"https:\/\/agrozone.ee\/fi\/wp-json\/wp\/v2\/product"}],"about":[{"href":"https:\/\/agrozone.ee\/fi\/wp-json\/wp\/v2\/types\/product"}],"wp:featuredmedia":[{"embeddable":true,"href":"https:\/\/agrozone.ee\/fi\/wp-json\/wp\/v2\/media\/57683"}],"wp:attachment":[{"href":"https:\/\/agrozone.ee\/fi\/wp-json\/wp\/v2\/media?parent=57684"}],"wp:term":[{"taxonomy":"product_brand","embeddable":true,"href":"https:\/\/agrozone.ee\/fi\/wp-json\/wp\/v2\/product_brand?post=57684"},{"taxonomy":"product_cat","embeddable":true,"href":"https:\/\/agrozone.ee\/fi\/wp-json\/wp\/v2\/product_cat?post=57684"},{"taxonomy":"product_tag","embeddable":true,"href":"https:\/\/agrozone.ee\/fi\/wp-json\/wp\/v2\/product_tag?post=57684"}],"curies":[{"name":"wp","href":"https:\/\/api.w.org\/{rel}","templated":true}]}}