{"id":57686,"date":"2026-02-23T10:56:27","date_gmt":"2026-02-23T08:56:27","guid":{"rendered":"https:\/\/agrozone.ee\/toode\/ruis-1-kg\/"},"modified":"2026-02-23T10:56:27","modified_gmt":"2026-02-23T08:56:27","slug":"ruis-1-kg","status":"publish","type":"product","link":"https:\/\/agrozone.ee\/fi\/tuote\/ruis-1-kg\/","title":{"rendered":"Ruis 1 kg"},"content":{"rendered":"<p data-path-to-node=\"8,0\"><b data-path-to-node=\"8,0\" data-index-in-node=\"0\">Ruis (1 kg) \u2013 Puutarhasi luonnollinen maanparantaja ja talvisuoja<\/b><\/p>\n<p data-path-to-node=\"8,1\">Haluatko, ett\u00e4 puutarhasi multa on kev\u00e4\u00e4ll\u00e4 kuohkeaa, ravinteikasta ja rikkaruohotonta? Ruis on yksi tehokkaimmista Virossa k\u00e4ytett\u00e4vist\u00e4 v\u00e4likasveista. T\u00e4m\u00e4 syksyll\u00e4 kylvett\u00e4v\u00e4 viherlannoite kasvattaa voimakkaan juuriston, joka kuohkeuttaa maata syv\u00e4lt\u00e4 ja est\u00e4\u00e4 arvokkaiden ravinteiden huuhtoutumisen talvisateiden mukana.  <\/p>\n<p data-path-to-node=\"8,2\"><b data-path-to-node=\"8,2\" data-index-in-node=\"0\">Miksi valita ruis omaan puutarhaan?<\/b><\/p>\n<ul data-path-to-node=\"8,3\">\n<li>\n<p data-path-to-node=\"8,3,0,0\"><b data-path-to-node=\"8,3,0,0\" data-index-in-node=\"0\">Rikkakasvien torjunta:<\/b> Ruis on tunnettu allelopaattisista ominaisuuksistaan \u2013 se est\u00e4\u00e4 luonnollisesti monien rikkakasvien it\u00e4mist\u00e4.<\/p>\n<\/li>\n<li>\n<p data-path-to-node=\"8,3,1,0\"><b data-path-to-node=\"8,3,1,0\" data-index-in-node=\"0\">Maaper\u00e4n rakenne:<\/b> Voimakas juuristo tekee raskaastakin savimaasta ilmavampaa.<\/p>\n<\/li>\n<li>\n<p data-path-to-node=\"8,3,2,0\"><b data-path-to-node=\"8,3,2,0\" data-index-in-node=\"0\">Orgaaninen aines:<\/b> Kev\u00e4\u00e4ll\u00e4 maahan muokattuna ruis lis\u00e4\u00e4 runsaasti humusta, joka toimii ravintona seuraaville viljelykasveillesi.<\/p>\n<\/li>\n<\/ul>\n<p data-path-to-node=\"8,4\"><b data-path-to-node=\"8,4\" data-index-in-node=\"0\">Kylv\u00f6suositus:<\/b> Kylv\u00e4 elokuun lopusta lokakuun alkuun. Sopii erinomaisesti tyhjiksi j\u00e4\u00e4neiden kasvimaapenkkien peitt\u00e4miseen. <\/p>\n","protected":false},"excerpt":{"rendered":"<p>Ruis (1 kg) \u2013 Puutarhasi luonnollinen maanparantaja ja talvisuoja Haluatko, ett\u00e4 puutarhasi multa on kev\u00e4\u00e4ll\u00e4 kuohkeaa, ravinteikasta ja rikkaruohotonta? Ruis on yksi tehokkaimmista Virossa k\u00e4ytett\u00e4vist\u00e4 v\u00e4likasveista. T\u00e4m\u00e4 syksyll\u00e4 kylvett\u00e4v\u00e4 viherlannoite kasvattaa voimakkaan juuriston, joka kuohkeuttaa maata syv\u00e4lt\u00e4 ja est\u00e4\u00e4 arvokkaiden ravinteiden huuhtoutumisen talvisateiden mukana. Miksi valita ruis omaan puutarhaan? Rikkakasvien torjunta: Ruis on tunnettu allelopaattisista [&hellip;]<\/p>\n","protected":false},"featured_media":57685,"template":"","meta":{"_acf_changed":false,"_seopress_robots_primary_cat":"none","_seopress_titles_title":"Ruis 1 kg \u2013 Paras viherlannoite ja maanparantaja | Agrozone","_seopress_titles_desc":"Osta laadukasta ruista viherlannoitteeksi (1 kg). Parantaa maan rakennetta, tukahduttaa rikkaruohoja ja valmistaa puutarhan uuteen kauteen. Nopea toimitus Agrozone.ee-st\u00e4!  ","_seopress_robots_index":"","_gspb_post_css":""},"product_brand":[],"product_cat":[2444,2392,2399],"product_tag":[],"class_list":{"0":"post-57686","1":"product","2":"type-product","3":"status-publish","4":"has-post-thumbnail","6":"product_cat-hunajakasvit-ja-valiviljelykasvit","7":"product_cat-kaikki-luokat","8":"product_cat-siemenet","10":"first","11":"instock","12":"taxable","13":"shipping-taxable","14":"purchasable","15":"product-type-simple"},"ct_brands":[],"acf":[],"_links":{"self":[{"href":"https:\/\/agrozone.ee\/fi\/wp-json\/wp\/v2\/product\/57686","targetHints":{"allow":["GET"]}}],"collection":[{"href":"https:\/\/agrozone.ee\/fi\/wp-json\/wp\/v2\/product"}],"about":[{"href":"https:\/\/agrozone.ee\/fi\/wp-json\/wp\/v2\/types\/product"}],"wp:featuredmedia":[{"embeddable":true,"href":"https:\/\/agrozone.ee\/fi\/wp-json\/wp\/v2\/media\/57685"}],"wp:attachment":[{"href":"https:\/\/agrozone.ee\/fi\/wp-json\/wp\/v2\/media?parent=57686"}],"wp:term":[{"taxonomy":"product_brand","embeddable":true,"href":"https:\/\/agrozone.ee\/fi\/wp-json\/wp\/v2\/product_brand?post=57686"},{"taxonomy":"product_cat","embeddable":true,"href":"https:\/\/agrozone.ee\/fi\/wp-json\/wp\/v2\/product_cat?post=57686"},{"taxonomy":"product_tag","embeddable":true,"href":"https:\/\/agrozone.ee\/fi\/wp-json\/wp\/v2\/product_tag?post=57686"}],"curies":[{"name":"wp","href":"https:\/\/api.w.org\/{rel}","templated":true}]}}