{"id":57980,"date":"2026-04-07T14:15:14","date_gmt":"2026-04-07T12:15:14","guid":{"rendered":"https:\/\/agrozone.ee\/?post_type=product&#038;p=57980"},"modified":"2026-04-07T14:15:17","modified_gmt":"2026-04-07T12:15:17","slug":"kaasaskantav-tualett","status":"publish","type":"product","link":"https:\/\/agrozone.ee\/fi\/tuote\/kaasaskantav-tualett\/","title":{"rendered":"Kaasaskantav Tualett"},"content":{"rendered":"<h2 data-path-to-node=\"11\">Kaasaskantav Tualett Trizand \u2013 Mugavus ja H\u00fcgieen Igas Olukorras<\/h2>\n<p data-path-to-node=\"12\"><b data-path-to-node=\"12\" data-index-in-node=\"0\">Trizand modulaarne matkak\u00e4imla<\/b> on praktiline ja funktsionaalne lahendus, mis tagab mugavuse nii reisil, telkimas, suvilas kui ka ootamatutes h\u00e4daolukordades. Kahest eraldiseisvast paagist (vee- ja j\u00e4\u00e4tmepaak) koosnev s\u00fcsteem garanteerib maksimaalse h\u00fcgieeni ja ebameeldivate l\u00f5hnade puudumise olenemata sinu asukohast.<\/p>\n<h3 data-path-to-node=\"13\">Toote peamised eelised:<\/h3>\n<ul data-path-to-node=\"14\">\n<li>\n<p data-path-to-node=\"14,0,0\"><b data-path-to-node=\"14,0,0\" data-index-in-node=\"0\">12-liitrine veepaak ja t\u00f5hus loputuss\u00fcsteem:<\/b> \u00dclemine osa toimib veepaagina, mis v\u00f5imaldab j\u00e4\u00e4tmeid mitmeid kordi loputada. Loputusvesi juhitakse sisse vasakul asuva manuaalse pumba abil. T\u00e4nu suurele tsentraalsele avale ja liikuvale klapile liiguvad j\u00e4\u00e4tmed sujuvalt alumisse paaki, hoides \u00e4ra ebameeldivate l\u00f5hnade leviku. Paremal k\u00fcljel asub mugav keeratav ava vee ja sanitaarvedelike lisamiseks.<\/p>\n<\/li>\n<li>\n<p data-path-to-node=\"14,1,0\"><b data-path-to-node=\"14,1,0\" data-index-in-node=\"0\">Mahukas ja lekkekindel 20-liitrine j\u00e4\u00e4tmepaak:<\/b> Alumine osa on disainitud pikemaks kasutuseks ilma pideva t\u00fchjendamise vajaduseta. Paak on tihedalt suletav ning varustatud silikoongeeliga kaetud luugiga, mis v\u00e4listab lekked. T\u00fchjendamine on muudetud \u00e4\u00e4rmiselt h\u00fcgieeniliseks t\u00e4nu taga asuvale tihendatud korgiga \u00e4ravooluavale ja mugavale kandesangale.<\/p>\n<\/li>\n<li>\n<p data-path-to-node=\"14,2,0\"><b data-path-to-node=\"14,2,0\" data-index-in-node=\"0\">Kompaktne disain ja suur kandev\u00f5ime:<\/b> Vaid 4,3 kg kaaluv portatiivne WC on lihtsalt transporditav ja ladustatav. Vaatamata oma kergusele on tualett \u00e4\u00e4rmiselt stabiilne ja talub koormust kuni <b data-path-to-node=\"14,2,0\" data-index-in-node=\"190\">150 kg<\/b>. Kvaliteetsest HDPE materjalist valmistatud korpus on vastupidav mehaanilistele vigastustele ja ilmastikutingimustele.<\/p>\n<\/li>\n<\/ul>\n<h3 data-path-to-node=\"15\">Universaalne kasutusv\u00f5imalus<\/h3>\n<p data-path-to-node=\"16\">See kaasaskantav tualett on asendamatu abimees mitmetes olukordades. See sobib ideaalselt matkamiseks, paatidesse, haagissuvilatesse v\u00f5i ehitusplatsidele. Samuti on see elup\u00e4\u00e4stjaks koduste kanalisatsioonirikete korral v\u00f5i kohtades, kus puudub ligip\u00e4\u00e4s statsionaarsele tualetile.<\/p>\n<h3 data-path-to-node=\"17\">Tehnilised andmed:<\/h3>\n<ul data-path-to-node=\"18\">\n<li>\n<p data-path-to-node=\"18,0,0\"><b data-path-to-node=\"18,0,0\" data-index-in-node=\"0\">V\u00e4rvus:<\/b> Hall<\/p>\n<\/li>\n<li>\n<p data-path-to-node=\"18,1,0\"><b data-path-to-node=\"18,1,0\" data-index-in-node=\"0\">Materjal:<\/b> HDPE, ABS, PP, kumm<\/p>\n<\/li>\n<li>\n<p data-path-to-node=\"18,2,0\"><b data-path-to-node=\"18,2,0\" data-index-in-node=\"0\">J\u00e4\u00e4tmepaagi maht:<\/b> 20 liitrit<\/p>\n<\/li>\n<li>\n<p data-path-to-node=\"18,3,0\"><b data-path-to-node=\"18,3,0\" data-index-in-node=\"0\">Veepaagi maht:<\/b> 12 liitrit<\/p>\n<\/li>\n<li>\n<p data-path-to-node=\"18,4,0\"><b data-path-to-node=\"18,4,0\" data-index-in-node=\"0\">Maksimaalne kandev\u00f5ime:<\/b> 150 kg<\/p>\n<\/li>\n<li>\n<p data-path-to-node=\"18,5,0\"><b data-path-to-node=\"18,5,0\" data-index-in-node=\"0\">M\u00f5\u00f5dud:<\/b> 42,5 x 34,5 x 43 cm<\/p>\n<\/li>\n<li>\n<p data-path-to-node=\"18,6,0\"><b data-path-to-node=\"18,6,0\" data-index-in-node=\"0\">Sisemise istumisosa l\u00e4bim\u00f5\u00f5t:<\/b> 25,5 x 22 cm<\/p>\n<\/li>\n<li>\n<p data-path-to-node=\"18,7,0\"><b data-path-to-node=\"18,7,0\" data-index-in-node=\"0\">Kaal:<\/b> 4,3 kg (koos pakendiga 5,1 kg)<\/p>\n<\/li>\n<\/ul>\n<h3 data-path-to-node=\"19\">Puhastamine ja hooldus<\/h3>\n<p data-path-to-node=\"20\">Matkak\u00e4imlate puhul soovitame kasutada spetsiaalseid sanitaarvedelikke, mis aitavad s\u00e4ilitada h\u00fcgieeni, lagundada j\u00e4\u00e4tmeid ja k\u00f5rvaldada ebameeldivaid l\u00f5hnu. Puhastage ja desinfitseerige tualetti regulaarselt, et v\u00e4ltida bakterite levikut. Kontrollige aeg-ajalt tihendeid ja liitmikke, et tagada s\u00fcsteemi t\u00e4ielik lekkekindlus.<\/p>\n<blockquote data-path-to-node=\"21\">\n<p data-path-to-node=\"21,0\"><b data-path-to-node=\"21,0\" data-index-in-node=\"0\">T\u00e4htsad ohutusjuhised:<\/b> &gt; * Kasutage toodet ainult etten\u00e4htud otstarbel.<\/p>\n<ul data-path-to-node=\"21,1\">\n<li>\n<p data-path-to-node=\"21,1,0,0\">Asetage tualett alati tasasele ja stabiilsele pinnale. Ebatasasel pinnal kasutamine v\u00f5ib p\u00f5hjustada \u00fcmberminekut.<\/p>\n<\/li>\n<li>\n<p data-path-to-node=\"21,1,1,0\">Istuge alati prill-lauale. Otse loputuspaagi \u00e4\u00e4rel istumine v\u00f5ib tualetti kahjustada.<\/p>\n<\/li>\n<li>\n<p data-path-to-node=\"21,1,2,0\">Tualeti peal seismine v\u00f5i sellele n\u00f5jatumine on keelatud.<\/p>\n<\/li>\n<li>\n<p data-path-to-node=\"21,1,3,0\">\u00c4rge kasutage tualetti, kui m\u00e4rkate vigastusi \u2013 parandage v\u00f5i asendage kulunud osad enne j\u00e4rgmist kasutuskorda.<\/p>\n<\/li>\n<\/ul>\n<\/blockquote>\n","protected":false},"excerpt":{"rendered":"<p>Kaasaskantav Tualett Trizand \u2013 Mugavus ja H\u00fcgieen Igas Olukorras Trizand modulaarne matkak\u00e4imla on praktiline ja funktsionaalne lahendus, mis tagab mugavuse nii reisil, telkimas, suvilas kui ka ootamatutes h\u00e4daolukordades. Kahest eraldiseisvast paagist (vee- ja j\u00e4\u00e4tmepaak) koosnev s\u00fcsteem garanteerib maksimaalse h\u00fcgieeni ja ebameeldivate l\u00f5hnade puudumise olenemata sinu asukohast. Toote peamised eelised: 12-liitrine veepaak ja t\u00f5hus loputuss\u00fcsteem: \u00dclemine [&hellip;]<\/p>\n","protected":false},"featured_media":57983,"template":"","meta":{"_acf_changed":false,"_seopress_robots_primary_cat":"","_seopress_titles_title":"Kaasaskantav tualett Trizand 24498 (20L) | Matka WC | Agrozone","_seopress_titles_desc":"Otsid mugavat lahendust matkale v\u00f5i suvilasse? Kompaktne ja lekkekindel kaasaskantav tualett Trizand (20L j\u00e4\u00e4tmepaak). Telli mugavalt Agrozone e-poest!","_seopress_robots_index":"","_gspb_post_css":""},"product_brand":[],"product_cat":[149,15],"product_tag":[],"class_list":{"0":"post-57980","1":"product","2":"type-product","3":"status-publish","4":"has-post-thumbnail","6":"product_cat-aiatarvikud","7":"product_cat-koik-kategooriad","9":"first","10":"instock","11":"taxable","12":"shipping-taxable","13":"purchasable","14":"product-type-simple"},"ct_brands":[],"acf":[],"_links":{"self":[{"href":"https:\/\/agrozone.ee\/fi\/wp-json\/wp\/v2\/product\/57980","targetHints":{"allow":["GET"]}}],"collection":[{"href":"https:\/\/agrozone.ee\/fi\/wp-json\/wp\/v2\/product"}],"about":[{"href":"https:\/\/agrozone.ee\/fi\/wp-json\/wp\/v2\/types\/product"}],"wp:featuredmedia":[{"embeddable":true,"href":"https:\/\/agrozone.ee\/fi\/wp-json\/wp\/v2\/media\/57983"}],"wp:attachment":[{"href":"https:\/\/agrozone.ee\/fi\/wp-json\/wp\/v2\/media?parent=57980"}],"wp:term":[{"taxonomy":"product_brand","embeddable":true,"href":"https:\/\/agrozone.ee\/fi\/wp-json\/wp\/v2\/product_brand?post=57980"},{"taxonomy":"product_cat","embeddable":true,"href":"https:\/\/agrozone.ee\/fi\/wp-json\/wp\/v2\/product_cat?post=57980"},{"taxonomy":"product_tag","embeddable":true,"href":"https:\/\/agrozone.ee\/fi\/wp-json\/wp\/v2\/product_tag?post=57980"}],"curies":[{"name":"wp","href":"https:\/\/api.w.org\/{rel}","templated":true}]}}